{"id":624,"date":"2020-08-25T15:03:47","date_gmt":"2020-09-25T08:26:14","guid":{"rendered":"https:\/\/www.nt-press.com\/?post_type=product&#038;p=624"},"modified":"2022-05-03T01:02:22","modified_gmt":"2022-05-03T01:02:22","slug":"lichtstrahl-in-die-dunkelkammer-des-expertenrats-mohsen-kadivar","status":"publish","type":"product","link":"https:\/\/nt-press.com\/de\/produkt\/lichtstrahl-in-die-dunkelkammer-des-expertenrats-mohsen-kadivar\/","title":{"rendered":"Lichtstrahl in die Dunkelkammer des Expertenrats | Mohsen Kadivar"},"content":{"rendered":"<table style=\"font-size: 14.4px;\">\n<tbody>\n<tr>\n<th style=\"text-align: left;\"><span style=\"color: #800000;\">Titel<\/span><\/th>\n<th style=\"text-align: left;\">Lichtstrahl in die Dunkelkammer des Expertenrats<\/th>\n<\/tr>\n<tr>\n<th style=\"text-align: left;\"><\/th>\n<th style=\"text-align: left;\">Von einer Aufsicht, die im Keim erstickt wurde und einer Trag\u00f6die der Trennung religi\u00f6ser Autorit\u00e4ten1 von der F\u00fchrung! (1982-1989)<\/th>\n<\/tr>\n<tr>\n<td style=\"text-align: right;\"><\/td>\n<td><strong>\u00d6ffentliche Anklage gegen den Expertenrat und die F\u00fchrer der Islamischen Republik Iran<\/strong><br \/>\n<strong>(1982-1992)<\/strong><br \/>\n<strong>Band I<\/strong><\/td>\n<\/tr>\n<tr>\n<td style=\"text-align: left;\"><span style=\"color: #800000;\">Verfasser<\/span><\/td>\n<td>Mohsen Kadivar<\/td>\n<\/tr>\n<tr>\n<td style=\"text-align: left;\"><span style=\"color: #800000;\">Auflage<\/span><\/td>\n<td>1.<\/td>\n<\/tr>\n<tr>\n<td style=\"text-align: left;\"><span style=\"color: #800000;\">Seiten<\/span><\/td>\n<td>386<\/td>\n<\/tr>\n<tr>\n<td style=\"text-align: left;\"><span style=\"color: #800000;\">Format<\/span><\/td>\n<td>17 x 24 cm<\/td>\n<\/tr>\n<tr>\n<td style=\"text-align: left;\"><span style=\"color: #800000;\">Sprache<\/span><\/td>\n<td>Persisch (Farsi)<\/td>\n<\/tr>\n<tr>\n<td style=\"text-align: left;\"><span style=\"color: #800000;\">Erscheinungsjahr<\/span><\/td>\n<td>2020<\/td>\n<\/tr>\n<tr>\n<td style=\"text-align: left;\"><span style=\"color: #800000;\">ISBN<\/span><\/td>\n<td>978-3-948894-03-0<\/td>\n<\/tr>\n<tr>\n<td style=\"text-align: left;\"><span style=\"color: #800000;\">Verlag<\/span><\/td>\n<td>New Thought PRESS<\/td>\n<\/tr>\n<\/tbody>\n<\/table>\n<p><em><strong>kurze Zusammenfassung:<\/strong><\/em><br \/>\nDer \u201eRat der Weisen der F\u00fchrung\u201c als Institution des Grundgesetzes hat die 3 wichtigen Aufgaben der Wahl, der Aufsicht und Absetzung des F\u00fchrers der Islamischen Republik inne. Diese Institution ist jedoch eine Dunkelkammer\/Schattenkabinett, denn die Vorlagen, Verhandlungen und Entscheidungen werden vor der Allgemeinheit geheim gehalten. Dieses Buch, als erster Teil eines Misstrauensantrags gegen Mitglieder des Rates und die F\u00fchrer der Islamischen Republik, bem\u00fcht sich, mit Hilfe von Dokumenten aus erster Hand, Licht in diese Dunkelkammer zu werfen.<br \/>\nIm ersten Kapitel werden die Bestimmungen, Kommissionen und die allgemeine Arbeitsweise dieses hohen Rates einer kritischen Analyse unterzogen.<br \/>\nDer Titel des 2. Kapitels lautet: Im Keim erstickte Aufsicht der Weisen \u00fcber die F\u00fchrung. Der Expertenrat verabschiedete im Jahr 1983 Vorgaben zum Paragraphen 111 des Grundgesetzes und sah eine Kommission bestehend aus 7 Personen vor, die f\u00fcr 2 Jahre gew\u00e4hlt werden und als Untersuchungsausschuss die Aufgabe der Aufsicht \u00fcber die F\u00fchrung des Landes versehen sollte. Dieser Untersuchungsausschuss ist das erste Gremium in der Geschichte des Landes, das die erste Person des Landes beaufsichtigen sollte. Die Verabschiedung der Bestimmungen des Paragraphen 111 sehen das Recht der Aufsicht, des Misstrauensantrags und der Absetzung der F\u00fchrung vor und stellt trotz seiner zahlreichen M\u00e4ngel eine gro\u00dfe Errungenschaft in der Geschichte dieses Gremiums dar. Der Untersuchungsausschuss konnte nur einmal mit Herrn Khomeini zusammentreffen.<br \/>\nHerr Khomeini unterst\u00fctzte zwar offiziell die Arbeit des Ausschusses, der Sprecher des Gremiums verk\u00fcndete jedoch im Jahre 1984, dass die Arbeit des Ausschusses gestoppt worden sei.<br \/>\nHerr Khomeini hatte in der Zeit vor der Revolution das wunderbare Bild von der Rolle der Masse der Muslime bei der Wahl oder Absetzung des F\u00fchrers entworfen. Er war mit diesen fortschrittlichen Ansichten F\u00fchrer der Revolution geworden. In der Praxis entzog er sich jedoch jeglicher Kooperation mit dem Untersuchungsausschuss. Die Theorie von der ernannten absoluten F\u00fchrerschaft des Rechtsgelehrten und die Vorgehensweise des Herrn Khomeini hatte nichts mit einer institutionellen weltlichen Aufsicht \u00fcber die F\u00fchrung gemein.<br \/>\nDas dritte Kapitel hei\u00dft: \u201eEin gro\u00dfer Riss im System wird drei Jahres vor dessen Eintreffen verk\u00fcndet.\u201c Die Kommission der Paragraphen 107 und 109 hat die Aufgabe, die Voraussetzungen des zuk\u00fcnftigen F\u00fchrers zu bestimmen und diese dem Rat der Weisen vorzustellen. Diese Versammlung verabschiedete in 4 Jahren insgesamt 10 Abs\u00e4tze dieser zwei Paragraphen, von denen die meisten in einer Sitzung der 2. Legislaturperiode des Expertenrates 1991 aufgehoben wurden.<br \/>\nDiese Vorlagen sind bemerkenswert: Das Veto-Recht des durch die absolute Mehrheit der Bev\u00f6lkerung gew\u00e4hlten F\u00fchrers. Weiterhin besteht keine Notwendigkeit, dass der F\u00fchrer ein praktizierender f\u00fchrender Rechtsgelehrter sein muss, sondern seine Kompetenz zur islamischen Rechtsfindung reicht aus, allerdings eine Kompetenz, die der Praxis nahe liegt.<br \/>\nDer gr\u00f6\u00dfte Gegner der letztgenannten Bedingung war Seyyed Ali Khamenei selbst, der auf der Notwendigkeit der praktischen Aus\u00fcbung der islamischen Rechtsfindung bestand und die Trennung der F\u00fchrung von der islamischen Rechtsfindung als gro\u00dfen Riss im politischen System ansah. Auf diese gro\u00dfe Gefahr wies Khamenei am 11. Juli 1986 hin und hielt dazu eine feurige Rede, in der er darauf einging, dass die zuk\u00fcnftigen F\u00fchrer der Islamischen Republik auf jeden Fall auch hohe Rechtsgelehrten sein m\u00fcssten. Dies ist jedoch genau das, was am 04. Juni 1989 (Todestag Khomeinis) passierte. Wenn Khamenei 3 Jahre zuvor gewusst h\u00e4tte, dass er selbst F\u00fchrer der Islamischen Republik werden w\u00fcrde, h\u00e4tte er sicherlich nicht auf diese Weise \u00fcber seine fehlende Qualifikation zur F\u00fchrerschaft gesprochen!<br \/>\n<a href=\"https:\/\/www.nt-press.com\/wp-content\/uploads\/2020\/09\/Zusammenfassung-Lichtstrahl-in-die-Dunkelkammer-des-Expertenrats-DE.pdf\" class=\"button primary is-primary is-medium\"  >\n\t\t<span>Lesen Sie vollst\u00e4ndige Zusammenfassung<\/span>\n\t<\/a>\n\n ","protected":false},"excerpt":{"rendered":"<p>Titel Lichtstrahl in die Dunkelkammer des Expertenrats Von einer Aufsicht, die im Keim erstickt wurde und einer Trag\u00f6die der Trennung religi\u00f6ser Autorit\u00e4ten1 von der F\u00fchrung! (1982-1989) \u00d6ffentliche Anklage gegen den Expertenrat und die F\u00fchrer der Islamischen Republik Iran (1982-1992) Band I Verfasser Mohsen Kadivar Auflage 1. Seiten 386 Format 17 x 24 cm Sprache Persisch [&#8230;]\n","protected":false},"featured_media":724,"template":"","meta":[],"product_brand":[],"product_cat":[134,136],"product_tag":[],"class_list":{"0":"post-624","1":"product","2":"type-product","3":"status-publish","4":"has-post-thumbnail","6":"product_cat-geschichte","7":"product_cat-politik","9":"first","10":"instock","11":"taxable","12":"shipping-taxable","13":"purchasable","14":"product-type-simple"},"yoast_head":"<!-- This site is optimized with the Yoast SEO plugin v25.2 - https:\/\/yoast.com\/wordpress\/plugins\/seo\/ -->\n<title>Lichtstrahl in die Dunkelkammer des Expertenrats | Mohsen Kadivar - New Thought PRESS<\/title>\n<meta name=\"robots\" content=\"index, follow, max-snippet:-1, max-image-preview:large, max-video-preview:-1\" \/>\n<link rel=\"canonical\" href=\"https:\/\/nt-press.com\/produkt\/shedding-light-on-the-covert-assembly-of-experts-mohsen-kadivar\/\" \/>\n<meta property=\"og:locale\" content=\"de_DE\" \/>\n<meta property=\"og:type\" content=\"article\" \/>\n<meta property=\"og:title\" content=\"Lichtstrahl in die Dunkelkammer des Expertenrats | Mohsen Kadivar - New Thought PRESS\" \/>\n<meta property=\"og:description\" content=\"Titel Lichtstrahl in die Dunkelkammer des Expertenrats Von einer Aufsicht, die im Keim erstickt wurde und einer Trag\u00f6die der Trennung religi\u00f6ser Autorit\u00e4ten1 von der F\u00fchrung! (1982-1989) \u00d6ffentliche Anklage gegen den Expertenrat und die F\u00fchrer der Islamischen Republik Iran (1982-1992) Band I Verfasser Mohsen Kadivar Auflage 1. Seiten 386 Format 17 x 24 cm Sprache Persisch [...]\" \/>\n<meta property=\"og:url\" content=\"https:\/\/nt-press.com\/produkt\/shedding-light-on-the-covert-assembly-of-experts-mohsen-kadivar\/\" \/>\n<meta property=\"og:site_name\" content=\"New Thought PRESS\" \/>\n<meta property=\"article:modified_time\" content=\"2022-05-03T01:02:22+00:00\" \/>\n<meta property=\"og:image\" content=\"https:\/\/nt-press.com\/wp-content\/uploads\/2020\/11\/noorafshani.png\" \/>\n\t<meta property=\"og:image:width\" content=\"401\" \/>\n\t<meta property=\"og:image:height\" content=\"563\" \/>\n\t<meta property=\"og:image:type\" content=\"image\/png\" \/>\n<meta name=\"twitter:card\" content=\"summary_large_image\" \/>\n<meta name=\"twitter:label1\" content=\"Gesch\u00e4tzte Lesezeit\" \/>\n\t<meta name=\"twitter:data1\" content=\"3\u00a0Minuten\" \/>\n<script type=\"application\/ld+json\" class=\"yoast-schema-graph\">{\"@context\":\"https:\/\/schema.org\",\"@graph\":[{\"@type\":\"WebPage\",\"@id\":\"https:\/\/nt-press.com\/produkt\/shedding-light-on-the-covert-assembly-of-experts-mohsen-kadivar\/\",\"url\":\"https:\/\/nt-press.com\/produkt\/shedding-light-on-the-covert-assembly-of-experts-mohsen-kadivar\/\",\"name\":\"Lichtstrahl in die Dunkelkammer des Expertenrats | Mohsen Kadivar - New Thought PRESS\",\"isPartOf\":{\"@id\":\"https:\/\/nt-press.com\/#website\"},\"primaryImageOfPage\":{\"@id\":\"https:\/\/nt-press.com\/produkt\/shedding-light-on-the-covert-assembly-of-experts-mohsen-kadivar\/#primaryimage\"},\"image\":{\"@id\":\"https:\/\/nt-press.com\/produkt\/shedding-light-on-the-covert-assembly-of-experts-mohsen-kadivar\/#primaryimage\"},\"thumbnailUrl\":\"https:\/\/nt-press.com\/wp-content\/uploads\/2020\/11\/noorafshani.png\",\"datePublished\":\"2020-09-25T08:26:14+00:00\",\"dateModified\":\"2022-05-03T01:02:22+00:00\",\"breadcrumb\":{\"@id\":\"https:\/\/nt-press.com\/produkt\/shedding-light-on-the-covert-assembly-of-experts-mohsen-kadivar\/#breadcrumb\"},\"inLanguage\":\"de\",\"potentialAction\":[{\"@type\":\"ReadAction\",\"target\":[\"https:\/\/nt-press.com\/produkt\/shedding-light-on-the-covert-assembly-of-experts-mohsen-kadivar\/\"]}]},{\"@type\":\"ImageObject\",\"inLanguage\":\"de\",\"@id\":\"https:\/\/nt-press.com\/produkt\/shedding-light-on-the-covert-assembly-of-experts-mohsen-kadivar\/#primaryimage\",\"url\":\"https:\/\/nt-press.com\/wp-content\/uploads\/2020\/11\/noorafshani.png\",\"contentUrl\":\"https:\/\/nt-press.com\/wp-content\/uploads\/2020\/11\/noorafshani.png\",\"width\":401,\"height\":563},{\"@type\":\"BreadcrumbList\",\"@id\":\"https:\/\/nt-press.com\/produkt\/shedding-light-on-the-covert-assembly-of-experts-mohsen-kadivar\/#breadcrumb\",\"itemListElement\":[{\"@type\":\"ListItem\",\"position\":1,\"name\":\"Home\",\"item\":\"https:\/\/nt-press.com\/de\/\"},{\"@type\":\"ListItem\",\"position\":2,\"name\":\"Shop\",\"item\":\"https:\/\/nt-press.com\/de\/\"},{\"@type\":\"ListItem\",\"position\":3,\"name\":\"Lichtstrahl in die Dunkelkammer des Expertenrats | Mohsen Kadivar\"}]},{\"@type\":\"WebSite\",\"@id\":\"https:\/\/nt-press.com\/#website\",\"url\":\"https:\/\/nt-press.com\/\",\"name\":\"New Thought PRESS\",\"description\":\"\",\"potentialAction\":[{\"@type\":\"SearchAction\",\"target\":{\"@type\":\"EntryPoint\",\"urlTemplate\":\"https:\/\/nt-press.com\/?s={search_term_string}\"},\"query-input\":{\"@type\":\"PropertyValueSpecification\",\"valueRequired\":true,\"valueName\":\"search_term_string\"}}],\"inLanguage\":\"de\"}]}<\/script>\n<!-- \/ Yoast SEO plugin. -->","yoast_head_json":{"title":"Lichtstrahl in die Dunkelkammer des Expertenrats | Mohsen Kadivar - New Thought PRESS","robots":{"index":"index","follow":"follow","max-snippet":"max-snippet:-1","max-image-preview":"max-image-preview:large","max-video-preview":"max-video-preview:-1"},"canonical":"https:\/\/nt-press.com\/produkt\/shedding-light-on-the-covert-assembly-of-experts-mohsen-kadivar\/","og_locale":"de_DE","og_type":"article","og_title":"Lichtstrahl in die Dunkelkammer des Expertenrats | Mohsen Kadivar - New Thought PRESS","og_description":"Titel Lichtstrahl in die Dunkelkammer des Expertenrats Von einer Aufsicht, die im Keim erstickt wurde und einer Trag\u00f6die der Trennung religi\u00f6ser Autorit\u00e4ten1 von der F\u00fchrung! (1982-1989) \u00d6ffentliche Anklage gegen den Expertenrat und die F\u00fchrer der Islamischen Republik Iran (1982-1992) Band I Verfasser Mohsen Kadivar Auflage 1. Seiten 386 Format 17 x 24 cm Sprache Persisch [...]","og_url":"https:\/\/nt-press.com\/produkt\/shedding-light-on-the-covert-assembly-of-experts-mohsen-kadivar\/","og_site_name":"New Thought PRESS","article_modified_time":"2022-05-03T01:02:22+00:00","og_image":[{"width":401,"height":563,"url":"https:\/\/nt-press.com\/wp-content\/uploads\/2020\/11\/noorafshani.png","type":"image\/png"}],"twitter_card":"summary_large_image","twitter_misc":{"Gesch\u00e4tzte Lesezeit":"3\u00a0Minuten"},"schema":{"@context":"https:\/\/schema.org","@graph":[{"@type":"WebPage","@id":"https:\/\/nt-press.com\/produkt\/shedding-light-on-the-covert-assembly-of-experts-mohsen-kadivar\/","url":"https:\/\/nt-press.com\/produkt\/shedding-light-on-the-covert-assembly-of-experts-mohsen-kadivar\/","name":"Lichtstrahl in die Dunkelkammer des Expertenrats | Mohsen Kadivar - New Thought PRESS","isPartOf":{"@id":"https:\/\/nt-press.com\/#website"},"primaryImageOfPage":{"@id":"https:\/\/nt-press.com\/produkt\/shedding-light-on-the-covert-assembly-of-experts-mohsen-kadivar\/#primaryimage"},"image":{"@id":"https:\/\/nt-press.com\/produkt\/shedding-light-on-the-covert-assembly-of-experts-mohsen-kadivar\/#primaryimage"},"thumbnailUrl":"https:\/\/nt-press.com\/wp-content\/uploads\/2020\/11\/noorafshani.png","datePublished":"2020-09-25T08:26:14+00:00","dateModified":"2022-05-03T01:02:22+00:00","breadcrumb":{"@id":"https:\/\/nt-press.com\/produkt\/shedding-light-on-the-covert-assembly-of-experts-mohsen-kadivar\/#breadcrumb"},"inLanguage":"de","potentialAction":[{"@type":"ReadAction","target":["https:\/\/nt-press.com\/produkt\/shedding-light-on-the-covert-assembly-of-experts-mohsen-kadivar\/"]}]},{"@type":"ImageObject","inLanguage":"de","@id":"https:\/\/nt-press.com\/produkt\/shedding-light-on-the-covert-assembly-of-experts-mohsen-kadivar\/#primaryimage","url":"https:\/\/nt-press.com\/wp-content\/uploads\/2020\/11\/noorafshani.png","contentUrl":"https:\/\/nt-press.com\/wp-content\/uploads\/2020\/11\/noorafshani.png","width":401,"height":563},{"@type":"BreadcrumbList","@id":"https:\/\/nt-press.com\/produkt\/shedding-light-on-the-covert-assembly-of-experts-mohsen-kadivar\/#breadcrumb","itemListElement":[{"@type":"ListItem","position":1,"name":"Home","item":"https:\/\/nt-press.com\/de\/"},{"@type":"ListItem","position":2,"name":"Shop","item":"https:\/\/nt-press.com\/de\/"},{"@type":"ListItem","position":3,"name":"Lichtstrahl in die Dunkelkammer des Expertenrats | Mohsen Kadivar"}]},{"@type":"WebSite","@id":"https:\/\/nt-press.com\/#website","url":"https:\/\/nt-press.com\/","name":"New Thought PRESS","description":"","potentialAction":[{"@type":"SearchAction","target":{"@type":"EntryPoint","urlTemplate":"https:\/\/nt-press.com\/?s={search_term_string}"},"query-input":{"@type":"PropertyValueSpecification","valueRequired":true,"valueName":"search_term_string"}}],"inLanguage":"de"}]}},"_links":{"self":[{"href":"https:\/\/nt-press.com\/de\/wp-json\/wp\/v2\/product\/624","targetHints":{"allow":["GET"]}}],"collection":[{"href":"https:\/\/nt-press.com\/de\/wp-json\/wp\/v2\/product"}],"about":[{"href":"https:\/\/nt-press.com\/de\/wp-json\/wp\/v2\/types\/product"}],"wp:featuredmedia":[{"embeddable":true,"href":"https:\/\/nt-press.com\/de\/wp-json\/wp\/v2\/media\/724"}],"wp:attachment":[{"href":"https:\/\/nt-press.com\/de\/wp-json\/wp\/v2\/media?parent=624"}],"wp:term":[{"taxonomy":"product_brand","embeddable":true,"href":"https:\/\/nt-press.com\/de\/wp-json\/wp\/v2\/product_brand?post=624"},{"taxonomy":"product_cat","embeddable":true,"href":"https:\/\/nt-press.com\/de\/wp-json\/wp\/v2\/product_cat?post=624"},{"taxonomy":"product_tag","embeddable":true,"href":"https:\/\/nt-press.com\/de\/wp-json\/wp\/v2\/product_tag?post=624"}],"curies":[{"name":"wp","href":"https:\/\/api.w.org\/{rel}","templated":true}]}}