{"id":384,"date":"2020-04-19T15:05:29","date_gmt":"2020-04-19T15:05:29","guid":{"rendered":"https:\/\/www.nt-press.com\/product\/978-3-948894-01-6\/"},"modified":"2022-04-27T00:24:28","modified_gmt":"2022-04-27T00:24:28","slug":"978-3-948894-01-6","status":"publish","type":"product","link":"https:\/\/nt-press.com\/de\/produkt\/978-3-948894-01-6\/","title":{"rendered":"Weisheitsbek\u00e4mpfung und Immoralit\u00e4t | Mohsen Kadivar"},"content":{"rendered":"<table style=\"font-size: 14.4px;\">\n<tbody>\n<tr>\n<th style=\"text-align: left;\"><span style=\"color: #800000;\">Titel<\/span><\/th>\n<th style=\"text-align: left;\">Weisheitsbek\u00e4mpfung und Immoralit\u00e4t:<\/th>\n<\/tr>\n<tr>\n<th style=\"text-align: left;\"><\/th>\n<th style=\"text-align: left;\">Eine Kritik an der Ausgabe der gesammelten Werke des \u0100q\u0101 \u2018Ali Modarres Zonouzi, dem Philosophen Teherans [1818-1889] herausgegeben von der Majma\u2019-e \u2018\u0100li-e Hekmat-e Eslami (der Hohen Versammlung der Islamischen Philosophie): Hekmat-e Eslami Verlag, Qom, 2018 \/ Mohsen Kadivar<\/th>\n<\/tr>\n<tr>\n<td style=\"text-align: right;\"><\/td>\n<td><\/td>\n<\/tr>\n<tr>\n<td style=\"text-align: left;\"><span style=\"color: #800000;\">Verfasser<\/span><\/td>\n<td>Mohsen Kadivar<\/td>\n<\/tr>\n<tr>\n<td style=\"text-align: left;\"><span style=\"color: #800000;\">Auflage<\/span><\/td>\n<td>1.<\/td>\n<\/tr>\n<tr>\n<td style=\"text-align: left;\"><span style=\"color: #800000;\">Seiten<\/span><\/td>\n<td>216<\/td>\n<\/tr>\n<tr>\n<td style=\"text-align: left;\"><span style=\"color: #800000;\">Format<\/span><\/td>\n<td>17 x 24 cm<\/td>\n<\/tr>\n<tr>\n<td style=\"text-align: left;\"><span style=\"color: #800000;\">Sprache<\/span><\/td>\n<td>Persisch (Farsi)<\/td>\n<\/tr>\n<tr>\n<td style=\"text-align: left;\"><span style=\"color: #800000;\">Erscheinungsjahr<\/span><\/td>\n<td>2020<\/td>\n<\/tr>\n<tr>\n<td style=\"text-align: left;\"><span style=\"color: #800000;\">ISBN<\/span><\/td>\n<td>978-3-948894-01-6<\/td>\n<\/tr>\n<tr>\n<td style=\"text-align: left;\"><span style=\"color: #800000;\">Verlag<\/span><\/td>\n<td>New Thought PRESS<\/td>\n<\/tr>\n<\/tbody>\n<\/table>\n<p><em><strong>Kurze Zusammenfassung:<\/strong><\/em><br \/>\nDie gesammelten Werke des \u0100q\u0101 \u2018Ali Modarres-e Tehr\u0101ni, Sohn des Moll\u0101 \u2018Abdoll\u0101h Modarres-e Zonouzi (1818-1889), des angesehensten persischen Philosophen der Qajar- Dynastie, wurde \u00fcber die letzten 19 Jahre zweimal herausgegeben: Majmou\u2019eh Mosannafat-e Hakim-e Mo\u2019asses \u0100q\u0101 \u2018Ali Modarres Tehr\u0101ni (Die gesammelten Werke des Pionier-Philosophen \u0100q\u0101 Ali Modarres Tehr\u0101ni. 3 B\u00e4nde. Einf\u00fchrung, Gliederung, Bearbeitung und Erl\u00e4uterung von Mohsen Kadivar. Ettel\u0101\u2019\u0101t Verlag, Tehran, 1999) und Majmou\u2019eh \u0100th\u0101r-e \u0100q\u0101 \u2018Ali Modarres-e Zonouzi: Hakim-e Tehr\u0101n, (Die gesammelten Werke des \u0100q\u0101 \u2018Ali Modarres-e Zonouzi: Der Philosoph Teherans. Rat f\u00fcr die Restauration und Bearbeitung der Hohen Versammlung der Islamischen Philosophie (Majma\u2019-e \u2018\u0100li-ye Hekmat-e Esl\u0101mi): Hekmat-e Eslami Verlag, Qom, 2018<br \/>\nDas vorliegende Buch dient der Untersuchung und der Kritik der zweiten Ausgabe, die von der ersten Sammlung der Werke \u0100q\u0101 \u2018Alis herausgegeben wurde. Unter dem Titel Weisheitsverdruss und Immoralit\u00e4t f\u00fchrt es Belege geistigen Diebstahls, Verst\u00f6\u00dfe gegen das Urheberrecht, Missbrauch der \u00f6ffentlichen Hand\/\u00f6ffentlicher Gelder und letztlich der minderwertigen Arbeit des (o.g.) Majma\u2019-e \u2018\u0100li-ye Hekmat-e Esl\u0101mi an. Die 2018 gesammelten Werke wurden von 17 Neuanf\u00e4ngern unter den Lektoren (praktisch ohne Chefredaktion oder Redaktionsteam) herausgegeben und kosteten mehrere Milliarden Rial des staatlichen Jahresbudgets.<br \/>\nEs ist erw\u00e4hnenswert, dass der Name des Herausgebers der Ausgabe von 1999 in keinem der f\u00fcnf Folgeb\u00e4nde (der zweiten Ausgabe) Erw\u00e4hnung findet und die gesammelten Werke von 1999 praktisch in allen Bibliographien der f\u00fcnf B\u00e4nde von 2018 fehlen, w\u00e4hrend die Sammlung von 1999 zweifellos die Basis f\u00fcr die Bearbeitung und Korrektur der Ausgabe von 2018 war. Eine undankbare und respektlose Haltung gegen\u00fcber der W\u00fcrde und dem geistigen Eigentum des Urhebers an den Tag legend, schenkten die Herausgeber der Ausgabe von 2018 der von 1999 trotz ihrer offensichtlichen Verwendung der 25 Werke des \u0100q\u0101 \u2018Ali (als Referenz) keinerlei Beachtung.<br \/>\nDie Jury des 18. Iranischen Buchpreises \u201cdas Buch des Jahres\u201c (1999) k\u00fcrte in der Kategorie Islamische Philosophie \u0100q\u0101 \u2018Alis gesammelte Werke zum Buch des Jahres 1999. Das B\u00fcro des Obersten F\u00fchrers der Islamischen Republik Iran wies das Ministerium f\u00fcr Kultur und islamische F\u00fchrung an, die Erstplatzierung des besagten Buchs vor der Bekanntgabe umgehend aufzuheben. Das Buch wurde auf das Level \u201esch\u00e4tzungsw\u00fcrdige B\u00fccher\u201c heruntergestuft. In den Worten des Obersten F\u00fchrers: \u201eDer \u00dcbelt\u00e4ter sollte nicht ausgezeichnet werden. Vom Islamischen System verurteilt zu werden ist ein ewiger Schandfleck.\u201c Nach einem achtzehnmonatigen Gef\u00e4ngnisaufenthalt war Kadivar gerade von den Zw\u00e4ngen der Welayat-e Faqih (w\u00f6rtlich Statthalterschaft des Rechtsgelehrten) befreit worden. Der hier offenkundige Rechtsversto\u00df (auch religi\u00f6ser und ethischer Natur) und die Einberufung des \u201eDie Basij-Einheit der Studenten der Geisteswissenschaften in den theologischen Seminaren\u201c, um die \u201eislamische Philosophie aus den Zw\u00e4ngen Inkompetenter zu befreien\u201c sind im Vorwort des Buchs vorzufinden.<\/p>\n<p>&nbsp;<\/p>\n<a href=\"https:\/\/www.nt-press.com\/wp-content\/uploads\/2020\/06\/Abstract-Hekmat-setizi-Kadivar-DE.pdf\" class=\"button primary is-primary is-medium\"  >\n\t\t<span>Lesen Sie vollst\u00e4ndige Zusammenfassung<\/span>\n\t<\/a>\n\n ","protected":false},"excerpt":{"rendered":"<p>Titel Weisheitsbek\u00e4mpfung und Immoralit\u00e4t: Eine Kritik an der Ausgabe der gesammelten Werke des \u0100q\u0101 \u2018Ali Modarres Zonouzi, dem Philosophen Teherans [1818-1889] herausgegeben von der Majma\u2019-e \u2018\u0100li-e Hekmat-e Eslami (der Hohen Versammlung der Islamischen Philosophie): Hekmat-e Eslami Verlag, Qom, 2018 \/ Mohsen Kadivar Verfasser Mohsen Kadivar Auflage 1. Seiten 216 Format 17 x 24 cm Sprache [&#8230;]\n","protected":false},"featured_media":721,"template":"","meta":[],"product_brand":[],"product_cat":[126],"product_tag":[],"class_list":{"0":"post-384","1":"product","2":"type-product","3":"status-publish","4":"has-post-thumbnail","6":"product_cat-philosophie","7":"product_shipping_class-0-5kg-de","9":"first","10":"instock","11":"taxable","12":"shipping-taxable","13":"purchasable","14":"product-type-simple"},"yoast_head":"<!-- This site is optimized with the Yoast SEO plugin v25.2 - https:\/\/yoast.com\/wordpress\/plugins\/seo\/ -->\n<title>Weisheitsbek\u00e4mpfung und Immoralit\u00e4t | Mohsen Kadivar - New Thought PRESS<\/title>\n<meta name=\"robots\" content=\"index, follow, max-snippet:-1, max-image-preview:large, max-video-preview:-1\" \/>\n<link rel=\"canonical\" href=\"https:\/\/nt-press.com\/produkt\/978-3-948894-01-6\/\" \/>\n<meta property=\"og:locale\" content=\"de_DE\" \/>\n<meta property=\"og:type\" content=\"article\" \/>\n<meta property=\"og:title\" content=\"Weisheitsbek\u00e4mpfung und Immoralit\u00e4t | Mohsen Kadivar - New Thought PRESS\" \/>\n<meta property=\"og:description\" content=\"Titel Weisheitsbek\u00e4mpfung und Immoralit\u00e4t: Eine Kritik an der Ausgabe der gesammelten Werke des \u0100q\u0101 \u2018Ali Modarres Zonouzi, dem Philosophen Teherans [1818-1889] herausgegeben von der Majma\u2019-e \u2018\u0100li-e Hekmat-e Eslami (der Hohen Versammlung der Islamischen Philosophie): Hekmat-e Eslami Verlag, Qom, 2018 \/ Mohsen Kadivar Verfasser Mohsen Kadivar Auflage 1. Seiten 216 Format 17 x 24 cm Sprache [...]\" \/>\n<meta property=\"og:url\" content=\"https:\/\/nt-press.com\/produkt\/978-3-948894-01-6\/\" \/>\n<meta property=\"og:site_name\" content=\"New Thought PRESS\" \/>\n<meta property=\"article:modified_time\" content=\"2022-04-27T00:24:28+00:00\" \/>\n<meta property=\"og:image\" content=\"https:\/\/nt-press.com\/wp-content\/uploads\/2020\/11\/hekmatsetizi.png\" \/>\n\t<meta property=\"og:image:width\" content=\"401\" \/>\n\t<meta property=\"og:image:height\" content=\"576\" \/>\n\t<meta property=\"og:image:type\" content=\"image\/png\" \/>\n<meta name=\"twitter:card\" content=\"summary_large_image\" \/>\n<meta name=\"twitter:label1\" content=\"Gesch\u00e4tzte Lesezeit\" \/>\n\t<meta name=\"twitter:data1\" content=\"3\u00a0Minuten\" \/>\n<script type=\"application\/ld+json\" class=\"yoast-schema-graph\">{\"@context\":\"https:\/\/schema.org\",\"@graph\":[{\"@type\":\"WebPage\",\"@id\":\"https:\/\/nt-press.com\/produkt\/978-3-948894-01-6\/\",\"url\":\"https:\/\/nt-press.com\/produkt\/978-3-948894-01-6\/\",\"name\":\"Weisheitsbek\u00e4mpfung und Immoralit\u00e4t | Mohsen Kadivar - New Thought PRESS\",\"isPartOf\":{\"@id\":\"https:\/\/nt-press.com\/#website\"},\"primaryImageOfPage\":{\"@id\":\"https:\/\/nt-press.com\/produkt\/978-3-948894-01-6\/#primaryimage\"},\"image\":{\"@id\":\"https:\/\/nt-press.com\/produkt\/978-3-948894-01-6\/#primaryimage\"},\"thumbnailUrl\":\"https:\/\/nt-press.com\/wp-content\/uploads\/2020\/11\/hekmatsetizi.png\",\"datePublished\":\"2020-04-19T15:05:29+00:00\",\"dateModified\":\"2022-04-27T00:24:28+00:00\",\"breadcrumb\":{\"@id\":\"https:\/\/nt-press.com\/produkt\/978-3-948894-01-6\/#breadcrumb\"},\"inLanguage\":\"de\",\"potentialAction\":[{\"@type\":\"ReadAction\",\"target\":[\"https:\/\/nt-press.com\/produkt\/978-3-948894-01-6\/\"]}]},{\"@type\":\"ImageObject\",\"inLanguage\":\"de\",\"@id\":\"https:\/\/nt-press.com\/produkt\/978-3-948894-01-6\/#primaryimage\",\"url\":\"https:\/\/nt-press.com\/wp-content\/uploads\/2020\/11\/hekmatsetizi.png\",\"contentUrl\":\"https:\/\/nt-press.com\/wp-content\/uploads\/2020\/11\/hekmatsetizi.png\",\"width\":401,\"height\":576},{\"@type\":\"BreadcrumbList\",\"@id\":\"https:\/\/nt-press.com\/produkt\/978-3-948894-01-6\/#breadcrumb\",\"itemListElement\":[{\"@type\":\"ListItem\",\"position\":1,\"name\":\"Home\",\"item\":\"https:\/\/nt-press.com\/de\/\"},{\"@type\":\"ListItem\",\"position\":2,\"name\":\"Shop\",\"item\":\"https:\/\/nt-press.com\/de\/\"},{\"@type\":\"ListItem\",\"position\":3,\"name\":\"Weisheitsbek\u00e4mpfung und Immoralit\u00e4t | Mohsen Kadivar\"}]},{\"@type\":\"WebSite\",\"@id\":\"https:\/\/nt-press.com\/#website\",\"url\":\"https:\/\/nt-press.com\/\",\"name\":\"New Thought PRESS\",\"description\":\"\",\"potentialAction\":[{\"@type\":\"SearchAction\",\"target\":{\"@type\":\"EntryPoint\",\"urlTemplate\":\"https:\/\/nt-press.com\/?s={search_term_string}\"},\"query-input\":{\"@type\":\"PropertyValueSpecification\",\"valueRequired\":true,\"valueName\":\"search_term_string\"}}],\"inLanguage\":\"de\"}]}<\/script>\n<!-- \/ Yoast SEO plugin. -->","yoast_head_json":{"title":"Weisheitsbek\u00e4mpfung und Immoralit\u00e4t | Mohsen Kadivar - New Thought PRESS","robots":{"index":"index","follow":"follow","max-snippet":"max-snippet:-1","max-image-preview":"max-image-preview:large","max-video-preview":"max-video-preview:-1"},"canonical":"https:\/\/nt-press.com\/produkt\/978-3-948894-01-6\/","og_locale":"de_DE","og_type":"article","og_title":"Weisheitsbek\u00e4mpfung und Immoralit\u00e4t | Mohsen Kadivar - New Thought PRESS","og_description":"Titel Weisheitsbek\u00e4mpfung und Immoralit\u00e4t: Eine Kritik an der Ausgabe der gesammelten Werke des \u0100q\u0101 \u2018Ali Modarres Zonouzi, dem Philosophen Teherans [1818-1889] herausgegeben von der Majma\u2019-e \u2018\u0100li-e Hekmat-e Eslami (der Hohen Versammlung der Islamischen Philosophie): Hekmat-e Eslami Verlag, Qom, 2018 \/ Mohsen Kadivar Verfasser Mohsen Kadivar Auflage 1. Seiten 216 Format 17 x 24 cm Sprache [...]","og_url":"https:\/\/nt-press.com\/produkt\/978-3-948894-01-6\/","og_site_name":"New Thought PRESS","article_modified_time":"2022-04-27T00:24:28+00:00","og_image":[{"width":401,"height":576,"url":"https:\/\/nt-press.com\/wp-content\/uploads\/2020\/11\/hekmatsetizi.png","type":"image\/png"}],"twitter_card":"summary_large_image","twitter_misc":{"Gesch\u00e4tzte Lesezeit":"3\u00a0Minuten"},"schema":{"@context":"https:\/\/schema.org","@graph":[{"@type":"WebPage","@id":"https:\/\/nt-press.com\/produkt\/978-3-948894-01-6\/","url":"https:\/\/nt-press.com\/produkt\/978-3-948894-01-6\/","name":"Weisheitsbek\u00e4mpfung und Immoralit\u00e4t | Mohsen Kadivar - New Thought PRESS","isPartOf":{"@id":"https:\/\/nt-press.com\/#website"},"primaryImageOfPage":{"@id":"https:\/\/nt-press.com\/produkt\/978-3-948894-01-6\/#primaryimage"},"image":{"@id":"https:\/\/nt-press.com\/produkt\/978-3-948894-01-6\/#primaryimage"},"thumbnailUrl":"https:\/\/nt-press.com\/wp-content\/uploads\/2020\/11\/hekmatsetizi.png","datePublished":"2020-04-19T15:05:29+00:00","dateModified":"2022-04-27T00:24:28+00:00","breadcrumb":{"@id":"https:\/\/nt-press.com\/produkt\/978-3-948894-01-6\/#breadcrumb"},"inLanguage":"de","potentialAction":[{"@type":"ReadAction","target":["https:\/\/nt-press.com\/produkt\/978-3-948894-01-6\/"]}]},{"@type":"ImageObject","inLanguage":"de","@id":"https:\/\/nt-press.com\/produkt\/978-3-948894-01-6\/#primaryimage","url":"https:\/\/nt-press.com\/wp-content\/uploads\/2020\/11\/hekmatsetizi.png","contentUrl":"https:\/\/nt-press.com\/wp-content\/uploads\/2020\/11\/hekmatsetizi.png","width":401,"height":576},{"@type":"BreadcrumbList","@id":"https:\/\/nt-press.com\/produkt\/978-3-948894-01-6\/#breadcrumb","itemListElement":[{"@type":"ListItem","position":1,"name":"Home","item":"https:\/\/nt-press.com\/de\/"},{"@type":"ListItem","position":2,"name":"Shop","item":"https:\/\/nt-press.com\/de\/"},{"@type":"ListItem","position":3,"name":"Weisheitsbek\u00e4mpfung und Immoralit\u00e4t | Mohsen Kadivar"}]},{"@type":"WebSite","@id":"https:\/\/nt-press.com\/#website","url":"https:\/\/nt-press.com\/","name":"New Thought PRESS","description":"","potentialAction":[{"@type":"SearchAction","target":{"@type":"EntryPoint","urlTemplate":"https:\/\/nt-press.com\/?s={search_term_string}"},"query-input":{"@type":"PropertyValueSpecification","valueRequired":true,"valueName":"search_term_string"}}],"inLanguage":"de"}]}},"_links":{"self":[{"href":"https:\/\/nt-press.com\/de\/wp-json\/wp\/v2\/product\/384","targetHints":{"allow":["GET"]}}],"collection":[{"href":"https:\/\/nt-press.com\/de\/wp-json\/wp\/v2\/product"}],"about":[{"href":"https:\/\/nt-press.com\/de\/wp-json\/wp\/v2\/types\/product"}],"wp:featuredmedia":[{"embeddable":true,"href":"https:\/\/nt-press.com\/de\/wp-json\/wp\/v2\/media\/721"}],"wp:attachment":[{"href":"https:\/\/nt-press.com\/de\/wp-json\/wp\/v2\/media?parent=384"}],"wp:term":[{"taxonomy":"product_brand","embeddable":true,"href":"https:\/\/nt-press.com\/de\/wp-json\/wp\/v2\/product_brand?post=384"},{"taxonomy":"product_cat","embeddable":true,"href":"https:\/\/nt-press.com\/de\/wp-json\/wp\/v2\/product_cat?post=384"},{"taxonomy":"product_tag","embeddable":true,"href":"https:\/\/nt-press.com\/de\/wp-json\/wp\/v2\/product_tag?post=384"}],"curies":[{"name":"wp","href":"https:\/\/api.w.org\/{rel}","templated":true}]}}