{"id":1939,"date":"2025-09-06T20:26:54","date_gmt":"2025-09-06T18:26:56","guid":{"rendered":"https:\/\/nt-press.com\/?post_type=product&#038;p=1939"},"modified":"2025-09-23T18:25:04","modified_gmt":"2025-09-23T16:25:04","slug":"ein-persisches-gebetbuch-abdulkarim-soroush-zweite-auflage","status":"publish","type":"product","link":"https:\/\/nt-press.com\/de\/produkt\/ein-persisches-gebetbuch-abdulkarim-soroush-zweite-auflage\/","title":{"rendered":"Ein persisches Gebetbuch &#8211; 2. Auflage | Abdulkarim Soroush"},"content":{"rendered":"<table style=\"font-size: 14.4px;\">\n<tbody>\n<tr>\n<th style=\"text-align: left;\"><span style=\"color: #800000;\">Titel<\/span><\/th>\n<th style=\"text-align: left;\">Ein persisches Gebetbuch<\/th>\n<\/tr>\n<tr>\n<td style=\"text-align: left;\"><span style=\"color: #800000;\">Verfasser<\/span><\/td>\n<td>Abdulkarim Soroush<\/td>\n<\/tr>\n<tr>\n<td style=\"text-align: left;\"><span style=\"color: #800000;\">Auflage<\/span><\/td>\n<td>2., aktualisiert und \u00fcberarbeitet<\/td>\n<\/tr>\n<tr>\n<td style=\"text-align: left;\"><span style=\"color: #800000;\">Seiten<\/span><\/td>\n<td>500<\/td>\n<\/tr>\n<tr>\n<td style=\"text-align: left;\"><span style=\"color: #800000;\">Format<\/span><\/td>\n<td>A5 &#8211; Hardcover<\/td>\n<\/tr>\n<tr>\n<td style=\"text-align: left;\"><span style=\"color: #800000;\">Sprache<\/span><\/td>\n<td>Persisch (Farsi)<\/td>\n<\/tr>\n<tr>\n<td style=\"text-align: left;\"><span style=\"color: #800000;\">Erscheinungsjahr<\/span><\/td>\n<td>2025<\/td>\n<\/tr>\n<tr>\n<td style=\"text-align: left;\"><span style=\"color: #800000;\">ISBN<\/span><\/td>\n<td>978-3-948894-33-7<\/td>\n<\/tr>\n<tr>\n<td style=\"text-align: left;\"><span style=\"color: #800000;\">Verlag<\/span><\/td>\n<td>New Thought PRESS<\/td>\n<\/tr>\n<\/tbody>\n<\/table>\n<p>Aus der Einleitung des Buches:<\/p>\n<p>Ich habe diese persischen Gebete gesammelt, um Persisch sprechende Gl\u00e4ubige zu bef\u00e4higen, in ihrer eigenen Sprache zu Gott zu beten, indem ich anschauliche Worte und eloquente Sprache, wie die der Dichter Ghazali, Nezami, Rumi, Sa&#8217;di, Jami, Baba Afzal, Mibdhi und Feyz Kashani gebrauche. Gl\u00e4ubige k\u00f6nnen diese Gebete wie heilige Segensspr\u00fcche auswendig lernen und von Zeit zu Zeit rezitieren. Ich habe erlebt wie Glaubensgeschwister meiner Herkunft \u00fcberdr\u00fcssig wurden arabische Gebete zu lesen, die sie nicht verstanden, und es daher vers\u00e4umt haben mit dem Herzen bei der Sache zu sein. Sie suchen vergebens die Freude oder den Trost, den Arabisch sprechende Menschen vielleicht eher in ihnen finden. Auch bleibt ihnen verwehrt die transformierende Energie und den Frieden zu erleben, die wir uns im Gebet erhoffen.<\/p>\n<p>Das Gebet muss nicht nur aus dem Mund, sondern von Herzen kommen, da es nur in der Muttersprache vollst\u00e4ndigen Ausdruck erfahren kann. Auch inadequate \u00dcbersetzungen schaffen leider keinerlei Abhilfe. Das Heilmittel, das ich sehe, flie\u00dft in den klaren Wassern der Muttersprache, die der beste Mittler des Herzens ist. Ich hoffe, dass diese Sammlung ein sinnvoller Beitrag auf diesem Wege sein kann.<\/p>\n ","protected":false},"excerpt":{"rendered":"<p>Titel Ein persisches Gebetbuch Verfasser Abdulkarim Soroush Auflage 2., aktualisiert und \u00fcberarbeitet Seiten 500 Format A5 &#8211; Hardcover Sprache Persisch (Farsi) Erscheinungsjahr 2025 ISBN 978-3-948894-33-7 Verlag New Thought PRESS Aus der Einleitung des Buches: Ich habe diese persischen Gebete gesammelt, um Persisch sprechende Gl\u00e4ubige zu bef\u00e4higen, in ihrer eigenen Sprache zu Gott zu beten, indem [&#8230;]\n","protected":false},"featured_media":1942,"template":"","meta":[],"product_brand":[],"product_cat":[126,138],"product_tag":[215],"class_list":{"0":"post-1939","1":"product","2":"type-product","3":"status-publish","4":"has-post-thumbnail","6":"product_cat-philosophie","7":"product_cat-religion-de","8":"product_tag-abdulkarim-soroush-de","9":"product_shipping_class-1kg-de","11":"first","12":"instock","13":"featured","14":"taxable","15":"shipping-taxable","16":"purchasable","17":"product-type-simple"},"yoast_head":"<!-- This site is optimized with the Yoast SEO plugin v25.2 - https:\/\/yoast.com\/wordpress\/plugins\/seo\/ -->\n<title>Ein persisches Gebetbuch - 2. Auflage | Abdulkarim Soroush<\/title>\n<meta name=\"robots\" content=\"index, follow, max-snippet:-1, max-image-preview:large, max-video-preview:-1\" \/>\n<link rel=\"canonical\" href=\"https:\/\/nt-press.com\/de\/produkt\/ein-persisches-gebetbuch-abdulkarim-soroush-zweite-auflage\/\" \/>\n<meta property=\"og:locale\" content=\"de_DE\" \/>\n<meta property=\"og:type\" content=\"article\" \/>\n<meta property=\"og:title\" content=\"Ein persisches Gebetbuch - 2. Auflage | Abdulkarim Soroush\" \/>\n<meta property=\"og:description\" content=\"Titel Ein persisches Gebetbuch Verfasser Abdulkarim Soroush Auflage 2., aktualisiert und \u00fcberarbeitet Seiten 500 Format A5 &#8211; Hardcover Sprache Persisch (Farsi) Erscheinungsjahr 2025 ISBN 978-3-948894-33-7 Verlag New Thought PRESS Aus der Einleitung des Buches: Ich habe diese persischen Gebete gesammelt, um Persisch sprechende Gl\u00e4ubige zu bef\u00e4higen, in ihrer eigenen Sprache zu Gott zu beten, indem [...]\" \/>\n<meta property=\"og:url\" content=\"https:\/\/nt-press.com\/de\/produkt\/ein-persisches-gebetbuch-abdulkarim-soroush-zweite-auflage\/\" \/>\n<meta property=\"og:site_name\" content=\"New Thought PRESS\" \/>\n<meta property=\"article:modified_time\" content=\"2025-09-23T16:25:04+00:00\" \/>\n<meta property=\"og:image\" content=\"https:\/\/nt-press.com\/wp-content\/uploads\/2025\/09\/Cover-Niayesh-2nd.png\" \/>\n\t<meta property=\"og:image:width\" content=\"402\" \/>\n\t<meta property=\"og:image:height\" content=\"570\" \/>\n\t<meta property=\"og:image:type\" content=\"image\/png\" \/>\n<meta name=\"twitter:card\" content=\"summary_large_image\" \/>\n<meta name=\"twitter:label1\" content=\"Gesch\u00e4tzte Lesezeit\" \/>\n\t<meta name=\"twitter:data1\" content=\"2\u00a0Minuten\" \/>\n<script type=\"application\/ld+json\" class=\"yoast-schema-graph\">{\"@context\":\"https:\/\/schema.org\",\"@graph\":[{\"@type\":\"WebPage\",\"@id\":\"https:\/\/nt-press.com\/de\/produkt\/ein-persisches-gebetbuch-abdulkarim-soroush-zweite-auflage\/\",\"url\":\"https:\/\/nt-press.com\/de\/produkt\/ein-persisches-gebetbuch-abdulkarim-soroush-zweite-auflage\/\",\"name\":\"Ein persisches Gebetbuch - 2. Auflage | Abdulkarim Soroush\",\"isPartOf\":{\"@id\":\"https:\/\/nt-press.com\/#website\"},\"primaryImageOfPage\":{\"@id\":\"https:\/\/nt-press.com\/de\/produkt\/ein-persisches-gebetbuch-abdulkarim-soroush-zweite-auflage\/#primaryimage\"},\"image\":{\"@id\":\"https:\/\/nt-press.com\/de\/produkt\/ein-persisches-gebetbuch-abdulkarim-soroush-zweite-auflage\/#primaryimage\"},\"thumbnailUrl\":\"https:\/\/nt-press.com\/wp-content\/uploads\/2025\/09\/Cover-Niayesh-2nd.png\",\"datePublished\":\"2025-09-06T18:26:56+00:00\",\"dateModified\":\"2025-09-23T16:25:04+00:00\",\"breadcrumb\":{\"@id\":\"https:\/\/nt-press.com\/de\/produkt\/ein-persisches-gebetbuch-abdulkarim-soroush-zweite-auflage\/#breadcrumb\"},\"inLanguage\":\"de\",\"potentialAction\":[{\"@type\":\"ReadAction\",\"target\":[\"https:\/\/nt-press.com\/de\/produkt\/ein-persisches-gebetbuch-abdulkarim-soroush-zweite-auflage\/\"]}]},{\"@type\":\"ImageObject\",\"inLanguage\":\"de\",\"@id\":\"https:\/\/nt-press.com\/de\/produkt\/ein-persisches-gebetbuch-abdulkarim-soroush-zweite-auflage\/#primaryimage\",\"url\":\"https:\/\/nt-press.com\/wp-content\/uploads\/2025\/09\/Cover-Niayesh-2nd.png\",\"contentUrl\":\"https:\/\/nt-press.com\/wp-content\/uploads\/2025\/09\/Cover-Niayesh-2nd.png\",\"width\":402,\"height\":570,\"caption\":\"Cover-Niayesh-2nd\"},{\"@type\":\"BreadcrumbList\",\"@id\":\"https:\/\/nt-press.com\/de\/produkt\/ein-persisches-gebetbuch-abdulkarim-soroush-zweite-auflage\/#breadcrumb\",\"itemListElement\":[{\"@type\":\"ListItem\",\"position\":1,\"name\":\"Home\",\"item\":\"https:\/\/nt-press.com\/de\/\"},{\"@type\":\"ListItem\",\"position\":2,\"name\":\"Shop\",\"item\":\"https:\/\/nt-press.com\/de\/\"},{\"@type\":\"ListItem\",\"position\":3,\"name\":\"Ein persisches Gebetbuch &#8211; 2. Auflage | Abdulkarim Soroush\"}]},{\"@type\":\"WebSite\",\"@id\":\"https:\/\/nt-press.com\/#website\",\"url\":\"https:\/\/nt-press.com\/\",\"name\":\"New Thought PRESS\",\"description\":\"\",\"potentialAction\":[{\"@type\":\"SearchAction\",\"target\":{\"@type\":\"EntryPoint\",\"urlTemplate\":\"https:\/\/nt-press.com\/?s={search_term_string}\"},\"query-input\":{\"@type\":\"PropertyValueSpecification\",\"valueRequired\":true,\"valueName\":\"search_term_string\"}}],\"inLanguage\":\"de\"}]}<\/script>\n<!-- \/ Yoast SEO plugin. -->","yoast_head_json":{"title":"Ein persisches Gebetbuch - 2. Auflage | Abdulkarim Soroush","robots":{"index":"index","follow":"follow","max-snippet":"max-snippet:-1","max-image-preview":"max-image-preview:large","max-video-preview":"max-video-preview:-1"},"canonical":"https:\/\/nt-press.com\/de\/produkt\/ein-persisches-gebetbuch-abdulkarim-soroush-zweite-auflage\/","og_locale":"de_DE","og_type":"article","og_title":"Ein persisches Gebetbuch - 2. Auflage | Abdulkarim Soroush","og_description":"Titel Ein persisches Gebetbuch Verfasser Abdulkarim Soroush Auflage 2., aktualisiert und \u00fcberarbeitet Seiten 500 Format A5 &#8211; Hardcover Sprache Persisch (Farsi) Erscheinungsjahr 2025 ISBN 978-3-948894-33-7 Verlag New Thought PRESS Aus der Einleitung des Buches: Ich habe diese persischen Gebete gesammelt, um Persisch sprechende Gl\u00e4ubige zu bef\u00e4higen, in ihrer eigenen Sprache zu Gott zu beten, indem [...]","og_url":"https:\/\/nt-press.com\/de\/produkt\/ein-persisches-gebetbuch-abdulkarim-soroush-zweite-auflage\/","og_site_name":"New Thought PRESS","article_modified_time":"2025-09-23T16:25:04+00:00","og_image":[{"width":402,"height":570,"url":"https:\/\/nt-press.com\/wp-content\/uploads\/2025\/09\/Cover-Niayesh-2nd.png","type":"image\/png"}],"twitter_card":"summary_large_image","twitter_misc":{"Gesch\u00e4tzte Lesezeit":"2\u00a0Minuten"},"schema":{"@context":"https:\/\/schema.org","@graph":[{"@type":"WebPage","@id":"https:\/\/nt-press.com\/de\/produkt\/ein-persisches-gebetbuch-abdulkarim-soroush-zweite-auflage\/","url":"https:\/\/nt-press.com\/de\/produkt\/ein-persisches-gebetbuch-abdulkarim-soroush-zweite-auflage\/","name":"Ein persisches Gebetbuch - 2. Auflage | Abdulkarim Soroush","isPartOf":{"@id":"https:\/\/nt-press.com\/#website"},"primaryImageOfPage":{"@id":"https:\/\/nt-press.com\/de\/produkt\/ein-persisches-gebetbuch-abdulkarim-soroush-zweite-auflage\/#primaryimage"},"image":{"@id":"https:\/\/nt-press.com\/de\/produkt\/ein-persisches-gebetbuch-abdulkarim-soroush-zweite-auflage\/#primaryimage"},"thumbnailUrl":"https:\/\/nt-press.com\/wp-content\/uploads\/2025\/09\/Cover-Niayesh-2nd.png","datePublished":"2025-09-06T18:26:56+00:00","dateModified":"2025-09-23T16:25:04+00:00","breadcrumb":{"@id":"https:\/\/nt-press.com\/de\/produkt\/ein-persisches-gebetbuch-abdulkarim-soroush-zweite-auflage\/#breadcrumb"},"inLanguage":"de","potentialAction":[{"@type":"ReadAction","target":["https:\/\/nt-press.com\/de\/produkt\/ein-persisches-gebetbuch-abdulkarim-soroush-zweite-auflage\/"]}]},{"@type":"ImageObject","inLanguage":"de","@id":"https:\/\/nt-press.com\/de\/produkt\/ein-persisches-gebetbuch-abdulkarim-soroush-zweite-auflage\/#primaryimage","url":"https:\/\/nt-press.com\/wp-content\/uploads\/2025\/09\/Cover-Niayesh-2nd.png","contentUrl":"https:\/\/nt-press.com\/wp-content\/uploads\/2025\/09\/Cover-Niayesh-2nd.png","width":402,"height":570,"caption":"Cover-Niayesh-2nd"},{"@type":"BreadcrumbList","@id":"https:\/\/nt-press.com\/de\/produkt\/ein-persisches-gebetbuch-abdulkarim-soroush-zweite-auflage\/#breadcrumb","itemListElement":[{"@type":"ListItem","position":1,"name":"Home","item":"https:\/\/nt-press.com\/de\/"},{"@type":"ListItem","position":2,"name":"Shop","item":"https:\/\/nt-press.com\/de\/"},{"@type":"ListItem","position":3,"name":"Ein persisches Gebetbuch &#8211; 2. Auflage | Abdulkarim Soroush"}]},{"@type":"WebSite","@id":"https:\/\/nt-press.com\/#website","url":"https:\/\/nt-press.com\/","name":"New Thought PRESS","description":"","potentialAction":[{"@type":"SearchAction","target":{"@type":"EntryPoint","urlTemplate":"https:\/\/nt-press.com\/?s={search_term_string}"},"query-input":{"@type":"PropertyValueSpecification","valueRequired":true,"valueName":"search_term_string"}}],"inLanguage":"de"}]}},"_links":{"self":[{"href":"https:\/\/nt-press.com\/de\/wp-json\/wp\/v2\/product\/1939","targetHints":{"allow":["GET"]}}],"collection":[{"href":"https:\/\/nt-press.com\/de\/wp-json\/wp\/v2\/product"}],"about":[{"href":"https:\/\/nt-press.com\/de\/wp-json\/wp\/v2\/types\/product"}],"wp:featuredmedia":[{"embeddable":true,"href":"https:\/\/nt-press.com\/de\/wp-json\/wp\/v2\/media\/1942"}],"wp:attachment":[{"href":"https:\/\/nt-press.com\/de\/wp-json\/wp\/v2\/media?parent=1939"}],"wp:term":[{"taxonomy":"product_brand","embeddable":true,"href":"https:\/\/nt-press.com\/de\/wp-json\/wp\/v2\/product_brand?post=1939"},{"taxonomy":"product_cat","embeddable":true,"href":"https:\/\/nt-press.com\/de\/wp-json\/wp\/v2\/product_cat?post=1939"},{"taxonomy":"product_tag","embeddable":true,"href":"https:\/\/nt-press.com\/de\/wp-json\/wp\/v2\/product_tag?post=1939"}],"curies":[{"name":"wp","href":"https:\/\/api.w.org\/{rel}","templated":true}]}}