{"id":1913,"date":"2025-06-09T16:20:20","date_gmt":"2025-06-09T14:20:21","guid":{"rendered":"https:\/\/nt-press.com\/?post_type=product&#038;p=1913"},"modified":"2025-06-09T20:43:18","modified_gmt":"2025-06-09T18:43:18","slug":"zwischen-angst-und-hoffnung-hasan-yousefi-eshkevari-kopie","status":"publish","type":"product","link":"https:\/\/nt-press.com\/de\/produkt\/zwischen-angst-und-hoffnung-hasan-yousefi-eshkevari-kopie\/","title":{"rendered":"Zwischen Angst und Hoffnung | Hasan Yousefi Eshkevari"},"content":{"rendered":"<table style=\"font-size: 14.4px;\">\n<tbody>\n<tr>\n<th style=\"text-align: left;\"><span style=\"color: #800000;\">Titel<\/span><\/th>\n<th style=\"text-align: left;\">Zwischen Angst und Hoffnung<\/th>\n<\/tr>\n<tr>\n<th style=\"text-align: left;\"><\/th>\n<th style=\"text-align: left;\">Tagebuchnotizen aus der ersten Legislaturperiode des Islamischen Parlaments<\/th>\n<\/tr>\n<tr>\n<td style=\"text-align: left;\"><span style=\"color: #800000;\">Verfasser<\/span><\/td>\n<td>Hasan Yousefi Eshkevari<\/td>\n<\/tr>\n<tr>\n<td style=\"text-align: left;\"><span style=\"color: #800000;\">Auflage<\/span><\/td>\n<td>1<\/td>\n<\/tr>\n<tr>\n<td style=\"text-align: left;\"><span style=\"color: #800000;\">Seiten<\/span><\/td>\n<td>560<\/td>\n<\/tr>\n<tr>\n<td style=\"text-align: left;\"><span style=\"color: #800000;\">Format<\/span><\/td>\n<td>A5<\/td>\n<\/tr>\n<tr>\n<td style=\"text-align: left;\"><span style=\"color: #800000;\">Sprache<\/span><\/td>\n<td>Persisch (Farsi)<\/td>\n<\/tr>\n<tr>\n<td style=\"text-align: left;\"><span style=\"color: #800000;\">Erscheinungsjahr<\/span><\/td>\n<td>2025<\/td>\n<\/tr>\n<tr>\n<td style=\"text-align: left;\"><span style=\"color: #800000;\">ISBN<\/span><\/td>\n<td>978-3-948894-32-0<\/td>\n<\/tr>\n<tr>\n<td style=\"text-align: left;\"><span style=\"color: #800000;\">Verlag<\/span><\/td>\n<td>New Thought PRESS<\/td>\n<\/tr>\n<\/tbody>\n<\/table>\n<p><strong>\u00dcber das Buch<\/strong><\/p>\n<p>Dieses Buch bietet einen nachdenklichen Einblick in das Wesen und Schicksal eines revolution\u00e4ren Theologiestudenten der 1960er- und 1970er-Jahre (entsprechend den Jahren 1340\u20131350 des iranischen Kalenders). Es schildert die Entwicklungen der ersten sechs Jahre nach der Revolution von 1979 \u2013 anhand fortlaufender Tagebuchaufzeichnungen, die bis ins Jahr 1986 (1365) reichen.<\/p>\n<p>In dieser Serie datierter Eintr\u00e4ge \u2013 daher zu Recht als Tagebuch bezeichnet \u2013 l\u00e4sst sich die allm\u00e4hliche Erosion der Ideale eines engagierten und hoffnungsvollen Aktivisten nachverfolgen. Jemand, der tief mit der Revolution verbunden war, fest an die F\u00fchrung durch Ayatollah Khomeini glaubte und einigen damaligen Pers\u00f6nlichkeiten Vertrauen schenkte, beginnt im Laufe der Zeit, seinen Glauben an die Umsetzung der verk\u00fcndeten Ziele zu verlieren. Aus anf\u00e4nglicher Hoffnung werden nach und nach Zweifel, Sorge, Angst \u2013 und schlie\u00dflich tiefgreifende Ern\u00fcchterung.<\/p>\n<p>Der Blick des Autors \u00f6ffnet sich gegen\u00fcber den harten und bitteren Realit\u00e4ten der Nachrevolutionszeit. Er erkennt, dass das zentrale Problem nicht im Fehlverhalten einzelner Verantwortlicher liegt, sondern in den unrealistischen Erwartungen, die aus der ideologischen Ausrichtung der revolution\u00e4ren F\u00fchrung erwachsen sind \u2013 insbesondere aus dem Konzept des klerikalen Islams und dem Prinzip der velayat-e faqih (Rechtsgelehrtenherrschaft), das sich unter dem unklaren, teils widerspr\u00fcchlichen Begriff einer \u201eislamischen Regierung\u201c manifestierte.<\/p>\n<p>Der Titel \u201eHoffnung und Furcht\u201c verweist genau auf diesen inneren Spannungsbogen. Im weiteren Verlauf wird die kritische Haltung des Autors gegen\u00fcber den Ereignissen, den Verantwortlichen \u2013 und schlie\u00dflich auch gegen\u00fcber Ayatollah Khomeini \u2013 immer deutlicher und direkter.<\/p>\n<p><a href=\"https:\/\/nt-press.com\/wp-content\/uploads\/2025\/06\/bimomid-moarrefi.pdf\" target=\"_blank\" rel=\"noopener noreferrer\"><strong>VORGESCHMACK<\/strong><\/a><\/p>\n ","protected":false},"excerpt":{"rendered":"<p><a href=\"https:\/\/nt-press.com\/wp-content\/uploads\/2025\/06\/bimomid-moarrefi.pdf\" target=\"_blank\" rel=\"noopener noreferrer\"><strong>VORGESCHMACK<\/strong><\/a><\/p>\n","protected":false},"featured_media":1916,"template":"","meta":[],"product_brand":[],"product_cat":[134,136],"product_tag":[250],"class_list":{"0":"post-1913","1":"product","2":"type-product","3":"status-publish","4":"has-post-thumbnail","6":"product_cat-geschichte","7":"product_cat-politik","8":"product_tag-eshkevari","9":"product_shipping_class-1kg-de","11":"first","12":"instock","13":"featured","14":"taxable","15":"shipping-taxable","16":"purchasable","17":"product-type-simple"},"yoast_head":"<!-- This site is optimized with the Yoast SEO plugin v25.2 - https:\/\/yoast.com\/wordpress\/plugins\/seo\/ -->\n<title>Zwischen Angst und Hoffnung | Hasan Yousefi Eshkevari - New Thought PRESS<\/title>\n<meta name=\"description\" content=\"New Thought PRESS - Zwischen Angst und Hoffnung | Hasan Yousefi Eshkevari\" \/>\n<meta name=\"robots\" content=\"index, follow, max-snippet:-1, max-image-preview:large, max-video-preview:-1\" \/>\n<link rel=\"canonical\" href=\"https:\/\/nt-press.com\/de\/produkt\/zwischen-angst-und-hoffnung-hasan-yousefi-eshkevari-kopie\/\" \/>\n<meta property=\"og:locale\" content=\"de_DE\" \/>\n<meta property=\"og:type\" content=\"article\" \/>\n<meta property=\"og:title\" content=\"Zwischen Angst und Hoffnung | Hasan Yousefi Eshkevari - New Thought PRESS\" \/>\n<meta property=\"og:description\" content=\"New Thought PRESS - Zwischen Angst und Hoffnung | Hasan Yousefi Eshkevari\" \/>\n<meta property=\"og:url\" content=\"https:\/\/nt-press.com\/de\/produkt\/zwischen-angst-und-hoffnung-hasan-yousefi-eshkevari-kopie\/\" \/>\n<meta property=\"og:site_name\" content=\"New Thought PRESS\" \/>\n<meta property=\"article:modified_time\" content=\"2025-06-09T18:43:18+00:00\" \/>\n<meta property=\"og:image\" content=\"https:\/\/nt-press.com\/wp-content\/uploads\/2025\/06\/bimomid-cover.png\" \/>\n\t<meta property=\"og:image:width\" content=\"400\" \/>\n\t<meta property=\"og:image:height\" content=\"568\" \/>\n\t<meta property=\"og:image:type\" content=\"image\/png\" \/>\n<meta name=\"twitter:card\" content=\"summary_large_image\" \/>\n<meta name=\"twitter:label1\" content=\"Gesch\u00e4tzte Lesezeit\" \/>\n\t<meta name=\"twitter:data1\" content=\"2\u00a0Minuten\" \/>\n<script type=\"application\/ld+json\" class=\"yoast-schema-graph\">{\"@context\":\"https:\/\/schema.org\",\"@graph\":[{\"@type\":\"WebPage\",\"@id\":\"https:\/\/nt-press.com\/de\/produkt\/zwischen-angst-und-hoffnung-hasan-yousefi-eshkevari-kopie\/\",\"url\":\"https:\/\/nt-press.com\/de\/produkt\/zwischen-angst-und-hoffnung-hasan-yousefi-eshkevari-kopie\/\",\"name\":\"Zwischen Angst und Hoffnung | Hasan Yousefi Eshkevari - New Thought PRESS\",\"isPartOf\":{\"@id\":\"https:\/\/nt-press.com\/#website\"},\"primaryImageOfPage\":{\"@id\":\"https:\/\/nt-press.com\/de\/produkt\/zwischen-angst-und-hoffnung-hasan-yousefi-eshkevari-kopie\/#primaryimage\"},\"image\":{\"@id\":\"https:\/\/nt-press.com\/de\/produkt\/zwischen-angst-und-hoffnung-hasan-yousefi-eshkevari-kopie\/#primaryimage\"},\"thumbnailUrl\":\"https:\/\/nt-press.com\/wp-content\/uploads\/2025\/06\/bimomid-cover.png\",\"datePublished\":\"2025-06-09T14:20:21+00:00\",\"dateModified\":\"2025-06-09T18:43:18+00:00\",\"description\":\"New Thought PRESS - Zwischen Angst und Hoffnung | Hasan Yousefi Eshkevari\",\"breadcrumb\":{\"@id\":\"https:\/\/nt-press.com\/de\/produkt\/zwischen-angst-und-hoffnung-hasan-yousefi-eshkevari-kopie\/#breadcrumb\"},\"inLanguage\":\"de\",\"potentialAction\":[{\"@type\":\"ReadAction\",\"target\":[\"https:\/\/nt-press.com\/de\/produkt\/zwischen-angst-und-hoffnung-hasan-yousefi-eshkevari-kopie\/\"]}]},{\"@type\":\"ImageObject\",\"inLanguage\":\"de\",\"@id\":\"https:\/\/nt-press.com\/de\/produkt\/zwischen-angst-und-hoffnung-hasan-yousefi-eshkevari-kopie\/#primaryimage\",\"url\":\"https:\/\/nt-press.com\/wp-content\/uploads\/2025\/06\/bimomid-cover.png\",\"contentUrl\":\"https:\/\/nt-press.com\/wp-content\/uploads\/2025\/06\/bimomid-cover.png\",\"width\":400,\"height\":568},{\"@type\":\"BreadcrumbList\",\"@id\":\"https:\/\/nt-press.com\/de\/produkt\/zwischen-angst-und-hoffnung-hasan-yousefi-eshkevari-kopie\/#breadcrumb\",\"itemListElement\":[{\"@type\":\"ListItem\",\"position\":1,\"name\":\"Home\",\"item\":\"https:\/\/nt-press.com\/de\/\"},{\"@type\":\"ListItem\",\"position\":2,\"name\":\"Shop\",\"item\":\"https:\/\/nt-press.com\/de\/\"},{\"@type\":\"ListItem\",\"position\":3,\"name\":\"Zwischen Angst und Hoffnung | Hasan Yousefi Eshkevari\"}]},{\"@type\":\"WebSite\",\"@id\":\"https:\/\/nt-press.com\/#website\",\"url\":\"https:\/\/nt-press.com\/\",\"name\":\"New Thought PRESS\",\"description\":\"\",\"potentialAction\":[{\"@type\":\"SearchAction\",\"target\":{\"@type\":\"EntryPoint\",\"urlTemplate\":\"https:\/\/nt-press.com\/?s={search_term_string}\"},\"query-input\":{\"@type\":\"PropertyValueSpecification\",\"valueRequired\":true,\"valueName\":\"search_term_string\"}}],\"inLanguage\":\"de\"}]}<\/script>\n<!-- \/ Yoast SEO plugin. -->","yoast_head_json":{"title":"Zwischen Angst und Hoffnung | Hasan Yousefi Eshkevari - New Thought PRESS","description":"New Thought PRESS - Zwischen Angst und Hoffnung | Hasan Yousefi Eshkevari","robots":{"index":"index","follow":"follow","max-snippet":"max-snippet:-1","max-image-preview":"max-image-preview:large","max-video-preview":"max-video-preview:-1"},"canonical":"https:\/\/nt-press.com\/de\/produkt\/zwischen-angst-und-hoffnung-hasan-yousefi-eshkevari-kopie\/","og_locale":"de_DE","og_type":"article","og_title":"Zwischen Angst und Hoffnung | Hasan Yousefi Eshkevari - New Thought PRESS","og_description":"New Thought PRESS - Zwischen Angst und Hoffnung | Hasan Yousefi Eshkevari","og_url":"https:\/\/nt-press.com\/de\/produkt\/zwischen-angst-und-hoffnung-hasan-yousefi-eshkevari-kopie\/","og_site_name":"New Thought PRESS","article_modified_time":"2025-06-09T18:43:18+00:00","og_image":[{"width":400,"height":568,"url":"https:\/\/nt-press.com\/wp-content\/uploads\/2025\/06\/bimomid-cover.png","type":"image\/png"}],"twitter_card":"summary_large_image","twitter_misc":{"Gesch\u00e4tzte Lesezeit":"2\u00a0Minuten"},"schema":{"@context":"https:\/\/schema.org","@graph":[{"@type":"WebPage","@id":"https:\/\/nt-press.com\/de\/produkt\/zwischen-angst-und-hoffnung-hasan-yousefi-eshkevari-kopie\/","url":"https:\/\/nt-press.com\/de\/produkt\/zwischen-angst-und-hoffnung-hasan-yousefi-eshkevari-kopie\/","name":"Zwischen Angst und Hoffnung | Hasan Yousefi Eshkevari - New Thought PRESS","isPartOf":{"@id":"https:\/\/nt-press.com\/#website"},"primaryImageOfPage":{"@id":"https:\/\/nt-press.com\/de\/produkt\/zwischen-angst-und-hoffnung-hasan-yousefi-eshkevari-kopie\/#primaryimage"},"image":{"@id":"https:\/\/nt-press.com\/de\/produkt\/zwischen-angst-und-hoffnung-hasan-yousefi-eshkevari-kopie\/#primaryimage"},"thumbnailUrl":"https:\/\/nt-press.com\/wp-content\/uploads\/2025\/06\/bimomid-cover.png","datePublished":"2025-06-09T14:20:21+00:00","dateModified":"2025-06-09T18:43:18+00:00","description":"New Thought PRESS - Zwischen Angst und Hoffnung | Hasan Yousefi Eshkevari","breadcrumb":{"@id":"https:\/\/nt-press.com\/de\/produkt\/zwischen-angst-und-hoffnung-hasan-yousefi-eshkevari-kopie\/#breadcrumb"},"inLanguage":"de","potentialAction":[{"@type":"ReadAction","target":["https:\/\/nt-press.com\/de\/produkt\/zwischen-angst-und-hoffnung-hasan-yousefi-eshkevari-kopie\/"]}]},{"@type":"ImageObject","inLanguage":"de","@id":"https:\/\/nt-press.com\/de\/produkt\/zwischen-angst-und-hoffnung-hasan-yousefi-eshkevari-kopie\/#primaryimage","url":"https:\/\/nt-press.com\/wp-content\/uploads\/2025\/06\/bimomid-cover.png","contentUrl":"https:\/\/nt-press.com\/wp-content\/uploads\/2025\/06\/bimomid-cover.png","width":400,"height":568},{"@type":"BreadcrumbList","@id":"https:\/\/nt-press.com\/de\/produkt\/zwischen-angst-und-hoffnung-hasan-yousefi-eshkevari-kopie\/#breadcrumb","itemListElement":[{"@type":"ListItem","position":1,"name":"Home","item":"https:\/\/nt-press.com\/de\/"},{"@type":"ListItem","position":2,"name":"Shop","item":"https:\/\/nt-press.com\/de\/"},{"@type":"ListItem","position":3,"name":"Zwischen Angst und Hoffnung | Hasan Yousefi Eshkevari"}]},{"@type":"WebSite","@id":"https:\/\/nt-press.com\/#website","url":"https:\/\/nt-press.com\/","name":"New Thought PRESS","description":"","potentialAction":[{"@type":"SearchAction","target":{"@type":"EntryPoint","urlTemplate":"https:\/\/nt-press.com\/?s={search_term_string}"},"query-input":{"@type":"PropertyValueSpecification","valueRequired":true,"valueName":"search_term_string"}}],"inLanguage":"de"}]}},"_links":{"self":[{"href":"https:\/\/nt-press.com\/de\/wp-json\/wp\/v2\/product\/1913","targetHints":{"allow":["GET"]}}],"collection":[{"href":"https:\/\/nt-press.com\/de\/wp-json\/wp\/v2\/product"}],"about":[{"href":"https:\/\/nt-press.com\/de\/wp-json\/wp\/v2\/types\/product"}],"wp:featuredmedia":[{"embeddable":true,"href":"https:\/\/nt-press.com\/de\/wp-json\/wp\/v2\/media\/1916"}],"wp:attachment":[{"href":"https:\/\/nt-press.com\/de\/wp-json\/wp\/v2\/media?parent=1913"}],"wp:term":[{"taxonomy":"product_brand","embeddable":true,"href":"https:\/\/nt-press.com\/de\/wp-json\/wp\/v2\/product_brand?post=1913"},{"taxonomy":"product_cat","embeddable":true,"href":"https:\/\/nt-press.com\/de\/wp-json\/wp\/v2\/product_cat?post=1913"},{"taxonomy":"product_tag","embeddable":true,"href":"https:\/\/nt-press.com\/de\/wp-json\/wp\/v2\/product_tag?post=1913"}],"curies":[{"name":"wp","href":"https:\/\/api.w.org\/{rel}","templated":true}]}}