{"id":1871,"date":"2024-11-13T21:41:23","date_gmt":"2024-11-13T19:41:24","guid":{"rendered":"https:\/\/www.nt-press.com\/?post_type=product&#038;p=1871"},"modified":"2024-12-15T23:09:50","modified_gmt":"2024-12-15T21:09:50","slug":"iqbal-und-der-einfluss-westlicher-denker-auf-sein-denken-mohammad-masoud-norouzi","status":"publish","type":"product","link":"https:\/\/nt-press.com\/de\/produkt\/iqbal-und-der-einfluss-westlicher-denker-auf-sein-denken-mohammad-masoud-norouzi\/","title":{"rendered":"Iqbal und der Einfluss westlicher Denker auf sein Denken | Mohammad Masoud Norouzi"},"content":{"rendered":"<table style=\"font-size: 14.4px;\">\n<tbody>\n<tr>\n<th style=\"text-align: left;\"><span style=\"color: #800000;\">Titel<\/span><\/th>\n<th style=\"text-align: left;\"><strong>Iqbal und der Einfluss westlicher Denker auf sein Denken<\/strong><\/th>\n<\/tr>\n<tr>\n<th style=\"text-align: left;\"><span style=\"color: #800000;\">Originaltitel<\/span><\/th>\n<th style=\"text-align: left;\">Western Influence in Iqbal<\/th>\n<\/tr>\n<tr>\n<td style=\"text-align: left;\"><span style=\"color: #800000;\">Verfasser<\/span><\/td>\n<td>T. C. Rastogi<\/td>\n<\/tr>\n<tr>\n<td style=\"text-align: left;\"><span style=\"color: #800000;\">\u00dcbersetzer<\/span><\/td>\n<td>Mohammad Masoud Norouzi<\/td>\n<\/tr>\n<tr>\n<td style=\"text-align: left;\"><span style=\"color: #800000;\">Auflage<\/span><\/td>\n<td>1<\/td>\n<\/tr>\n<tr>\n<td style=\"text-align: left;\"><span style=\"color: #800000;\">Seiten<\/span><\/td>\n<td>320<\/td>\n<\/tr>\n<tr>\n<td style=\"text-align: left;\"><span style=\"color: #800000;\">Format<\/span><\/td>\n<td>17 x 24 cm<\/td>\n<\/tr>\n<tr>\n<td style=\"text-align: left;\"><span style=\"color: #800000;\">Sprache<\/span><\/td>\n<td>Persisch (Farsi)<\/td>\n<\/tr>\n<tr>\n<td style=\"text-align: left;\"><span style=\"color: #800000;\">Erscheinungsjahr<\/span><\/td>\n<td>2024<\/td>\n<\/tr>\n<tr>\n<td style=\"text-align: left;\"><span style=\"color: #800000;\">ISBN<\/span><\/td>\n<td>978-3-948894-29-0<\/td>\n<\/tr>\n<tr>\n<td style=\"text-align: left;\"><span style=\"color: #800000;\">Verlag<\/span><\/td>\n<td>New Thought PRESS<\/td>\n<\/tr>\n<\/tbody>\n<\/table>\n<p>&nbsp;<\/p>\n<p><strong>Iqbal und der Einfluss westlicher Denker auf sein Denken<\/strong><\/p>\n<p>Muhammad Iqbal (1877-1938), einer der bedeutendsten Dichter, Philosophen und Denker der islamischen Welt, wurde von westlichen Denkern beeinflusst. Obwohl Iqbal tief in der islamischen Tradition verwurzelt war, spiegeln seine Werke eine umfassende Auseinandersetzung mit westlicher Philosophie wider. Diese Synthese \u00f6stlicher und westlicher Ideen erm\u00f6glichte es ihm, eine einzigartige Vision f\u00fcr die spirituelle und intellektuelle Erneuerung der muslimischen Gemeinschaft zu entwickeln. Im Folgenden wird der Einfluss einiger bedeutender westlicher Denker auf Iqbals Gedanken beleuchtet.<\/p>\n ","protected":false},"excerpt":{"rendered":"<p>Titel Iqbal und der Einfluss westlicher Denker auf sein Denken Originaltitel Western Influence in Iqbal Verfasser T. C. Rastogi \u00dcbersetzer Mohammad Masoud Norouzi Auflage 1 Seiten 320 Format 17 x 24 cm Sprache Persisch (Farsi) Erscheinungsjahr 2024 ISBN 978-3-948894-29-0 Verlag New Thought PRESS &nbsp; Iqbal und der Einfluss westlicher Denker auf sein Denken Muhammad Iqbal [&#8230;]\n","protected":false},"featured_media":1885,"template":"","meta":[],"product_brand":[],"product_cat":[126,134,138,130],"product_tag":[],"class_list":{"0":"post-1871","1":"product","2":"type-product","3":"status-publish","4":"has-post-thumbnail","6":"product_cat-philosophie","7":"product_cat-geschichte","8":"product_cat-religion-de","9":"product_cat-biographie","10":"product_shipping_class-1kg-de","12":"first","13":"instock","14":"featured","15":"taxable","16":"shipping-taxable","17":"purchasable","18":"product-type-simple"},"yoast_head":"<!-- This site is optimized with the Yoast SEO plugin v25.2 - https:\/\/yoast.com\/wordpress\/plugins\/seo\/ -->\n<title>Iqbal und der Einfluss westlicher Denker auf sein Denken | Mohammad Masoud Norouzi - New Thought PRESS<\/title>\n<meta name=\"description\" content=\"New Thought PRESS - Iqbal und der Einfluss westlicher Denker auf sein Denken | Mohammad Masoud Norouzi\" \/>\n<meta name=\"robots\" content=\"index, follow, max-snippet:-1, max-image-preview:large, max-video-preview:-1\" \/>\n<link rel=\"canonical\" href=\"https:\/\/nt-press.com\/de\/produkt\/iqbal-und-der-einfluss-westlicher-denker-auf-sein-denken-mohammad-masoud-norouzi\/\" \/>\n<meta property=\"og:locale\" content=\"de_DE\" \/>\n<meta property=\"og:type\" content=\"article\" \/>\n<meta property=\"og:title\" content=\"Iqbal und der Einfluss westlicher Denker auf sein Denken | Mohammad Masoud Norouzi - New Thought PRESS\" \/>\n<meta property=\"og:description\" content=\"New Thought PRESS - Iqbal und der Einfluss westlicher Denker auf sein Denken | Mohammad Masoud Norouzi\" \/>\n<meta property=\"og:url\" content=\"https:\/\/nt-press.com\/de\/produkt\/iqbal-und-der-einfluss-westlicher-denker-auf-sein-denken-mohammad-masoud-norouzi\/\" \/>\n<meta property=\"og:site_name\" content=\"New Thought PRESS\" \/>\n<meta property=\"article:modified_time\" content=\"2024-12-15T21:09:50+00:00\" \/>\n<meta property=\"og:image\" content=\"https:\/\/nt-press.com\/wp-content\/uploads\/2024\/11\/cover-iqbal-1.png\" \/>\n\t<meta property=\"og:image:width\" content=\"400\" \/>\n\t<meta property=\"og:image:height\" content=\"555\" \/>\n\t<meta property=\"og:image:type\" content=\"image\/png\" \/>\n<meta name=\"twitter:card\" content=\"summary_large_image\" \/>\n<meta name=\"twitter:label1\" content=\"Gesch\u00e4tzte Lesezeit\" \/>\n\t<meta name=\"twitter:data1\" content=\"1\u00a0Minute\" \/>\n<script type=\"application\/ld+json\" class=\"yoast-schema-graph\">{\"@context\":\"https:\/\/schema.org\",\"@graph\":[{\"@type\":\"WebPage\",\"@id\":\"https:\/\/nt-press.com\/de\/produkt\/iqbal-und-der-einfluss-westlicher-denker-auf-sein-denken-mohammad-masoud-norouzi\/\",\"url\":\"https:\/\/nt-press.com\/de\/produkt\/iqbal-und-der-einfluss-westlicher-denker-auf-sein-denken-mohammad-masoud-norouzi\/\",\"name\":\"Iqbal und der Einfluss westlicher Denker auf sein Denken | Mohammad Masoud Norouzi - New Thought PRESS\",\"isPartOf\":{\"@id\":\"https:\/\/nt-press.com\/#website\"},\"primaryImageOfPage\":{\"@id\":\"https:\/\/nt-press.com\/de\/produkt\/iqbal-und-der-einfluss-westlicher-denker-auf-sein-denken-mohammad-masoud-norouzi\/#primaryimage\"},\"image\":{\"@id\":\"https:\/\/nt-press.com\/de\/produkt\/iqbal-und-der-einfluss-westlicher-denker-auf-sein-denken-mohammad-masoud-norouzi\/#primaryimage\"},\"thumbnailUrl\":\"https:\/\/nt-press.com\/wp-content\/uploads\/2024\/11\/cover-iqbal-1.png\",\"datePublished\":\"2024-11-13T19:41:24+00:00\",\"dateModified\":\"2024-12-15T21:09:50+00:00\",\"description\":\"New Thought PRESS - Iqbal und der Einfluss westlicher Denker auf sein Denken | Mohammad Masoud Norouzi\",\"breadcrumb\":{\"@id\":\"https:\/\/nt-press.com\/de\/produkt\/iqbal-und-der-einfluss-westlicher-denker-auf-sein-denken-mohammad-masoud-norouzi\/#breadcrumb\"},\"inLanguage\":\"de\",\"potentialAction\":[{\"@type\":\"ReadAction\",\"target\":[\"https:\/\/nt-press.com\/de\/produkt\/iqbal-und-der-einfluss-westlicher-denker-auf-sein-denken-mohammad-masoud-norouzi\/\"]}]},{\"@type\":\"ImageObject\",\"inLanguage\":\"de\",\"@id\":\"https:\/\/nt-press.com\/de\/produkt\/iqbal-und-der-einfluss-westlicher-denker-auf-sein-denken-mohammad-masoud-norouzi\/#primaryimage\",\"url\":\"https:\/\/nt-press.com\/wp-content\/uploads\/2024\/11\/cover-iqbal-1.png\",\"contentUrl\":\"https:\/\/nt-press.com\/wp-content\/uploads\/2024\/11\/cover-iqbal-1.png\",\"width\":400,\"height\":555},{\"@type\":\"BreadcrumbList\",\"@id\":\"https:\/\/nt-press.com\/de\/produkt\/iqbal-und-der-einfluss-westlicher-denker-auf-sein-denken-mohammad-masoud-norouzi\/#breadcrumb\",\"itemListElement\":[{\"@type\":\"ListItem\",\"position\":1,\"name\":\"Home\",\"item\":\"https:\/\/nt-press.com\/de\/\"},{\"@type\":\"ListItem\",\"position\":2,\"name\":\"Shop\",\"item\":\"https:\/\/nt-press.com\/de\/\"},{\"@type\":\"ListItem\",\"position\":3,\"name\":\"Iqbal und der Einfluss westlicher Denker auf sein Denken | Mohammad Masoud Norouzi\"}]},{\"@type\":\"WebSite\",\"@id\":\"https:\/\/nt-press.com\/#website\",\"url\":\"https:\/\/nt-press.com\/\",\"name\":\"New Thought PRESS\",\"description\":\"\",\"potentialAction\":[{\"@type\":\"SearchAction\",\"target\":{\"@type\":\"EntryPoint\",\"urlTemplate\":\"https:\/\/nt-press.com\/?s={search_term_string}\"},\"query-input\":{\"@type\":\"PropertyValueSpecification\",\"valueRequired\":true,\"valueName\":\"search_term_string\"}}],\"inLanguage\":\"de\"}]}<\/script>\n<!-- \/ Yoast SEO plugin. -->","yoast_head_json":{"title":"Iqbal und der Einfluss westlicher Denker auf sein Denken | Mohammad Masoud Norouzi - New Thought PRESS","description":"New Thought PRESS - Iqbal und der Einfluss westlicher Denker auf sein Denken | Mohammad Masoud Norouzi","robots":{"index":"index","follow":"follow","max-snippet":"max-snippet:-1","max-image-preview":"max-image-preview:large","max-video-preview":"max-video-preview:-1"},"canonical":"https:\/\/nt-press.com\/de\/produkt\/iqbal-und-der-einfluss-westlicher-denker-auf-sein-denken-mohammad-masoud-norouzi\/","og_locale":"de_DE","og_type":"article","og_title":"Iqbal und der Einfluss westlicher Denker auf sein Denken | Mohammad Masoud Norouzi - New Thought PRESS","og_description":"New Thought PRESS - Iqbal und der Einfluss westlicher Denker auf sein Denken | Mohammad Masoud Norouzi","og_url":"https:\/\/nt-press.com\/de\/produkt\/iqbal-und-der-einfluss-westlicher-denker-auf-sein-denken-mohammad-masoud-norouzi\/","og_site_name":"New Thought PRESS","article_modified_time":"2024-12-15T21:09:50+00:00","og_image":[{"width":400,"height":555,"url":"https:\/\/nt-press.com\/wp-content\/uploads\/2024\/11\/cover-iqbal-1.png","type":"image\/png"}],"twitter_card":"summary_large_image","twitter_misc":{"Gesch\u00e4tzte Lesezeit":"1\u00a0Minute"},"schema":{"@context":"https:\/\/schema.org","@graph":[{"@type":"WebPage","@id":"https:\/\/nt-press.com\/de\/produkt\/iqbal-und-der-einfluss-westlicher-denker-auf-sein-denken-mohammad-masoud-norouzi\/","url":"https:\/\/nt-press.com\/de\/produkt\/iqbal-und-der-einfluss-westlicher-denker-auf-sein-denken-mohammad-masoud-norouzi\/","name":"Iqbal und der Einfluss westlicher Denker auf sein Denken | Mohammad Masoud Norouzi - New Thought PRESS","isPartOf":{"@id":"https:\/\/nt-press.com\/#website"},"primaryImageOfPage":{"@id":"https:\/\/nt-press.com\/de\/produkt\/iqbal-und-der-einfluss-westlicher-denker-auf-sein-denken-mohammad-masoud-norouzi\/#primaryimage"},"image":{"@id":"https:\/\/nt-press.com\/de\/produkt\/iqbal-und-der-einfluss-westlicher-denker-auf-sein-denken-mohammad-masoud-norouzi\/#primaryimage"},"thumbnailUrl":"https:\/\/nt-press.com\/wp-content\/uploads\/2024\/11\/cover-iqbal-1.png","datePublished":"2024-11-13T19:41:24+00:00","dateModified":"2024-12-15T21:09:50+00:00","description":"New Thought PRESS - Iqbal und der Einfluss westlicher Denker auf sein Denken | Mohammad Masoud Norouzi","breadcrumb":{"@id":"https:\/\/nt-press.com\/de\/produkt\/iqbal-und-der-einfluss-westlicher-denker-auf-sein-denken-mohammad-masoud-norouzi\/#breadcrumb"},"inLanguage":"de","potentialAction":[{"@type":"ReadAction","target":["https:\/\/nt-press.com\/de\/produkt\/iqbal-und-der-einfluss-westlicher-denker-auf-sein-denken-mohammad-masoud-norouzi\/"]}]},{"@type":"ImageObject","inLanguage":"de","@id":"https:\/\/nt-press.com\/de\/produkt\/iqbal-und-der-einfluss-westlicher-denker-auf-sein-denken-mohammad-masoud-norouzi\/#primaryimage","url":"https:\/\/nt-press.com\/wp-content\/uploads\/2024\/11\/cover-iqbal-1.png","contentUrl":"https:\/\/nt-press.com\/wp-content\/uploads\/2024\/11\/cover-iqbal-1.png","width":400,"height":555},{"@type":"BreadcrumbList","@id":"https:\/\/nt-press.com\/de\/produkt\/iqbal-und-der-einfluss-westlicher-denker-auf-sein-denken-mohammad-masoud-norouzi\/#breadcrumb","itemListElement":[{"@type":"ListItem","position":1,"name":"Home","item":"https:\/\/nt-press.com\/de\/"},{"@type":"ListItem","position":2,"name":"Shop","item":"https:\/\/nt-press.com\/de\/"},{"@type":"ListItem","position":3,"name":"Iqbal und der Einfluss westlicher Denker auf sein Denken | Mohammad Masoud Norouzi"}]},{"@type":"WebSite","@id":"https:\/\/nt-press.com\/#website","url":"https:\/\/nt-press.com\/","name":"New Thought PRESS","description":"","potentialAction":[{"@type":"SearchAction","target":{"@type":"EntryPoint","urlTemplate":"https:\/\/nt-press.com\/?s={search_term_string}"},"query-input":{"@type":"PropertyValueSpecification","valueRequired":true,"valueName":"search_term_string"}}],"inLanguage":"de"}]}},"_links":{"self":[{"href":"https:\/\/nt-press.com\/de\/wp-json\/wp\/v2\/product\/1871","targetHints":{"allow":["GET"]}}],"collection":[{"href":"https:\/\/nt-press.com\/de\/wp-json\/wp\/v2\/product"}],"about":[{"href":"https:\/\/nt-press.com\/de\/wp-json\/wp\/v2\/types\/product"}],"wp:featuredmedia":[{"embeddable":true,"href":"https:\/\/nt-press.com\/de\/wp-json\/wp\/v2\/media\/1885"}],"wp:attachment":[{"href":"https:\/\/nt-press.com\/de\/wp-json\/wp\/v2\/media?parent=1871"}],"wp:term":[{"taxonomy":"product_brand","embeddable":true,"href":"https:\/\/nt-press.com\/de\/wp-json\/wp\/v2\/product_brand?post=1871"},{"taxonomy":"product_cat","embeddable":true,"href":"https:\/\/nt-press.com\/de\/wp-json\/wp\/v2\/product_cat?post=1871"},{"taxonomy":"product_tag","embeddable":true,"href":"https:\/\/nt-press.com\/de\/wp-json\/wp\/v2\/product_tag?post=1871"}],"curies":[{"name":"wp","href":"https:\/\/api.w.org\/{rel}","templated":true}]}}