{"id":1783,"date":"2024-08-23T12:54:54","date_gmt":"2024-08-23T12:54:55","guid":{"rendered":"https:\/\/www.nt-press.com\/?post_type=product&#038;p=1783"},"modified":"2024-08-23T19:46:00","modified_gmt":"2024-08-23T19:46:00","slug":"aus-naechstenliebe-statt-aus-pflicht-abdulkarim-soroush","status":"publish","type":"product","link":"https:\/\/nt-press.com\/de\/produkt\/aus-naechstenliebe-statt-aus-pflicht-abdulkarim-soroush\/","title":{"rendered":"Aus N\u00e4chstenliebe, statt aus Pflicht | Abdulkarim Soroush"},"content":{"rendered":"<table style=\"font-size: 14.4px;\">\n<tbody>\n<tr>\n<th style=\"text-align: left;\"><span style=\"color: #800000;\">Titel<\/span><\/th>\n<th style=\"text-align: left;\">Aus N\u00e4chstenliebe, statt aus Pflicht<\/th>\n<\/tr>\n<tr>\n<td style=\"text-align: left;\"><span style=\"color: #800000;\">aus der Reihe<\/span><\/td>\n<td>Erz\u00e4hlungen von Herren der Weisheit<\/td>\n<\/tr>\n<tr>\n<td style=\"text-align: left;\"><span style=\"color: #800000;\">Verfasser<\/span><\/td>\n<td>Abdulkarim Soroush<\/td>\n<\/tr>\n<tr>\n<td style=\"text-align: left;\"><span style=\"color: #800000;\">Auflage<\/span><\/td>\n<td>1.<\/td>\n<\/tr>\n<tr>\n<td style=\"text-align: left;\"><span style=\"color: #800000;\">Seiten<\/span><\/td>\n<td>528<\/td>\n<\/tr>\n<tr>\n<td style=\"text-align: left;\"><span style=\"color: #800000;\">Format<\/span><\/td>\n<td>17 x 24 cm<\/td>\n<\/tr>\n<tr>\n<td style=\"text-align: left;\"><span style=\"color: #800000;\">Sprache<\/span><\/td>\n<td>Persisch (Farsi)<\/td>\n<\/tr>\n<tr>\n<td style=\"text-align: left;\"><span style=\"color: #800000;\">Erscheinungsjahr<\/span><\/td>\n<td>2024<\/td>\n<\/tr>\n<tr>\n<td style=\"text-align: left;\"><span style=\"color: #800000;\">ISBN<\/span><\/td>\n<td>978-3-948894-30-6<\/td>\n<\/tr>\n<tr>\n<td style=\"text-align: left;\"><span style=\"color: #800000;\">Verlag<\/span><\/td>\n<td>New Thought PRESS<\/td>\n<\/tr>\n<\/tbody>\n<\/table>\n<p>Aus der Einleitung des Buches:<\/p>\n<p>Dank dem g\u00fctigen Gott, dass das dritte Buch in der Reihe \u201eGeschichten der Weisen\u201c mit dem Titel \u201eAus N\u00e4chstenliebe, statt aus Pflicht\u201c ver\u00f6ffentlicht wurde. Diejenigen, die mit meinen Werken in Wort und Schrift vertraut sind, werden erkennen, dass das Konzept von Recht und Pflicht schon lange ein zentrales Anliegen f\u00fcr mich ist. Ich kann mit Zuversicht behaupten, dass meine Arbeit die erste war, die den Gegensatz zwischen diesen Kategorien im Hinblick auf Tradition versus Moderne und Despotismus versus Liberalismus beleuchtet hat. Ich habe auch betont, dass das, was gemeinhin als Liberalismus bezeichnet wird, am ehesten als die \u201ean Rechtlichkeit orientierte Schule\u201c verstanden und interpretiert werden kann. Der Hauptunterschied zwischen traditionellen und modernen Menschen liegt in ihrem Selbstverst\u00e4ndnis: Erstere sind pflichtgebunden, da sie sich Gesetzen unterwerfen und dem Gesetzgeber gerecht zu werden als ihre Pflicht ansehen, w\u00e4hrend Letztere sich als Subjekte verstehen, die Anspruch auf Rechte und ihre Geltendmachung haben. Dieser Perspektivenwechsel erkl\u00e4rt, warum moderne Menschen ihr Leben \u00fcber ihren Glauben stellen und Religion als ihr Recht und nicht als ihre Pflicht betrachten. Ich bin weiterhin der Ansicht, dass sich Ethik und Staatlichkeit in der modernen Welt an Rechten orientieren, w\u00e4hrend sie in der traditionellen Welt auf Pflichten basieren.<\/p>\n<a class=\"button primary is-primary is-medium\"  >\n\t\t<span>INHALTSVERZEICHNIS<\/span>\n\t<\/a>\n\n ","protected":false},"excerpt":{"rendered":"<p>Titel Aus N\u00e4chstenliebe, statt aus Pflicht aus der Reihe Erz\u00e4hlungen von Herren der Weisheit Verfasser Abdulkarim Soroush Auflage 1. Seiten 528 Format 17 x 24 cm Sprache Persisch (Farsi) Erscheinungsjahr 2024 ISBN 978-3-948894-30-6 Verlag New Thought PRESS Aus der Einleitung des Buches: Dank dem g\u00fctigen Gott, dass das dritte Buch in der Reihe \u201eGeschichten der [&#8230;]\n","protected":false},"featured_media":1795,"template":"","meta":[],"product_brand":[],"product_cat":[126,138,136,132],"product_tag":[215],"class_list":{"0":"post-1783","1":"product","2":"type-product","3":"status-publish","4":"has-post-thumbnail","6":"product_cat-philosophie","7":"product_cat-religion-de","8":"product_cat-politik","9":"product_cat-kultur","10":"product_tag-abdulkarim-soroush-de","11":"product_shipping_class-1kg-de","13":"first","14":"instock","15":"featured","16":"taxable","17":"shipping-taxable","18":"purchasable","19":"product-type-simple"},"yoast_head":"<!-- This site is optimized with the Yoast SEO plugin v25.2 - https:\/\/yoast.com\/wordpress\/plugins\/seo\/ -->\n<title>Aus N\u00e4chstenliebe, statt aus Pflicht | Abdulkarim Soroush<\/title>\n<meta name=\"robots\" content=\"index, follow, max-snippet:-1, max-image-preview:large, max-video-preview:-1\" \/>\n<link rel=\"canonical\" href=\"https:\/\/nt-press.com\/produkt\/out-of-charity-not-out-of-duty-abdulkarim-soroush\/\" \/>\n<meta property=\"og:locale\" content=\"de_DE\" \/>\n<meta property=\"og:type\" content=\"article\" \/>\n<meta property=\"og:title\" content=\"Aus N\u00e4chstenliebe, statt aus Pflicht | Abdulkarim Soroush\" \/>\n<meta property=\"og:description\" content=\"Titel Aus N\u00e4chstenliebe, statt aus Pflicht aus der Reihe Erz\u00e4hlungen von Herren der Weisheit Verfasser Abdulkarim Soroush Auflage 1. Seiten 528 Format 17 x 24 cm Sprache Persisch (Farsi) Erscheinungsjahr 2024 ISBN 978-3-948894-30-6 Verlag New Thought PRESS Aus der Einleitung des Buches: Dank dem g\u00fctigen Gott, dass das dritte Buch in der Reihe \u201eGeschichten der [...]\" \/>\n<meta property=\"og:url\" content=\"https:\/\/nt-press.com\/produkt\/out-of-charity-not-out-of-duty-abdulkarim-soroush\/\" \/>\n<meta property=\"og:site_name\" content=\"New Thought PRESS\" \/>\n<meta property=\"article:modified_time\" content=\"2024-08-23T19:46:00+00:00\" \/>\n<meta property=\"og:image\" content=\"https:\/\/nt-press.com\/wp-content\/uploads\/2024\/08\/Cover-Ghese-arbab-3-1.png\" \/>\n\t<meta property=\"og:image:width\" content=\"389\" \/>\n\t<meta property=\"og:image:height\" content=\"560\" \/>\n\t<meta property=\"og:image:type\" content=\"image\/png\" \/>\n<meta name=\"twitter:card\" content=\"summary_large_image\" \/>\n<meta name=\"twitter:label1\" content=\"Gesch\u00e4tzte Lesezeit\" \/>\n\t<meta name=\"twitter:data1\" content=\"2\u00a0Minuten\" \/>\n<script type=\"application\/ld+json\" class=\"yoast-schema-graph\">{\"@context\":\"https:\/\/schema.org\",\"@graph\":[{\"@type\":\"WebPage\",\"@id\":\"https:\/\/nt-press.com\/produkt\/out-of-charity-not-out-of-duty-abdulkarim-soroush\/\",\"url\":\"https:\/\/nt-press.com\/produkt\/out-of-charity-not-out-of-duty-abdulkarim-soroush\/\",\"name\":\"Aus N\u00e4chstenliebe, statt aus Pflicht | Abdulkarim Soroush\",\"isPartOf\":{\"@id\":\"https:\/\/nt-press.com\/#website\"},\"primaryImageOfPage\":{\"@id\":\"https:\/\/nt-press.com\/produkt\/out-of-charity-not-out-of-duty-abdulkarim-soroush\/#primaryimage\"},\"image\":{\"@id\":\"https:\/\/nt-press.com\/produkt\/out-of-charity-not-out-of-duty-abdulkarim-soroush\/#primaryimage\"},\"thumbnailUrl\":\"https:\/\/nt-press.com\/wp-content\/uploads\/2024\/08\/Cover-Ghese-arbab-3-1.png\",\"datePublished\":\"2024-08-23T12:54:55+00:00\",\"dateModified\":\"2024-08-23T19:46:00+00:00\",\"breadcrumb\":{\"@id\":\"https:\/\/nt-press.com\/produkt\/out-of-charity-not-out-of-duty-abdulkarim-soroush\/#breadcrumb\"},\"inLanguage\":\"de\",\"potentialAction\":[{\"@type\":\"ReadAction\",\"target\":[\"https:\/\/nt-press.com\/produkt\/out-of-charity-not-out-of-duty-abdulkarim-soroush\/\"]}]},{\"@type\":\"ImageObject\",\"inLanguage\":\"de\",\"@id\":\"https:\/\/nt-press.com\/produkt\/out-of-charity-not-out-of-duty-abdulkarim-soroush\/#primaryimage\",\"url\":\"https:\/\/nt-press.com\/wp-content\/uploads\/2024\/08\/Cover-Ghese-arbab-3-1.png\",\"contentUrl\":\"https:\/\/nt-press.com\/wp-content\/uploads\/2024\/08\/Cover-Ghese-arbab-3-1.png\",\"width\":389,\"height\":560},{\"@type\":\"BreadcrumbList\",\"@id\":\"https:\/\/nt-press.com\/produkt\/out-of-charity-not-out-of-duty-abdulkarim-soroush\/#breadcrumb\",\"itemListElement\":[{\"@type\":\"ListItem\",\"position\":1,\"name\":\"Home\",\"item\":\"https:\/\/nt-press.com\/de\/\"},{\"@type\":\"ListItem\",\"position\":2,\"name\":\"Shop\",\"item\":\"https:\/\/nt-press.com\/de\/\"},{\"@type\":\"ListItem\",\"position\":3,\"name\":\"Aus N\u00e4chstenliebe, statt aus Pflicht | Abdulkarim Soroush\"}]},{\"@type\":\"WebSite\",\"@id\":\"https:\/\/nt-press.com\/#website\",\"url\":\"https:\/\/nt-press.com\/\",\"name\":\"New Thought PRESS\",\"description\":\"\",\"potentialAction\":[{\"@type\":\"SearchAction\",\"target\":{\"@type\":\"EntryPoint\",\"urlTemplate\":\"https:\/\/nt-press.com\/?s={search_term_string}\"},\"query-input\":{\"@type\":\"PropertyValueSpecification\",\"valueRequired\":true,\"valueName\":\"search_term_string\"}}],\"inLanguage\":\"de\"}]}<\/script>\n<!-- \/ Yoast SEO plugin. -->","yoast_head_json":{"title":"Aus N\u00e4chstenliebe, statt aus Pflicht | Abdulkarim Soroush","robots":{"index":"index","follow":"follow","max-snippet":"max-snippet:-1","max-image-preview":"max-image-preview:large","max-video-preview":"max-video-preview:-1"},"canonical":"https:\/\/nt-press.com\/produkt\/out-of-charity-not-out-of-duty-abdulkarim-soroush\/","og_locale":"de_DE","og_type":"article","og_title":"Aus N\u00e4chstenliebe, statt aus Pflicht | Abdulkarim Soroush","og_description":"Titel Aus N\u00e4chstenliebe, statt aus Pflicht aus der Reihe Erz\u00e4hlungen von Herren der Weisheit Verfasser Abdulkarim Soroush Auflage 1. Seiten 528 Format 17 x 24 cm Sprache Persisch (Farsi) Erscheinungsjahr 2024 ISBN 978-3-948894-30-6 Verlag New Thought PRESS Aus der Einleitung des Buches: Dank dem g\u00fctigen Gott, dass das dritte Buch in der Reihe \u201eGeschichten der [...]","og_url":"https:\/\/nt-press.com\/produkt\/out-of-charity-not-out-of-duty-abdulkarim-soroush\/","og_site_name":"New Thought PRESS","article_modified_time":"2024-08-23T19:46:00+00:00","og_image":[{"width":389,"height":560,"url":"https:\/\/nt-press.com\/wp-content\/uploads\/2024\/08\/Cover-Ghese-arbab-3-1.png","type":"image\/png"}],"twitter_card":"summary_large_image","twitter_misc":{"Gesch\u00e4tzte Lesezeit":"2\u00a0Minuten"},"schema":{"@context":"https:\/\/schema.org","@graph":[{"@type":"WebPage","@id":"https:\/\/nt-press.com\/produkt\/out-of-charity-not-out-of-duty-abdulkarim-soroush\/","url":"https:\/\/nt-press.com\/produkt\/out-of-charity-not-out-of-duty-abdulkarim-soroush\/","name":"Aus N\u00e4chstenliebe, statt aus Pflicht | Abdulkarim Soroush","isPartOf":{"@id":"https:\/\/nt-press.com\/#website"},"primaryImageOfPage":{"@id":"https:\/\/nt-press.com\/produkt\/out-of-charity-not-out-of-duty-abdulkarim-soroush\/#primaryimage"},"image":{"@id":"https:\/\/nt-press.com\/produkt\/out-of-charity-not-out-of-duty-abdulkarim-soroush\/#primaryimage"},"thumbnailUrl":"https:\/\/nt-press.com\/wp-content\/uploads\/2024\/08\/Cover-Ghese-arbab-3-1.png","datePublished":"2024-08-23T12:54:55+00:00","dateModified":"2024-08-23T19:46:00+00:00","breadcrumb":{"@id":"https:\/\/nt-press.com\/produkt\/out-of-charity-not-out-of-duty-abdulkarim-soroush\/#breadcrumb"},"inLanguage":"de","potentialAction":[{"@type":"ReadAction","target":["https:\/\/nt-press.com\/produkt\/out-of-charity-not-out-of-duty-abdulkarim-soroush\/"]}]},{"@type":"ImageObject","inLanguage":"de","@id":"https:\/\/nt-press.com\/produkt\/out-of-charity-not-out-of-duty-abdulkarim-soroush\/#primaryimage","url":"https:\/\/nt-press.com\/wp-content\/uploads\/2024\/08\/Cover-Ghese-arbab-3-1.png","contentUrl":"https:\/\/nt-press.com\/wp-content\/uploads\/2024\/08\/Cover-Ghese-arbab-3-1.png","width":389,"height":560},{"@type":"BreadcrumbList","@id":"https:\/\/nt-press.com\/produkt\/out-of-charity-not-out-of-duty-abdulkarim-soroush\/#breadcrumb","itemListElement":[{"@type":"ListItem","position":1,"name":"Home","item":"https:\/\/nt-press.com\/de\/"},{"@type":"ListItem","position":2,"name":"Shop","item":"https:\/\/nt-press.com\/de\/"},{"@type":"ListItem","position":3,"name":"Aus N\u00e4chstenliebe, statt aus Pflicht | Abdulkarim Soroush"}]},{"@type":"WebSite","@id":"https:\/\/nt-press.com\/#website","url":"https:\/\/nt-press.com\/","name":"New Thought PRESS","description":"","potentialAction":[{"@type":"SearchAction","target":{"@type":"EntryPoint","urlTemplate":"https:\/\/nt-press.com\/?s={search_term_string}"},"query-input":{"@type":"PropertyValueSpecification","valueRequired":true,"valueName":"search_term_string"}}],"inLanguage":"de"}]}},"_links":{"self":[{"href":"https:\/\/nt-press.com\/de\/wp-json\/wp\/v2\/product\/1783","targetHints":{"allow":["GET"]}}],"collection":[{"href":"https:\/\/nt-press.com\/de\/wp-json\/wp\/v2\/product"}],"about":[{"href":"https:\/\/nt-press.com\/de\/wp-json\/wp\/v2\/types\/product"}],"wp:featuredmedia":[{"embeddable":true,"href":"https:\/\/nt-press.com\/de\/wp-json\/wp\/v2\/media\/1795"}],"wp:attachment":[{"href":"https:\/\/nt-press.com\/de\/wp-json\/wp\/v2\/media?parent=1783"}],"wp:term":[{"taxonomy":"product_brand","embeddable":true,"href":"https:\/\/nt-press.com\/de\/wp-json\/wp\/v2\/product_brand?post=1783"},{"taxonomy":"product_cat","embeddable":true,"href":"https:\/\/nt-press.com\/de\/wp-json\/wp\/v2\/product_cat?post=1783"},{"taxonomy":"product_tag","embeddable":true,"href":"https:\/\/nt-press.com\/de\/wp-json\/wp\/v2\/product_tag?post=1783"}],"curies":[{"name":"wp","href":"https:\/\/api.w.org\/{rel}","templated":true}]}}