{"id":1363,"date":"2023-04-03T23:48:28","date_gmt":"2023-04-03T23:48:29","guid":{"rendered":"https:\/\/www.nt-press.com\/?post_type=product&#038;p=1363"},"modified":"2023-04-11T01:04:54","modified_gmt":"2023-04-11T01:04:54","slug":"portrait-des-islam-und-seines-propheten-hasan-yousefi-eshkevari-kopie","status":"publish","type":"product","link":"https:\/\/nt-press.com\/de\/produkt\/portrait-des-islam-und-seines-propheten-hasan-yousefi-eshkevari-kopie\/","title":{"rendered":"Ein \u00dcberblick \u00fcber die Geschichte der religi\u00f6sen Reformen im zeitgen\u00f6ssischen Iran (eBook) | Hasan Yousefi Eshkevari"},"content":{"rendered":"<table style=\"font-size: 14.4px;\">\n<tbody>\n<tr>\n<th style=\"text-align: left;\"><span style=\"color: #800000;\">Titel<\/span><\/th>\n<th style=\"text-align: left;\">Ein \u00dcberblick \u00fcber die Geschichte der religi\u00f6sen Reformen im zeitgen\u00f6ssischen Iran<\/th>\n<\/tr>\n<tr>\n<td style=\"text-align: left;\"><span style=\"color: #800000;\">Verfasser<\/span><\/td>\n<td>Hasan Yousefi Eshkevari<\/td>\n<\/tr>\n<tr>\n<td style=\"text-align: left;\"><span style=\"color: #800000;\">Auflage<\/span><\/td>\n<td>1. (eBook)<\/td>\n<\/tr>\n<tr>\n<td style=\"text-align: left;\"><span style=\"color: #800000;\">Seiten<\/span><\/td>\n<td>538<\/td>\n<\/tr>\n<tr>\n<td style=\"text-align: left;\"><span style=\"color: #800000;\">Format<\/span><\/td>\n<td>17 x 24 cm<\/td>\n<\/tr>\n<tr>\n<td style=\"text-align: left;\"><span style=\"color: #800000;\">Sprache<\/span><\/td>\n<td>Persisch (Farsi)<\/td>\n<\/tr>\n<tr>\n<td style=\"text-align: left;\"><span style=\"color: #800000;\">Erscheinungsjahr<\/span><\/td>\n<td>2023<\/td>\n<\/tr>\n<tr>\n<td style=\"text-align: left;\"><span style=\"color: #800000;\">ISBN<\/span><\/td>\n<td>978-3-948894-25-2<\/td>\n<\/tr>\n<tr>\n<td style=\"text-align: left;\"><span style=\"color: #800000;\">Verlag<\/span><\/td>\n<td>New Thought PRESS<\/td>\n<\/tr>\n<\/tbody>\n<\/table>\n<a href=\"https:\/\/www.nt-press.com\/wp-content\/uploads\/2023\/04\/table_of_contents_eslahe-dini.pdf\" target=\"_blank\" class=\"button primary is-primary is-medium\" rel=\"noopener\"  >\n\t\t<span>INHALTSVERZEICHNIS<\/span>\n\t<\/a>\n\n ","protected":false},"excerpt":{"rendered":"<p>Titel Ein \u00dcberblick \u00fcber die Geschichte der religi\u00f6sen Reformen im zeitgen\u00f6ssischen Iran Verfasser Hasan Yousefi Eshkevari Auflage 1. (eBook) Seiten 538 Format 17 x 24 cm Sprache Persisch (Farsi) Erscheinungsjahr 2023 ISBN 978-3-948894-25-2 Verlag New Thought PRESS<\/p>\n","protected":false},"featured_media":1369,"template":"","meta":[],"product_brand":[],"product_cat":[170,134,138,136],"product_tag":[],"class_list":{"0":"post-1363","1":"product","2":"type-product","3":"status-publish","4":"has-post-thumbnail","6":"product_cat-ebook-2-de","7":"product_cat-geschichte","8":"product_cat-religion-de","9":"product_cat-politik","10":"product_shipping_class-1kg-de","12":"first","13":"instock","14":"featured","15":"downloadable","16":"virtual","17":"taxable","18":"purchasable","19":"product-type-simple"},"yoast_head":"<!-- This site is optimized with the Yoast SEO plugin v25.2 - https:\/\/yoast.com\/wordpress\/plugins\/seo\/ -->\n<title>Ein \u00dcberblick \u00fcber die Geschichte der religi\u00f6sen Reformen im zeitgen\u00f6ssischen Iran (eBook) | Hasan Yousefi Eshkevari %<\/title>\n<meta name=\"description\" content=\"New Thought PRESS - Ein \u00dcberblick \u00fcber die Geschichte der religi\u00f6sen Reformen im zeitgen\u00f6ssischen Iran (eBook) | Hasan Yousefi Eshkevari\" \/>\n<meta name=\"robots\" content=\"index, follow, max-snippet:-1, max-image-preview:large, max-video-preview:-1\" \/>\n<link rel=\"canonical\" href=\"https:\/\/nt-press.com\/produkt\/a-review-of-the-history-of-religious-reform-in-contemporary-iran-ebook-hasan-yousefi-eshkevari\/\" \/>\n<meta property=\"og:locale\" content=\"de_DE\" \/>\n<meta property=\"og:type\" content=\"article\" \/>\n<meta property=\"og:title\" content=\"Ein \u00dcberblick \u00fcber die Geschichte der religi\u00f6sen Reformen im zeitgen\u00f6ssischen Iran (eBook) | Hasan Yousefi Eshkevari %\" \/>\n<meta property=\"og:description\" content=\"New Thought PRESS - Ein \u00dcberblick \u00fcber die Geschichte der religi\u00f6sen Reformen im zeitgen\u00f6ssischen Iran (eBook) | Hasan Yousefi Eshkevari\" \/>\n<meta property=\"og:url\" content=\"https:\/\/nt-press.com\/produkt\/a-review-of-the-history-of-religious-reform-in-contemporary-iran-ebook-hasan-yousefi-eshkevari\/\" \/>\n<meta property=\"og:site_name\" content=\"New Thought PRESS\" \/>\n<meta property=\"article:modified_time\" content=\"2023-04-11T01:04:54+00:00\" \/>\n<meta property=\"og:image\" content=\"https:\/\/nt-press.com\/wp-content\/uploads\/2023\/04\/eslahe-dini.png\" \/>\n\t<meta property=\"og:image:width\" content=\"397\" \/>\n\t<meta property=\"og:image:height\" content=\"560\" \/>\n\t<meta property=\"og:image:type\" content=\"image\/png\" \/>\n<meta name=\"twitter:card\" content=\"summary_large_image\" \/>\n<meta name=\"twitter:label1\" content=\"Gesch\u00e4tzte Lesezeit\" \/>\n\t<meta name=\"twitter:data1\" content=\"1\u00a0Minute\" \/>\n<script type=\"application\/ld+json\" class=\"yoast-schema-graph\">{\"@context\":\"https:\/\/schema.org\",\"@graph\":[{\"@type\":\"WebPage\",\"@id\":\"https:\/\/nt-press.com\/produkt\/a-review-of-the-history-of-religious-reform-in-contemporary-iran-ebook-hasan-yousefi-eshkevari\/\",\"url\":\"https:\/\/nt-press.com\/produkt\/a-review-of-the-history-of-religious-reform-in-contemporary-iran-ebook-hasan-yousefi-eshkevari\/\",\"name\":\"Ein \u00dcberblick \u00fcber die Geschichte der religi\u00f6sen Reformen im zeitgen\u00f6ssischen Iran (eBook) | Hasan Yousefi Eshkevari %\",\"isPartOf\":{\"@id\":\"https:\/\/nt-press.com\/#website\"},\"primaryImageOfPage\":{\"@id\":\"https:\/\/nt-press.com\/produkt\/a-review-of-the-history-of-religious-reform-in-contemporary-iran-ebook-hasan-yousefi-eshkevari\/#primaryimage\"},\"image\":{\"@id\":\"https:\/\/nt-press.com\/produkt\/a-review-of-the-history-of-religious-reform-in-contemporary-iran-ebook-hasan-yousefi-eshkevari\/#primaryimage\"},\"thumbnailUrl\":\"https:\/\/nt-press.com\/wp-content\/uploads\/2023\/04\/eslahe-dini.png\",\"datePublished\":\"2023-04-03T23:48:29+00:00\",\"dateModified\":\"2023-04-11T01:04:54+00:00\",\"description\":\"New Thought PRESS - Ein \u00dcberblick \u00fcber die Geschichte der religi\u00f6sen Reformen im zeitgen\u00f6ssischen Iran (eBook) | Hasan Yousefi Eshkevari\",\"breadcrumb\":{\"@id\":\"https:\/\/nt-press.com\/produkt\/a-review-of-the-history-of-religious-reform-in-contemporary-iran-ebook-hasan-yousefi-eshkevari\/#breadcrumb\"},\"inLanguage\":\"de\",\"potentialAction\":[{\"@type\":\"ReadAction\",\"target\":[\"https:\/\/nt-press.com\/produkt\/a-review-of-the-history-of-religious-reform-in-contemporary-iran-ebook-hasan-yousefi-eshkevari\/\"]}]},{\"@type\":\"ImageObject\",\"inLanguage\":\"de\",\"@id\":\"https:\/\/nt-press.com\/produkt\/a-review-of-the-history-of-religious-reform-in-contemporary-iran-ebook-hasan-yousefi-eshkevari\/#primaryimage\",\"url\":\"https:\/\/nt-press.com\/wp-content\/uploads\/2023\/04\/eslahe-dini.png\",\"contentUrl\":\"https:\/\/nt-press.com\/wp-content\/uploads\/2023\/04\/eslahe-dini.png\",\"width\":397,\"height\":560},{\"@type\":\"BreadcrumbList\",\"@id\":\"https:\/\/nt-press.com\/produkt\/a-review-of-the-history-of-religious-reform-in-contemporary-iran-ebook-hasan-yousefi-eshkevari\/#breadcrumb\",\"itemListElement\":[{\"@type\":\"ListItem\",\"position\":1,\"name\":\"Home\",\"item\":\"https:\/\/nt-press.com\/de\/\"},{\"@type\":\"ListItem\",\"position\":2,\"name\":\"Shop\",\"item\":\"https:\/\/nt-press.com\/de\/\"},{\"@type\":\"ListItem\",\"position\":3,\"name\":\"Ein \u00dcberblick \u00fcber die Geschichte der religi\u00f6sen Reformen im zeitgen\u00f6ssischen Iran (eBook) | Hasan Yousefi Eshkevari\"}]},{\"@type\":\"WebSite\",\"@id\":\"https:\/\/nt-press.com\/#website\",\"url\":\"https:\/\/nt-press.com\/\",\"name\":\"New Thought PRESS\",\"description\":\"\",\"potentialAction\":[{\"@type\":\"SearchAction\",\"target\":{\"@type\":\"EntryPoint\",\"urlTemplate\":\"https:\/\/nt-press.com\/?s={search_term_string}\"},\"query-input\":{\"@type\":\"PropertyValueSpecification\",\"valueRequired\":true,\"valueName\":\"search_term_string\"}}],\"inLanguage\":\"de\"}]}<\/script>\n<!-- \/ Yoast SEO plugin. -->","yoast_head_json":{"title":"Ein \u00dcberblick \u00fcber die Geschichte der religi\u00f6sen Reformen im zeitgen\u00f6ssischen Iran (eBook) | Hasan Yousefi Eshkevari %","description":"New Thought PRESS - Ein \u00dcberblick \u00fcber die Geschichte der religi\u00f6sen Reformen im zeitgen\u00f6ssischen Iran (eBook) | Hasan Yousefi Eshkevari","robots":{"index":"index","follow":"follow","max-snippet":"max-snippet:-1","max-image-preview":"max-image-preview:large","max-video-preview":"max-video-preview:-1"},"canonical":"https:\/\/nt-press.com\/produkt\/a-review-of-the-history-of-religious-reform-in-contemporary-iran-ebook-hasan-yousefi-eshkevari\/","og_locale":"de_DE","og_type":"article","og_title":"Ein \u00dcberblick \u00fcber die Geschichte der religi\u00f6sen Reformen im zeitgen\u00f6ssischen Iran (eBook) | Hasan Yousefi Eshkevari %","og_description":"New Thought PRESS - Ein \u00dcberblick \u00fcber die Geschichte der religi\u00f6sen Reformen im zeitgen\u00f6ssischen Iran (eBook) | Hasan Yousefi Eshkevari","og_url":"https:\/\/nt-press.com\/produkt\/a-review-of-the-history-of-religious-reform-in-contemporary-iran-ebook-hasan-yousefi-eshkevari\/","og_site_name":"New Thought PRESS","article_modified_time":"2023-04-11T01:04:54+00:00","og_image":[{"width":397,"height":560,"url":"https:\/\/nt-press.com\/wp-content\/uploads\/2023\/04\/eslahe-dini.png","type":"image\/png"}],"twitter_card":"summary_large_image","twitter_misc":{"Gesch\u00e4tzte Lesezeit":"1\u00a0Minute"},"schema":{"@context":"https:\/\/schema.org","@graph":[{"@type":"WebPage","@id":"https:\/\/nt-press.com\/produkt\/a-review-of-the-history-of-religious-reform-in-contemporary-iran-ebook-hasan-yousefi-eshkevari\/","url":"https:\/\/nt-press.com\/produkt\/a-review-of-the-history-of-religious-reform-in-contemporary-iran-ebook-hasan-yousefi-eshkevari\/","name":"Ein \u00dcberblick \u00fcber die Geschichte der religi\u00f6sen Reformen im zeitgen\u00f6ssischen Iran (eBook) | Hasan Yousefi Eshkevari %","isPartOf":{"@id":"https:\/\/nt-press.com\/#website"},"primaryImageOfPage":{"@id":"https:\/\/nt-press.com\/produkt\/a-review-of-the-history-of-religious-reform-in-contemporary-iran-ebook-hasan-yousefi-eshkevari\/#primaryimage"},"image":{"@id":"https:\/\/nt-press.com\/produkt\/a-review-of-the-history-of-religious-reform-in-contemporary-iran-ebook-hasan-yousefi-eshkevari\/#primaryimage"},"thumbnailUrl":"https:\/\/nt-press.com\/wp-content\/uploads\/2023\/04\/eslahe-dini.png","datePublished":"2023-04-03T23:48:29+00:00","dateModified":"2023-04-11T01:04:54+00:00","description":"New Thought PRESS - Ein \u00dcberblick \u00fcber die Geschichte der religi\u00f6sen Reformen im zeitgen\u00f6ssischen Iran (eBook) | Hasan Yousefi Eshkevari","breadcrumb":{"@id":"https:\/\/nt-press.com\/produkt\/a-review-of-the-history-of-religious-reform-in-contemporary-iran-ebook-hasan-yousefi-eshkevari\/#breadcrumb"},"inLanguage":"de","potentialAction":[{"@type":"ReadAction","target":["https:\/\/nt-press.com\/produkt\/a-review-of-the-history-of-religious-reform-in-contemporary-iran-ebook-hasan-yousefi-eshkevari\/"]}]},{"@type":"ImageObject","inLanguage":"de","@id":"https:\/\/nt-press.com\/produkt\/a-review-of-the-history-of-religious-reform-in-contemporary-iran-ebook-hasan-yousefi-eshkevari\/#primaryimage","url":"https:\/\/nt-press.com\/wp-content\/uploads\/2023\/04\/eslahe-dini.png","contentUrl":"https:\/\/nt-press.com\/wp-content\/uploads\/2023\/04\/eslahe-dini.png","width":397,"height":560},{"@type":"BreadcrumbList","@id":"https:\/\/nt-press.com\/produkt\/a-review-of-the-history-of-religious-reform-in-contemporary-iran-ebook-hasan-yousefi-eshkevari\/#breadcrumb","itemListElement":[{"@type":"ListItem","position":1,"name":"Home","item":"https:\/\/nt-press.com\/de\/"},{"@type":"ListItem","position":2,"name":"Shop","item":"https:\/\/nt-press.com\/de\/"},{"@type":"ListItem","position":3,"name":"Ein \u00dcberblick \u00fcber die Geschichte der religi\u00f6sen Reformen im zeitgen\u00f6ssischen Iran (eBook) | Hasan Yousefi Eshkevari"}]},{"@type":"WebSite","@id":"https:\/\/nt-press.com\/#website","url":"https:\/\/nt-press.com\/","name":"New Thought PRESS","description":"","potentialAction":[{"@type":"SearchAction","target":{"@type":"EntryPoint","urlTemplate":"https:\/\/nt-press.com\/?s={search_term_string}"},"query-input":{"@type":"PropertyValueSpecification","valueRequired":true,"valueName":"search_term_string"}}],"inLanguage":"de"}]}},"_links":{"self":[{"href":"https:\/\/nt-press.com\/de\/wp-json\/wp\/v2\/product\/1363","targetHints":{"allow":["GET"]}}],"collection":[{"href":"https:\/\/nt-press.com\/de\/wp-json\/wp\/v2\/product"}],"about":[{"href":"https:\/\/nt-press.com\/de\/wp-json\/wp\/v2\/types\/product"}],"wp:featuredmedia":[{"embeddable":true,"href":"https:\/\/nt-press.com\/de\/wp-json\/wp\/v2\/media\/1369"}],"wp:attachment":[{"href":"https:\/\/nt-press.com\/de\/wp-json\/wp\/v2\/media?parent=1363"}],"wp:term":[{"taxonomy":"product_brand","embeddable":true,"href":"https:\/\/nt-press.com\/de\/wp-json\/wp\/v2\/product_brand?post=1363"},{"taxonomy":"product_cat","embeddable":true,"href":"https:\/\/nt-press.com\/de\/wp-json\/wp\/v2\/product_cat?post=1363"},{"taxonomy":"product_tag","embeddable":true,"href":"https:\/\/nt-press.com\/de\/wp-json\/wp\/v2\/product_tag?post=1363"}],"curies":[{"name":"wp","href":"https:\/\/api.w.org\/{rel}","templated":true}]}}