{"id":1349,"date":"2023-03-20T22:55:44","date_gmt":"2023-03-20T22:55:44","guid":{"rendered":"https:\/\/www.nt-press.com\/?post_type=product&#038;p=1349"},"modified":"2023-04-11T00:40:51","modified_gmt":"2023-04-11T00:40:51","slug":"haqq-al-nas-die-rechte-der-menschheit-mohsen-kadivar-ebook","status":"publish","type":"product","link":"https:\/\/nt-press.com\/de\/produkt\/haqq-al-nas-die-rechte-der-menschheit-mohsen-kadivar-ebook\/","title":{"rendered":"Haqq al-Nas &#8211; Die Rechte der Menschheit (eBook) | Mohsen Kadivar"},"content":{"rendered":"<table>\n<tbody>\n<tr>\n<th>Titel<\/th>\n<th style=\"text-align: left;\">Haqq al-Nas<\/th>\n<\/tr>\n<tr>\n<th><\/th>\n<th style=\"text-align: left;\">Die Rechte der Menschheit<\/th>\n<\/tr>\n<tr>\n<td><\/td>\n<td>Menschenrechte und Reform-Islam<\/td>\n<\/tr>\n<tr>\n<td>Verfasser<\/td>\n<td>Mohsen Kadivar<\/td>\n<\/tr>\n<tr>\n<td>Auflage<\/td>\n<td>2. \u00fcberarbeitete (eBook)<\/td>\n<\/tr>\n<tr>\n<td>Seiten<\/td>\n<td>532<\/td>\n<\/tr>\n<tr>\n<td>Format<\/td>\n<td>21 x 14,8 cm (A5)<\/td>\n<\/tr>\n<tr>\n<td>Sprache<\/td>\n<td>Persisch (Farsi)<\/td>\n<\/tr>\n<tr>\n<td>Erscheinungsjahr<\/td>\n<td>2023<\/td>\n<\/tr>\n<tr>\n<td>ISBN<\/td>\n<td>978-3-948894-23-8<\/td>\n<\/tr>\n<tr>\n<td>Verlag<\/td>\n<td>New Thought PRESS<\/td>\n<\/tr>\n<\/tbody>\n<\/table>\n<p><strong>\u0670Vorstellung:<\/strong><\/p>\n<p>Angesichts der Sitten und Gebr\u00e4uche in der Zeit des fr\u00fchen Islam waren alle Lehren des Islam \u2013 die Gesetze der Scharia eingeschlossen \u2013 vern\u00fcnftig, gerecht, moralisch und funktionaler im Vergleich zu den Lehren anderer Weltanschauungen. Einige Gesetze der Scharia verloren aber im Laufe der Zeit einige, wenn nicht alle ihrer Daseinsberechtigungen. Derartige Gesetze <em>waren<\/em> einmal islamisch, <em>sind<\/em> es heute aber nicht mehr. Das bedeutet, dass sie aufgehoben wurden \u2013 entsprechend der Denkschule, dass praktische Vernunft eine der Erkenntnisquellen ist.<\/p>\n<p>Alles, was wir heute \u201eislamisch\u201c nennen, muss vern\u00fcnftig, gerecht, moralisch und praktischer sein \u2013 In Entsprechung zu den Gebr\u00e4uchen der heutigen Zeit. Alles, was unvern\u00fcnftig, ungerecht, unmoralisch und weniger praktisch ist als andere Weltanschauungen angesichts der Konventionen der heutigen Zeit, <em>ist<\/em> nicht islamisch, selbst wenn es fr\u00fcher einmal islamisch <em>gewesen sein<\/em> mag. Das gr\u00f6\u00dfte Problem des traditionellen Islam ist, dass er im 21. Jahrhundert existiert, aber den Geist fr\u00fcherer Jahrhunderte atmet. Zeitlose Lehren von zeitgebundenen und aufgehobenen Lehren zu unterscheiden ist eine herausfordernde und delikate Aufgabe, die auf den <em>strukturellen Ijtihad<\/em> angewiesen ist: den \u201eIjtihad \u00fcber die Grunds\u00e4tze\u201c. Diese wichtige Aufgabe liegt in der gemeinsamen Verantwortung der mujtahids (mit den schon angef\u00fchrten Eigenschaften), welche mit kritischem Blick nach den heutigen wissenschaftlichen Standards \u00a0arbeiten.<\/p>\n<p>Der traditionelle Islam ist in mindestens sechs Bereichen unvereinbar mit den Menschenrechten: religi\u00f6se Diskriminierung, geschlechtliche Diskriminierung, Sklaverei, Religionsfreiheit und Kriminalisierung von Apostasie und Blasphemie; willk\u00fcrliche Bestrafungen, drakonische Bestrafungen und Folter; und schlie\u00dflich die Bevorzugung von Rechtsgelehrten gegen\u00fcber Laien im \u00f6ffentlichen Raum. Diese Unvertr\u00e4glichkeiten finden sich nicht nur in der Rechtsprechung, sondern auch in vielen Hadithen und einigen Versen des Koran. Konventioneller Ijtihad in Bezug auf rein rechtliche Fragen ist nicht in der Lage, derartig tiefgreifende Herausforderungen anzugehen.<\/p>\n<p>Allerdings entspricht der \u201etraditionelle Islam\u201c auch nicht dem \u201eIslam\u201c \u2013 vielmehr ist es eine Lesart des Islam von Gelehrten der Vergangenheit. Entsprechend ist eine Lesart des Koran und der \u00dcberlieferung des Propheten sowie eine Methode des Ijtihad und der Rechtsauslegung m\u00f6glich, die mit den Anforderungen der Menschenrechte im Einklang steht.<\/p>\n<p>Diese Reform-Lesart bedeutet nicht, dass die Menschenrechte aus Quran und \u00dcberlieferung abgeleitet werden. Dies ist \u00fcberhaupt nicht m\u00f6glich, da der moderne Begriff der Menschenrechte in fr\u00fcheren Zeiten nicht existierte.<\/p>\n<p>Diese Lesart ist das Kernthema des vorliegenden Buches <strong><em>\u201eDie Rechte der Menschheit: Menschenrechte und Reform-Islam\u201c<\/em><\/strong>. Nachdem diese Ver\u00f6ffentlichung im Heimatland ihres Autors seit 2009 streng verboten ist, wird hiermit nach 14 Jahren die zweite Auflage in Deutschland ver\u00f6ffentlicht. Abgesehen von einer allgemeinen Durchsicht wurden am Ende einiger Kapitel noch kurze \u00dcberlegungen erg\u00e4nzt. Die kritische und \u00e4u\u00dferst detaillierte Einleitung zur neuen Auflage vergleicht Kadivars Ansatz mit den Ideen von f\u00fcnf wichtigen Denkern im Bereich des Islam und der Menschenrechte: Mahmoud Mohamed Taha, Abdullahi Ahmed An-Na\u00b4im, Ann Elizabeth Mayer, Mohammed Mojtahed Shabestari und Abdulaziz Sachedina.<\/p>\n<a href=\"https:\/\/www.nt-press.com\/wp-content\/uploads\/2023\/04\/table-of-content-haqunnas.pdf\" target=\"_blank\" class=\"button primary is-primary is-medium\" rel=\"noopener\"  >\n\t\t<span>INHALTSVERZEICHNIS<\/span>\n\t<\/a>\n\n ","protected":false},"excerpt":{"rendered":"<p>Titel Haqq al-Nas Die Rechte der Menschheit Menschenrechte und Reform-Islam Verfasser Mohsen Kadivar Auflage 2. \u00fcberarbeitete (eBook) Seiten 532 Format 21 x 14,8 cm (A5) Sprache Persisch (Farsi) Erscheinungsjahr 2023 ISBN 978-3-948894-23-8 Verlag New Thought PRESS \u0670Vorstellung: Angesichts der Sitten und Gebr\u00e4uche in der Zeit des fr\u00fchen Islam waren alle Lehren des Islam \u2013 die [&#8230;]\n","protected":false},"featured_media":1692,"template":"","meta":[],"product_brand":[],"product_cat":[170,138,136],"product_tag":[],"class_list":{"0":"post-1349","1":"product","2":"type-product","3":"status-publish","4":"has-post-thumbnail","6":"product_cat-ebook-2-de","7":"product_cat-religion-de","8":"product_cat-politik","9":"product_shipping_class-1kg-de","11":"first","12":"instock","13":"featured","14":"downloadable","15":"virtual","16":"taxable","17":"purchasable","18":"product-type-simple"},"yoast_head":"<!-- This site is optimized with the Yoast SEO plugin v25.2 - https:\/\/yoast.com\/wordpress\/plugins\/seo\/ -->\n<title>Haqq al-Nas - Die Rechte der Menschheit (eBook) | Mohsen Kadivar -<\/title>\n<meta name=\"robots\" content=\"index, follow, max-snippet:-1, max-image-preview:large, max-video-preview:-1\" \/>\n<link rel=\"canonical\" href=\"https:\/\/nt-press.com\/produkt\/haqq-al-nas-the-rights-of-mankind-mohsen-kadivar-ebook\/\" \/>\n<meta property=\"og:locale\" content=\"de_DE\" \/>\n<meta property=\"og:type\" content=\"article\" \/>\n<meta property=\"og:title\" content=\"Haqq al-Nas - Die Rechte der Menschheit (eBook) | Mohsen Kadivar -\" \/>\n<meta property=\"og:description\" content=\"Titel Haqq al-Nas Die Rechte der Menschheit Menschenrechte und Reform-Islam Verfasser Mohsen Kadivar Auflage 2. \u00fcberarbeitete (eBook) Seiten 532 Format 21 x 14,8 cm (A5) Sprache Persisch (Farsi) Erscheinungsjahr 2023 ISBN 978-3-948894-23-8 Verlag New Thought PRESS \u0670Vorstellung: Angesichts der Sitten und Gebr\u00e4uche in der Zeit des fr\u00fchen Islam waren alle Lehren des Islam \u2013 die [...]\" \/>\n<meta property=\"og:url\" content=\"https:\/\/nt-press.com\/produkt\/haqq-al-nas-the-rights-of-mankind-mohsen-kadivar-ebook\/\" \/>\n<meta property=\"og:site_name\" content=\"New Thought PRESS\" \/>\n<meta property=\"article:modified_time\" content=\"2023-04-11T00:40:51+00:00\" \/>\n<meta property=\"og:image\" content=\"https:\/\/nt-press.com\/wp-content\/uploads\/2023\/03\/cover-haqunnas-ebook-1.png\" \/>\n\t<meta property=\"og:image:width\" content=\"397\" \/>\n\t<meta property=\"og:image:height\" content=\"560\" \/>\n\t<meta property=\"og:image:type\" content=\"image\/png\" \/>\n<meta name=\"twitter:card\" content=\"summary_large_image\" \/>\n<meta name=\"twitter:label1\" content=\"Gesch\u00e4tzte Lesezeit\" \/>\n\t<meta name=\"twitter:data1\" content=\"3\u00a0Minuten\" \/>\n<script type=\"application\/ld+json\" class=\"yoast-schema-graph\">{\"@context\":\"https:\/\/schema.org\",\"@graph\":[{\"@type\":\"WebPage\",\"@id\":\"https:\/\/nt-press.com\/produkt\/haqq-al-nas-the-rights-of-mankind-mohsen-kadivar-ebook\/\",\"url\":\"https:\/\/nt-press.com\/produkt\/haqq-al-nas-the-rights-of-mankind-mohsen-kadivar-ebook\/\",\"name\":\"Haqq al-Nas - Die Rechte der Menschheit (eBook) | Mohsen Kadivar -\",\"isPartOf\":{\"@id\":\"https:\/\/nt-press.com\/#website\"},\"primaryImageOfPage\":{\"@id\":\"https:\/\/nt-press.com\/produkt\/haqq-al-nas-the-rights-of-mankind-mohsen-kadivar-ebook\/#primaryimage\"},\"image\":{\"@id\":\"https:\/\/nt-press.com\/produkt\/haqq-al-nas-the-rights-of-mankind-mohsen-kadivar-ebook\/#primaryimage\"},\"thumbnailUrl\":\"https:\/\/nt-press.com\/wp-content\/uploads\/2023\/03\/cover-haqunnas-ebook-1.png\",\"datePublished\":\"2023-03-20T22:55:44+00:00\",\"dateModified\":\"2023-04-11T00:40:51+00:00\",\"breadcrumb\":{\"@id\":\"https:\/\/nt-press.com\/produkt\/haqq-al-nas-the-rights-of-mankind-mohsen-kadivar-ebook\/#breadcrumb\"},\"inLanguage\":\"de\",\"potentialAction\":[{\"@type\":\"ReadAction\",\"target\":[\"https:\/\/nt-press.com\/produkt\/haqq-al-nas-the-rights-of-mankind-mohsen-kadivar-ebook\/\"]}]},{\"@type\":\"ImageObject\",\"inLanguage\":\"de\",\"@id\":\"https:\/\/nt-press.com\/produkt\/haqq-al-nas-the-rights-of-mankind-mohsen-kadivar-ebook\/#primaryimage\",\"url\":\"https:\/\/nt-press.com\/wp-content\/uploads\/2023\/03\/cover-haqunnas-ebook-1.png\",\"contentUrl\":\"https:\/\/nt-press.com\/wp-content\/uploads\/2023\/03\/cover-haqunnas-ebook-1.png\",\"width\":397,\"height\":560},{\"@type\":\"BreadcrumbList\",\"@id\":\"https:\/\/nt-press.com\/produkt\/haqq-al-nas-the-rights-of-mankind-mohsen-kadivar-ebook\/#breadcrumb\",\"itemListElement\":[{\"@type\":\"ListItem\",\"position\":1,\"name\":\"Home\",\"item\":\"https:\/\/nt-press.com\/de\/\"},{\"@type\":\"ListItem\",\"position\":2,\"name\":\"Shop\",\"item\":\"https:\/\/nt-press.com\/de\/\"},{\"@type\":\"ListItem\",\"position\":3,\"name\":\"Haqq al-Nas &#8211; Die Rechte der Menschheit (eBook) | Mohsen Kadivar\"}]},{\"@type\":\"WebSite\",\"@id\":\"https:\/\/nt-press.com\/#website\",\"url\":\"https:\/\/nt-press.com\/\",\"name\":\"New Thought PRESS\",\"description\":\"\",\"potentialAction\":[{\"@type\":\"SearchAction\",\"target\":{\"@type\":\"EntryPoint\",\"urlTemplate\":\"https:\/\/nt-press.com\/?s={search_term_string}\"},\"query-input\":{\"@type\":\"PropertyValueSpecification\",\"valueRequired\":true,\"valueName\":\"search_term_string\"}}],\"inLanguage\":\"de\"}]}<\/script>\n<!-- \/ Yoast SEO plugin. -->","yoast_head_json":{"title":"Haqq al-Nas - Die Rechte der Menschheit (eBook) | Mohsen Kadivar -","robots":{"index":"index","follow":"follow","max-snippet":"max-snippet:-1","max-image-preview":"max-image-preview:large","max-video-preview":"max-video-preview:-1"},"canonical":"https:\/\/nt-press.com\/produkt\/haqq-al-nas-the-rights-of-mankind-mohsen-kadivar-ebook\/","og_locale":"de_DE","og_type":"article","og_title":"Haqq al-Nas - Die Rechte der Menschheit (eBook) | Mohsen Kadivar -","og_description":"Titel Haqq al-Nas Die Rechte der Menschheit Menschenrechte und Reform-Islam Verfasser Mohsen Kadivar Auflage 2. \u00fcberarbeitete (eBook) Seiten 532 Format 21 x 14,8 cm (A5) Sprache Persisch (Farsi) Erscheinungsjahr 2023 ISBN 978-3-948894-23-8 Verlag New Thought PRESS \u0670Vorstellung: Angesichts der Sitten und Gebr\u00e4uche in der Zeit des fr\u00fchen Islam waren alle Lehren des Islam \u2013 die [...]","og_url":"https:\/\/nt-press.com\/produkt\/haqq-al-nas-the-rights-of-mankind-mohsen-kadivar-ebook\/","og_site_name":"New Thought PRESS","article_modified_time":"2023-04-11T00:40:51+00:00","og_image":[{"width":397,"height":560,"url":"https:\/\/nt-press.com\/wp-content\/uploads\/2023\/03\/cover-haqunnas-ebook-1.png","type":"image\/png"}],"twitter_card":"summary_large_image","twitter_misc":{"Gesch\u00e4tzte Lesezeit":"3\u00a0Minuten"},"schema":{"@context":"https:\/\/schema.org","@graph":[{"@type":"WebPage","@id":"https:\/\/nt-press.com\/produkt\/haqq-al-nas-the-rights-of-mankind-mohsen-kadivar-ebook\/","url":"https:\/\/nt-press.com\/produkt\/haqq-al-nas-the-rights-of-mankind-mohsen-kadivar-ebook\/","name":"Haqq al-Nas - Die Rechte der Menschheit (eBook) | Mohsen Kadivar -","isPartOf":{"@id":"https:\/\/nt-press.com\/#website"},"primaryImageOfPage":{"@id":"https:\/\/nt-press.com\/produkt\/haqq-al-nas-the-rights-of-mankind-mohsen-kadivar-ebook\/#primaryimage"},"image":{"@id":"https:\/\/nt-press.com\/produkt\/haqq-al-nas-the-rights-of-mankind-mohsen-kadivar-ebook\/#primaryimage"},"thumbnailUrl":"https:\/\/nt-press.com\/wp-content\/uploads\/2023\/03\/cover-haqunnas-ebook-1.png","datePublished":"2023-03-20T22:55:44+00:00","dateModified":"2023-04-11T00:40:51+00:00","breadcrumb":{"@id":"https:\/\/nt-press.com\/produkt\/haqq-al-nas-the-rights-of-mankind-mohsen-kadivar-ebook\/#breadcrumb"},"inLanguage":"de","potentialAction":[{"@type":"ReadAction","target":["https:\/\/nt-press.com\/produkt\/haqq-al-nas-the-rights-of-mankind-mohsen-kadivar-ebook\/"]}]},{"@type":"ImageObject","inLanguage":"de","@id":"https:\/\/nt-press.com\/produkt\/haqq-al-nas-the-rights-of-mankind-mohsen-kadivar-ebook\/#primaryimage","url":"https:\/\/nt-press.com\/wp-content\/uploads\/2023\/03\/cover-haqunnas-ebook-1.png","contentUrl":"https:\/\/nt-press.com\/wp-content\/uploads\/2023\/03\/cover-haqunnas-ebook-1.png","width":397,"height":560},{"@type":"BreadcrumbList","@id":"https:\/\/nt-press.com\/produkt\/haqq-al-nas-the-rights-of-mankind-mohsen-kadivar-ebook\/#breadcrumb","itemListElement":[{"@type":"ListItem","position":1,"name":"Home","item":"https:\/\/nt-press.com\/de\/"},{"@type":"ListItem","position":2,"name":"Shop","item":"https:\/\/nt-press.com\/de\/"},{"@type":"ListItem","position":3,"name":"Haqq al-Nas &#8211; Die Rechte der Menschheit (eBook) | Mohsen Kadivar"}]},{"@type":"WebSite","@id":"https:\/\/nt-press.com\/#website","url":"https:\/\/nt-press.com\/","name":"New Thought PRESS","description":"","potentialAction":[{"@type":"SearchAction","target":{"@type":"EntryPoint","urlTemplate":"https:\/\/nt-press.com\/?s={search_term_string}"},"query-input":{"@type":"PropertyValueSpecification","valueRequired":true,"valueName":"search_term_string"}}],"inLanguage":"de"}]}},"_links":{"self":[{"href":"https:\/\/nt-press.com\/de\/wp-json\/wp\/v2\/product\/1349","targetHints":{"allow":["GET"]}}],"collection":[{"href":"https:\/\/nt-press.com\/de\/wp-json\/wp\/v2\/product"}],"about":[{"href":"https:\/\/nt-press.com\/de\/wp-json\/wp\/v2\/types\/product"}],"wp:featuredmedia":[{"embeddable":true,"href":"https:\/\/nt-press.com\/de\/wp-json\/wp\/v2\/media\/1692"}],"wp:attachment":[{"href":"https:\/\/nt-press.com\/de\/wp-json\/wp\/v2\/media?parent=1349"}],"wp:term":[{"taxonomy":"product_brand","embeddable":true,"href":"https:\/\/nt-press.com\/de\/wp-json\/wp\/v2\/product_brand?post=1349"},{"taxonomy":"product_cat","embeddable":true,"href":"https:\/\/nt-press.com\/de\/wp-json\/wp\/v2\/product_cat?post=1349"},{"taxonomy":"product_tag","embeddable":true,"href":"https:\/\/nt-press.com\/de\/wp-json\/wp\/v2\/product_tag?post=1349"}],"curies":[{"name":"wp","href":"https:\/\/api.w.org\/{rel}","templated":true}]}}