{"id":1213,"date":"2022-06-01T19:08:50","date_gmt":"2022-06-01T19:08:51","guid":{"rendered":"https:\/\/www.nt-press.com\/?post_type=product&#038;p=1213"},"modified":"2022-06-01T19:53:41","modified_gmt":"2022-06-01T19:53:41","slug":"die-aera-der-zusammenarbeit-und-unterstuetzung-mohsen-kadivar-kopie","status":"publish","type":"product","link":"https:\/\/nt-press.com\/de\/produkt\/die-aera-der-zusammenarbeit-und-unterstuetzung-mohsen-kadivar-kopie\/","title":{"rendered":"Die \u00c4ra der Zusammenarbeit und Unterst\u00fctzung (eBook) | Mohsen Kadivar"},"content":{"rendered":"<table>\n<tbody>\n<tr>\n<th>Titel<\/th>\n<th style=\"text-align: left;\">Die \u00c4ra der Zusammenarbeit und Unterst\u00fctzung<\/th>\n<\/tr>\n<tr>\n<th><\/th>\n<th style=\"text-align: left;\">Die Beziehungen zwischen Khomeini und Montazeri (bis September 1986)<\/th>\n<\/tr>\n<tr>\n<td><\/td>\n<td>\u00d6ffentliche Anklage gegen den Expertenrat und die F\u00fchrer der Islamischen Republik Iran (1982-1992) Band II<\/td>\n<\/tr>\n<tr>\n<td>Verfasser<\/td>\n<td>Mohsen Kadivar<\/td>\n<\/tr>\n<tr>\n<td>Auflage<\/td>\n<td>1. (e-Book)<\/td>\n<\/tr>\n<tr>\n<td>Seiten<\/td>\n<td>558<\/td>\n<\/tr>\n<tr>\n<td>Format<\/td>\n<td>14,8 x 21 cm<\/td>\n<\/tr>\n<tr>\n<td>Sprache<\/td>\n<td>Persisch (Farsi)<\/td>\n<\/tr>\n<tr>\n<td>Erscheinungsjahr<\/td>\n<td>2022<\/td>\n<\/tr>\n<tr>\n<td>ISBN<\/td>\n<td>978-3-948894-21-4<\/td>\n<\/tr>\n<tr>\n<td>Verlag<\/td>\n<td>New Thought PRESS<\/td>\n<\/tr>\n<\/tbody>\n<\/table>\n<p><strong>\u0670Vorstellung:<\/strong><\/p>\n<p>Das vorliegende Buch ist eine Dokumentation \u00fcber den Zeitraum zwischen den 1940er Jahren und September 1986, der von der konstruktiven Zusammenarbeit von Ayatollah Khomeini (1900-89) und Ayatollah Montazeri (1922-2009) gepr\u00e4gt war. Ayatollah Montazeri spielte eine Schl\u00fcsselrolle bei der Begr\u00fcndung der religi\u00f6sen Autorit\u00e4t (marjai&#8217;yyat) von Ayatollah Khomeini und war bis zum Sieg der Revolution im Februar 1979 die rechte Hand seiner politischen F\u00fchrung im Iran. Als F\u00fchrer der Islamischen Republik Iran delegierte Khomeini viele seiner religi\u00f6sen und staatlichen Befugnisse offiziell an seinen wichtigsten Sch\u00fcler Montazeri. Diese wichtigen Belege beweisen, dass Khomeini Montazeri als den gelehrtesten Juristen (fal-a\u2019lam) und einen vollst\u00e4ndig qualifizierten (j\u0101mi\u2019 al-shar\u0101\u2019t) Mujtahid ansah, der in der Lage war, die Revolution fortzf\u00fchren und die zuk\u00fcnftige F\u00fchrung der Islamischen Republik zu \u00fcbernehmen. Zu dieser Zeit war Ayatollah Montazeri der bekannteste Rechtsgelehrte, der sowohl die Revolution als auch das Establishment unterst\u00fctzte, und war der st\u00e4rkste Unterst\u00fctzer, den die damalige F\u00fchrung in den religi\u00f6sen Schulen und im Klerus finden konnte. Dar\u00fcber hinaus war Montazeri der aufrichtigste Verfechter der wichtigsten Strategien von Ayatollah Khomeini.<\/p>\n<p>Im Juli 1985 verabschiedete die Expertenversammlung (Majlis-i Khebregan) eine Resolution in Form eines einzigen Artikels, die die Benennung eines zuk\u00fcnftigen F\u00fchrers verpflichtend machte. Am Ende derselben Sitzung (ijl\u0101siyah) sowie in der au\u00dferordentlichen Sitzung vom November 1985 verabschiedete die Versammlung hastig eine weitere Einzelartikel-Resolution, die Ayatollah Montazeri als alleinigen Referenten der im ersten Teil des Artikels 107 der Verfassung beschriebenen Person einf\u00fchrte, welche von der \u00fcberw\u00e4ltigenden Mehrheit der Iraner als solche akzeptiert wurde. Die Mitglieder der Expertenversammlung stimmten dieser Wahl zu und erkl\u00e4rten sie f\u00fcr g\u00fcltig. Die Zweckm\u00e4\u00dfigkeit der Verabschiedung des Artikels dr\u00e4ngte dabei seine rechtlichen Probleme in den Hintergrund. Im Laufe der Zeit erwies sich die \u00fcbereilte Aktion als sch\u00e4dlich f\u00fcr Ayatollah Montazeri und brachte ihm \u00fcberhaupt keinen Vorteil. Beide Resolutionen waren die Idee von Seyyed Ali Khamenei und wurden mit Unterst\u00fctzung von Akbar Hashemi Rafsandschani geplant und umgesetzt&#8230;<\/p>\n ","protected":false},"excerpt":{"rendered":"<p>Titel Die \u00c4ra der Zusammenarbeit und Unterst\u00fctzung Die Beziehungen zwischen Khomeini und Montazeri (bis September 1986) \u00d6ffentliche Anklage gegen den Expertenrat und die F\u00fchrer der Islamischen Republik Iran (1982-1992) Band II Verfasser Mohsen Kadivar Auflage 1. (e-Book) Seiten 558 Format 14,8 x 21 cm Sprache Persisch (Farsi) Erscheinungsjahr 2022 ISBN 978-3-948894-21-4 Verlag New Thought PRESS [&#8230;]\n","protected":false},"featured_media":1219,"template":"","meta":[],"product_brand":[],"product_cat":[170,134,136],"product_tag":[],"class_list":{"0":"post-1213","1":"product","2":"type-product","3":"status-publish","4":"has-post-thumbnail","6":"product_cat-ebook-2-de","7":"product_cat-geschichte","8":"product_cat-politik","9":"product_shipping_class-1kg-de","11":"first","12":"instock","13":"featured","14":"downloadable","15":"virtual","16":"taxable","17":"purchasable","18":"product-type-simple"},"yoast_head":"<!-- This site is optimized with the Yoast SEO plugin v25.2 - https:\/\/yoast.com\/wordpress\/plugins\/seo\/ -->\n<title>Die \u00c4ra der Zusammenarbeit und Unterst\u00fctzung (eBook) | Mohsen Kadivar - New Thought PRESS<\/title>\n<meta name=\"description\" content=\"Das vorliegende Buch ist eine Dokumentation \u00fcber den Zeitraum zwischen den 1940er Jahren und September 1986, der von der konstruktiven Zusammenarbeit von Ayatollah Khomeini (1900-89) und Ayatollah Montazeri (1922-2009) gepr\u00e4gt war. Ayatollah Montazeri spielte eine Schl\u00fcsselrolle bei der Begr\u00fcndung der religi\u00f6sen Autorit\u00e4t (marjai&#039;yyat) von Ayatollah Khomeini und war bis zum Sieg der Revolution im Februar 1979 die rechte Hand seiner politischen F\u00fchrung im Iran. Als F\u00fchrer der Islamischen Republik Iran delegierte Khomeini viele seiner religi\u00f6sen und staatlichen Befugnisse offiziell an seinen wichtigsten Sch\u00fcler Montazeri. ...\" \/>\n<meta name=\"robots\" content=\"index, follow, max-snippet:-1, max-image-preview:large, max-video-preview:-1\" \/>\n<link rel=\"canonical\" href=\"https:\/\/nt-press.com\/produkt\/the-era-of-cooperation-and-assistance-e-book-mohsen-kadivar\/\" \/>\n<meta property=\"og:locale\" content=\"de_DE\" \/>\n<meta property=\"og:type\" content=\"article\" \/>\n<meta property=\"og:title\" content=\"Die \u00c4ra der Zusammenarbeit und Unterst\u00fctzung (eBook) | Mohsen Kadivar - New Thought PRESS\" \/>\n<meta property=\"og:description\" content=\"Das vorliegende Buch ist eine Dokumentation \u00fcber den Zeitraum zwischen den 1940er Jahren und September 1986, der von der konstruktiven Zusammenarbeit von Ayatollah Khomeini (1900-89) und Ayatollah Montazeri (1922-2009) gepr\u00e4gt war. Ayatollah Montazeri spielte eine Schl\u00fcsselrolle bei der Begr\u00fcndung der religi\u00f6sen Autorit\u00e4t (marjai&#039;yyat) von Ayatollah Khomeini und war bis zum Sieg der Revolution im Februar 1979 die rechte Hand seiner politischen F\u00fchrung im Iran. Als F\u00fchrer der Islamischen Republik Iran delegierte Khomeini viele seiner religi\u00f6sen und staatlichen Befugnisse offiziell an seinen wichtigsten Sch\u00fcler Montazeri. ...\" \/>\n<meta property=\"og:url\" content=\"https:\/\/nt-press.com\/produkt\/the-era-of-cooperation-and-assistance-e-book-mohsen-kadivar\/\" \/>\n<meta property=\"og:site_name\" content=\"New Thought PRESS\" \/>\n<meta property=\"article:modified_time\" content=\"2022-06-01T19:53:41+00:00\" \/>\n<meta property=\"og:image\" content=\"https:\/\/nt-press.com\/wp-content\/uploads\/2022\/06\/cover-moazedat-ebook.png\" \/>\n\t<meta property=\"og:image:width\" content=\"399\" \/>\n\t<meta property=\"og:image:height\" content=\"560\" \/>\n\t<meta property=\"og:image:type\" content=\"image\/png\" \/>\n<meta name=\"twitter:card\" content=\"summary_large_image\" \/>\n<meta name=\"twitter:label1\" content=\"Gesch\u00e4tzte Lesezeit\" \/>\n\t<meta name=\"twitter:data1\" content=\"2\u00a0Minuten\" \/>\n<script type=\"application\/ld+json\" class=\"yoast-schema-graph\">{\"@context\":\"https:\/\/schema.org\",\"@graph\":[{\"@type\":\"WebPage\",\"@id\":\"https:\/\/nt-press.com\/produkt\/the-era-of-cooperation-and-assistance-e-book-mohsen-kadivar\/\",\"url\":\"https:\/\/nt-press.com\/produkt\/the-era-of-cooperation-and-assistance-e-book-mohsen-kadivar\/\",\"name\":\"Die \u00c4ra der Zusammenarbeit und Unterst\u00fctzung (eBook) | Mohsen Kadivar - New Thought PRESS\",\"isPartOf\":{\"@id\":\"https:\/\/nt-press.com\/#website\"},\"primaryImageOfPage\":{\"@id\":\"https:\/\/nt-press.com\/produkt\/the-era-of-cooperation-and-assistance-e-book-mohsen-kadivar\/#primaryimage\"},\"image\":{\"@id\":\"https:\/\/nt-press.com\/produkt\/the-era-of-cooperation-and-assistance-e-book-mohsen-kadivar\/#primaryimage\"},\"thumbnailUrl\":\"https:\/\/nt-press.com\/wp-content\/uploads\/2022\/06\/cover-moazedat-ebook.png\",\"datePublished\":\"2022-06-01T19:08:51+00:00\",\"dateModified\":\"2022-06-01T19:53:41+00:00\",\"description\":\"Das vorliegende Buch ist eine Dokumentation \u00fcber den Zeitraum zwischen den 1940er Jahren und September 1986, der von der konstruktiven Zusammenarbeit von Ayatollah Khomeini (1900-89) und Ayatollah Montazeri (1922-2009) gepr\u00e4gt war. Ayatollah Montazeri spielte eine Schl\u00fcsselrolle bei der Begr\u00fcndung der religi\u00f6sen Autorit\u00e4t (marjai'yyat) von Ayatollah Khomeini und war bis zum Sieg der Revolution im Februar 1979 die rechte Hand seiner politischen F\u00fchrung im Iran. Als F\u00fchrer der Islamischen Republik Iran delegierte Khomeini viele seiner religi\u00f6sen und staatlichen Befugnisse offiziell an seinen wichtigsten Sch\u00fcler Montazeri. ...\",\"breadcrumb\":{\"@id\":\"https:\/\/nt-press.com\/produkt\/the-era-of-cooperation-and-assistance-e-book-mohsen-kadivar\/#breadcrumb\"},\"inLanguage\":\"de\",\"potentialAction\":[{\"@type\":\"ReadAction\",\"target\":[\"https:\/\/nt-press.com\/produkt\/the-era-of-cooperation-and-assistance-e-book-mohsen-kadivar\/\"]}]},{\"@type\":\"ImageObject\",\"inLanguage\":\"de\",\"@id\":\"https:\/\/nt-press.com\/produkt\/the-era-of-cooperation-and-assistance-e-book-mohsen-kadivar\/#primaryimage\",\"url\":\"https:\/\/nt-press.com\/wp-content\/uploads\/2022\/06\/cover-moazedat-ebook.png\",\"contentUrl\":\"https:\/\/nt-press.com\/wp-content\/uploads\/2022\/06\/cover-moazedat-ebook.png\",\"width\":399,\"height\":560,\"caption\":\"Cover-Moazedat va Moavenat\"},{\"@type\":\"BreadcrumbList\",\"@id\":\"https:\/\/nt-press.com\/produkt\/the-era-of-cooperation-and-assistance-e-book-mohsen-kadivar\/#breadcrumb\",\"itemListElement\":[{\"@type\":\"ListItem\",\"position\":1,\"name\":\"Home\",\"item\":\"https:\/\/nt-press.com\/de\/\"},{\"@type\":\"ListItem\",\"position\":2,\"name\":\"Shop\",\"item\":\"https:\/\/nt-press.com\/de\/\"},{\"@type\":\"ListItem\",\"position\":3,\"name\":\"Die \u00c4ra der Zusammenarbeit und Unterst\u00fctzung (eBook) | Mohsen Kadivar\"}]},{\"@type\":\"WebSite\",\"@id\":\"https:\/\/nt-press.com\/#website\",\"url\":\"https:\/\/nt-press.com\/\",\"name\":\"New Thought PRESS\",\"description\":\"\",\"potentialAction\":[{\"@type\":\"SearchAction\",\"target\":{\"@type\":\"EntryPoint\",\"urlTemplate\":\"https:\/\/nt-press.com\/?s={search_term_string}\"},\"query-input\":{\"@type\":\"PropertyValueSpecification\",\"valueRequired\":true,\"valueName\":\"search_term_string\"}}],\"inLanguage\":\"de\"}]}<\/script>\n<!-- \/ Yoast SEO plugin. -->","yoast_head_json":{"title":"Die \u00c4ra der Zusammenarbeit und Unterst\u00fctzung (eBook) | Mohsen Kadivar - New Thought PRESS","description":"Das vorliegende Buch ist eine Dokumentation \u00fcber den Zeitraum zwischen den 1940er Jahren und September 1986, der von der konstruktiven Zusammenarbeit von Ayatollah Khomeini (1900-89) und Ayatollah Montazeri (1922-2009) gepr\u00e4gt war. Ayatollah Montazeri spielte eine Schl\u00fcsselrolle bei der Begr\u00fcndung der religi\u00f6sen Autorit\u00e4t (marjai'yyat) von Ayatollah Khomeini und war bis zum Sieg der Revolution im Februar 1979 die rechte Hand seiner politischen F\u00fchrung im Iran. Als F\u00fchrer der Islamischen Republik Iran delegierte Khomeini viele seiner religi\u00f6sen und staatlichen Befugnisse offiziell an seinen wichtigsten Sch\u00fcler Montazeri. ...","robots":{"index":"index","follow":"follow","max-snippet":"max-snippet:-1","max-image-preview":"max-image-preview:large","max-video-preview":"max-video-preview:-1"},"canonical":"https:\/\/nt-press.com\/produkt\/the-era-of-cooperation-and-assistance-e-book-mohsen-kadivar\/","og_locale":"de_DE","og_type":"article","og_title":"Die \u00c4ra der Zusammenarbeit und Unterst\u00fctzung (eBook) | Mohsen Kadivar - New Thought PRESS","og_description":"Das vorliegende Buch ist eine Dokumentation \u00fcber den Zeitraum zwischen den 1940er Jahren und September 1986, der von der konstruktiven Zusammenarbeit von Ayatollah Khomeini (1900-89) und Ayatollah Montazeri (1922-2009) gepr\u00e4gt war. Ayatollah Montazeri spielte eine Schl\u00fcsselrolle bei der Begr\u00fcndung der religi\u00f6sen Autorit\u00e4t (marjai'yyat) von Ayatollah Khomeini und war bis zum Sieg der Revolution im Februar 1979 die rechte Hand seiner politischen F\u00fchrung im Iran. Als F\u00fchrer der Islamischen Republik Iran delegierte Khomeini viele seiner religi\u00f6sen und staatlichen Befugnisse offiziell an seinen wichtigsten Sch\u00fcler Montazeri. ...","og_url":"https:\/\/nt-press.com\/produkt\/the-era-of-cooperation-and-assistance-e-book-mohsen-kadivar\/","og_site_name":"New Thought PRESS","article_modified_time":"2022-06-01T19:53:41+00:00","og_image":[{"width":399,"height":560,"url":"https:\/\/nt-press.com\/wp-content\/uploads\/2022\/06\/cover-moazedat-ebook.png","type":"image\/png"}],"twitter_card":"summary_large_image","twitter_misc":{"Gesch\u00e4tzte Lesezeit":"2\u00a0Minuten"},"schema":{"@context":"https:\/\/schema.org","@graph":[{"@type":"WebPage","@id":"https:\/\/nt-press.com\/produkt\/the-era-of-cooperation-and-assistance-e-book-mohsen-kadivar\/","url":"https:\/\/nt-press.com\/produkt\/the-era-of-cooperation-and-assistance-e-book-mohsen-kadivar\/","name":"Die \u00c4ra der Zusammenarbeit und Unterst\u00fctzung (eBook) | Mohsen Kadivar - New Thought PRESS","isPartOf":{"@id":"https:\/\/nt-press.com\/#website"},"primaryImageOfPage":{"@id":"https:\/\/nt-press.com\/produkt\/the-era-of-cooperation-and-assistance-e-book-mohsen-kadivar\/#primaryimage"},"image":{"@id":"https:\/\/nt-press.com\/produkt\/the-era-of-cooperation-and-assistance-e-book-mohsen-kadivar\/#primaryimage"},"thumbnailUrl":"https:\/\/nt-press.com\/wp-content\/uploads\/2022\/06\/cover-moazedat-ebook.png","datePublished":"2022-06-01T19:08:51+00:00","dateModified":"2022-06-01T19:53:41+00:00","description":"Das vorliegende Buch ist eine Dokumentation \u00fcber den Zeitraum zwischen den 1940er Jahren und September 1986, der von der konstruktiven Zusammenarbeit von Ayatollah Khomeini (1900-89) und Ayatollah Montazeri (1922-2009) gepr\u00e4gt war. Ayatollah Montazeri spielte eine Schl\u00fcsselrolle bei der Begr\u00fcndung der religi\u00f6sen Autorit\u00e4t (marjai'yyat) von Ayatollah Khomeini und war bis zum Sieg der Revolution im Februar 1979 die rechte Hand seiner politischen F\u00fchrung im Iran. Als F\u00fchrer der Islamischen Republik Iran delegierte Khomeini viele seiner religi\u00f6sen und staatlichen Befugnisse offiziell an seinen wichtigsten Sch\u00fcler Montazeri. ...","breadcrumb":{"@id":"https:\/\/nt-press.com\/produkt\/the-era-of-cooperation-and-assistance-e-book-mohsen-kadivar\/#breadcrumb"},"inLanguage":"de","potentialAction":[{"@type":"ReadAction","target":["https:\/\/nt-press.com\/produkt\/the-era-of-cooperation-and-assistance-e-book-mohsen-kadivar\/"]}]},{"@type":"ImageObject","inLanguage":"de","@id":"https:\/\/nt-press.com\/produkt\/the-era-of-cooperation-and-assistance-e-book-mohsen-kadivar\/#primaryimage","url":"https:\/\/nt-press.com\/wp-content\/uploads\/2022\/06\/cover-moazedat-ebook.png","contentUrl":"https:\/\/nt-press.com\/wp-content\/uploads\/2022\/06\/cover-moazedat-ebook.png","width":399,"height":560,"caption":"Cover-Moazedat va Moavenat"},{"@type":"BreadcrumbList","@id":"https:\/\/nt-press.com\/produkt\/the-era-of-cooperation-and-assistance-e-book-mohsen-kadivar\/#breadcrumb","itemListElement":[{"@type":"ListItem","position":1,"name":"Home","item":"https:\/\/nt-press.com\/de\/"},{"@type":"ListItem","position":2,"name":"Shop","item":"https:\/\/nt-press.com\/de\/"},{"@type":"ListItem","position":3,"name":"Die \u00c4ra der Zusammenarbeit und Unterst\u00fctzung (eBook) | Mohsen Kadivar"}]},{"@type":"WebSite","@id":"https:\/\/nt-press.com\/#website","url":"https:\/\/nt-press.com\/","name":"New Thought PRESS","description":"","potentialAction":[{"@type":"SearchAction","target":{"@type":"EntryPoint","urlTemplate":"https:\/\/nt-press.com\/?s={search_term_string}"},"query-input":{"@type":"PropertyValueSpecification","valueRequired":true,"valueName":"search_term_string"}}],"inLanguage":"de"}]}},"_links":{"self":[{"href":"https:\/\/nt-press.com\/de\/wp-json\/wp\/v2\/product\/1213","targetHints":{"allow":["GET"]}}],"collection":[{"href":"https:\/\/nt-press.com\/de\/wp-json\/wp\/v2\/product"}],"about":[{"href":"https:\/\/nt-press.com\/de\/wp-json\/wp\/v2\/types\/product"}],"wp:featuredmedia":[{"embeddable":true,"href":"https:\/\/nt-press.com\/de\/wp-json\/wp\/v2\/media\/1219"}],"wp:attachment":[{"href":"https:\/\/nt-press.com\/de\/wp-json\/wp\/v2\/media?parent=1213"}],"wp:term":[{"taxonomy":"product_brand","embeddable":true,"href":"https:\/\/nt-press.com\/de\/wp-json\/wp\/v2\/product_brand?post=1213"},{"taxonomy":"product_cat","embeddable":true,"href":"https:\/\/nt-press.com\/de\/wp-json\/wp\/v2\/product_cat?post=1213"},{"taxonomy":"product_tag","embeddable":true,"href":"https:\/\/nt-press.com\/de\/wp-json\/wp\/v2\/product_tag?post=1213"}],"curies":[{"name":"wp","href":"https:\/\/api.w.org\/{rel}","templated":true}]}}