{"id":1186,"date":"2022-05-15T14:10:05","date_gmt":"2022-05-15T14:26:50","guid":{"rendered":"https:\/\/www.nt-press.com\/?post_type=product&#038;p=1186"},"modified":"2022-05-15T14:26:50","modified_gmt":"2022-05-15T14:26:50","slug":"exil-oder-gefaengnis-sedigheh-vasmaghi-englisch","status":"publish","type":"product","link":"https:\/\/nt-press.com\/de\/produkt\/exil-oder-gefaengnis-sedigheh-vasmaghi-englisch\/","title":{"rendered":"Exil oder Gef\u00e4ngnis? | Sedigheh Vasmaghi (Englisch)"},"content":{"rendered":"<table style=\"font-size: 14.4px;\">\n<tbody>\n<tr>\n<th style=\"text-align: left;\"><span style=\"color: #800000;\">Titel<\/span><\/th>\n<th style=\"text-align: left;\">Exil oder Gef\u00e4ngnis?<\/th>\n<\/tr>\n<tr>\n<td style=\"text-align: left;\"><span style=\"color: #800000;\">Verfasser<\/span><\/td>\n<td>Sedigheh Vasmaghi<\/td>\n<\/tr>\n<tr>\n<td style=\"text-align: left;\"><span style=\"color: #800000;\">\u00dcbersetzer<br \/>\n<\/span><\/td>\n<td>Amir Rezanejad<\/td>\n<\/tr>\n<tr>\n<td style=\"text-align: left;\"><span style=\"color: #800000;\">Auflage<\/span><\/td>\n<td>1.<\/td>\n<\/tr>\n<tr>\n<td style=\"text-align: left;\"><span style=\"color: #800000;\">Seiten<\/span><\/td>\n<td>248<\/td>\n<\/tr>\n<tr>\n<td style=\"text-align: left;\"><span style=\"color: #800000;\">Format<\/span><\/td>\n<td>14,8 x 21 cm<\/td>\n<\/tr>\n<tr>\n<td style=\"text-align: left;\"><span style=\"color: #800000;\">Sprache<\/span><\/td>\n<td>English<\/td>\n<\/tr>\n<tr>\n<td style=\"text-align: left;\"><span style=\"color: #800000;\">Erscheinungsjahr<\/span><\/td>\n<td>2021<\/td>\n<\/tr>\n<tr>\n<td style=\"text-align: left;\"><span style=\"color: #800000;\">ISBN<\/span><\/td>\n<td>879-3-498849-14-6<\/td>\n<\/tr>\n<tr>\n<td style=\"text-align: left;\"><span style=\"color: #800000;\">Verlag<\/span><\/td>\n<td>New Thought PRESS<\/td>\n<\/tr>\n<\/tbody>\n<\/table>\n<p><em><strong>kurze Zusammenfassung:<\/strong><\/em><br \/>\nExil oder Gef\u00e4ngnis ist ein dreiteiliges Buch worin die iranische Schriftstellerin, Rechts- und Religionswissenschaftlerin, Dichterin und Aktivistin, Sedigheh Vasmaghi, sich der Wahl oder Wahllosigkeit zwischen Exil und Haft gegen\u00fcbersieht. Sein erstes Kapitel er\u00f6rtert den \u00fcberw\u00e4ltigenden Entscheidungsprozesses, in dem die Bedenken Vasmaghis und ihres Mannes, Mohammad, dahingehend abgewogen werden was es bedeuten w\u00fcrde weit weg von Heimat und Familie im Exil zu leben. W\u00e4hrend wissenschaftlicher Aufenthalte in Deutschland und Schweden wurde sie in Abwesenheit zu f\u00fcnf Jahren Haft verurteilt und wusste, dass sie bei ihrer Heimkehr am Flughafen festgenommen werden w\u00fcrde. Mit Unverst\u00e4ndnis dar\u00fcber warum sie ihrer Heimat beraubt werden sollten, beklagt die Autorin die Ungerechtigkeiten, denen sich das Paar gegen\u00fcbersieht und denen sie in jedem Fall gezwungenerma\u00dfen unterzogen sind.<br \/>\nDas zweite Kapitel beschreibt die Ereignisse zum Zeitpunkt der Ankunft. Das Hauptthema dieses Kapitels ist die Gerichtverhandlung vor dem Islamischen Revolutionsgericht, dessen ungerechte und rechtswidrige Verfahrensmethoden sie aufdeckt. Dies ist insofern nennenswert, als in den letzten vier Jahrzehnten durch dieses Gericht gegen zahlreiche Menschen strenge Urteile, Hinrichtungen und langfristige Haftstrafen erlassen wurden, bei denen Richter das Verfahrensrecht unber\u00fccksichtigt lassen.<br \/>\nDas dritte Kapitel beschreibt die Zeit, in der die Autorin in Evin im Gef\u00e4ngnis sitzt. Sie schildert die Zust\u00e4nde aller H\u00e4ftlinge, die mit ihr im Gef\u00e4ngnis sind, einschlie\u00dflich ihres eigenen. Es beleuchtet des Weiteren die Bedingungen der Gef\u00e4ngnisse in der Islamischen Republik Iran. Bemerkenswerterweise bietet das Evin-Gef\u00e4ngnis nicht nur die h\u00f6chste Sicherheitsstufe, sondern auch die beste Bewohnbarkeit, was auf weitaus schlechtere Bedingungen in anderen Gef\u00e4ngnissen hinweist. In diesem letzten Kapitel diskutiert die Autorin monologisch mit sich selbst inmitten dieser Erfahrungen die Frage \u201eExil oder Gef\u00e4ngnis?\u201c aus. Wie bewertet sie ihre Wahl im Nachhinein? War die Heimkehr die richtige Entscheidung? Sich selbst treu bleibend sucht sie nach ehrlichen Antworten auf Fragen, mit denen sie im Gef\u00e4ngnis konfrontiert ist \u2013 Fragen, dessen Bedeutsamkeit \u00fcber das eigene Leben hinausgeht.<\/p>\n ","protected":false},"excerpt":{"rendered":"<p>Titel Exil oder Gef\u00e4ngnis? Verfasser Sedigheh Vasmaghi \u00dcbersetzer Amir Rezanejad Auflage 1. Seiten 248 Format 14,8 x 21 cm Sprache English Erscheinungsjahr 2021 ISBN 879-3-498849-14-6 Verlag New Thought PRESS kurze Zusammenfassung: Exil oder Gef\u00e4ngnis ist ein dreiteiliges Buch worin die iranische Schriftstellerin, Rechts- und Religionswissenschaftlerin, Dichterin und Aktivistin, Sedigheh Vasmaghi, sich der Wahl oder Wahllosigkeit [&#8230;]\n","protected":false},"featured_media":1044,"template":"","meta":[],"product_brand":[],"product_cat":[136,130],"product_tag":[],"class_list":{"0":"post-1186","1":"product","2":"type-product","3":"status-publish","4":"has-post-thumbnail","6":"product_cat-politik","7":"product_cat-biographie","8":"product_shipping_class-0-5kg-de","10":"first","11":"instock","12":"featured","13":"taxable","14":"shipping-taxable","15":"purchasable","16":"product-type-simple"},"yoast_head":"<!-- This site is optimized with the Yoast SEO plugin v25.2 - https:\/\/yoast.com\/wordpress\/plugins\/seo\/ -->\n<title>Exil oder Gef\u00e4ngnis? | Sedigheh Vasmaghi (Englisch) - New Thought PRESS<\/title>\n<meta name=\"robots\" content=\"index, follow, max-snippet:-1, max-image-preview:large, max-video-preview:-1\" \/>\n<link rel=\"canonical\" href=\"https:\/\/nt-press.com\/produkt\/exile-or-prison-sedigheh-vasmaghi-english-2\/\" \/>\n<meta property=\"og:locale\" content=\"de_DE\" \/>\n<meta property=\"og:type\" content=\"article\" \/>\n<meta property=\"og:title\" content=\"Exil oder Gef\u00e4ngnis? | Sedigheh Vasmaghi (Englisch) - New Thought PRESS\" \/>\n<meta property=\"og:description\" content=\"Titel Exil oder Gef\u00e4ngnis? Verfasser Sedigheh Vasmaghi \u00dcbersetzer Amir Rezanejad Auflage 1. Seiten 248 Format 14,8 x 21 cm Sprache English Erscheinungsjahr 2021 ISBN 879-3-498849-14-6 Verlag New Thought PRESS kurze Zusammenfassung: Exil oder Gef\u00e4ngnis ist ein dreiteiliges Buch worin die iranische Schriftstellerin, Rechts- und Religionswissenschaftlerin, Dichterin und Aktivistin, Sedigheh Vasmaghi, sich der Wahl oder Wahllosigkeit [...]\" \/>\n<meta property=\"og:url\" content=\"https:\/\/nt-press.com\/produkt\/exile-or-prison-sedigheh-vasmaghi-english-2\/\" \/>\n<meta property=\"og:site_name\" content=\"New Thought PRESS\" \/>\n<meta property=\"og:image\" content=\"https:\/\/nt-press.com\/wp-content\/uploads\/2022\/04\/Exile_or_Prison.png\" \/>\n\t<meta property=\"og:image:width\" content=\"399\" \/>\n\t<meta property=\"og:image:height\" content=\"560\" \/>\n\t<meta property=\"og:image:type\" content=\"image\/png\" \/>\n<meta name=\"twitter:card\" content=\"summary_large_image\" \/>\n<meta name=\"twitter:label1\" content=\"Gesch\u00e4tzte Lesezeit\" \/>\n\t<meta name=\"twitter:data1\" content=\"2\u00a0Minuten\" \/>\n<script type=\"application\/ld+json\" class=\"yoast-schema-graph\">{\"@context\":\"https:\/\/schema.org\",\"@graph\":[{\"@type\":\"WebPage\",\"@id\":\"https:\/\/nt-press.com\/produkt\/exile-or-prison-sedigheh-vasmaghi-english-2\/\",\"url\":\"https:\/\/nt-press.com\/produkt\/exile-or-prison-sedigheh-vasmaghi-english-2\/\",\"name\":\"Exil oder Gef\u00e4ngnis? | Sedigheh Vasmaghi (Englisch) - New Thought PRESS\",\"isPartOf\":{\"@id\":\"https:\/\/nt-press.com\/#website\"},\"primaryImageOfPage\":{\"@id\":\"https:\/\/nt-press.com\/produkt\/exile-or-prison-sedigheh-vasmaghi-english-2\/#primaryimage\"},\"image\":{\"@id\":\"https:\/\/nt-press.com\/produkt\/exile-or-prison-sedigheh-vasmaghi-english-2\/#primaryimage\"},\"thumbnailUrl\":\"https:\/\/nt-press.com\/wp-content\/uploads\/2022\/04\/Exile_or_Prison.png\",\"datePublished\":\"2022-05-15T14:26:50+00:00\",\"breadcrumb\":{\"@id\":\"https:\/\/nt-press.com\/produkt\/exile-or-prison-sedigheh-vasmaghi-english-2\/#breadcrumb\"},\"inLanguage\":\"de\",\"potentialAction\":[{\"@type\":\"ReadAction\",\"target\":[\"https:\/\/nt-press.com\/produkt\/exile-or-prison-sedigheh-vasmaghi-english-2\/\"]}]},{\"@type\":\"ImageObject\",\"inLanguage\":\"de\",\"@id\":\"https:\/\/nt-press.com\/produkt\/exile-or-prison-sedigheh-vasmaghi-english-2\/#primaryimage\",\"url\":\"https:\/\/nt-press.com\/wp-content\/uploads\/2022\/04\/Exile_or_Prison.png\",\"contentUrl\":\"https:\/\/nt-press.com\/wp-content\/uploads\/2022\/04\/Exile_or_Prison.png\",\"width\":399,\"height\":560},{\"@type\":\"BreadcrumbList\",\"@id\":\"https:\/\/nt-press.com\/produkt\/exile-or-prison-sedigheh-vasmaghi-english-2\/#breadcrumb\",\"itemListElement\":[{\"@type\":\"ListItem\",\"position\":1,\"name\":\"Home\",\"item\":\"https:\/\/nt-press.com\/de\/\"},{\"@type\":\"ListItem\",\"position\":2,\"name\":\"Shop\",\"item\":\"https:\/\/nt-press.com\/de\/\"},{\"@type\":\"ListItem\",\"position\":3,\"name\":\"Exil oder Gef\u00e4ngnis? | Sedigheh Vasmaghi (Englisch)\"}]},{\"@type\":\"WebSite\",\"@id\":\"https:\/\/nt-press.com\/#website\",\"url\":\"https:\/\/nt-press.com\/\",\"name\":\"New Thought PRESS\",\"description\":\"\",\"potentialAction\":[{\"@type\":\"SearchAction\",\"target\":{\"@type\":\"EntryPoint\",\"urlTemplate\":\"https:\/\/nt-press.com\/?s={search_term_string}\"},\"query-input\":{\"@type\":\"PropertyValueSpecification\",\"valueRequired\":true,\"valueName\":\"search_term_string\"}}],\"inLanguage\":\"de\"}]}<\/script>\n<!-- \/ Yoast SEO plugin. -->","yoast_head_json":{"title":"Exil oder Gef\u00e4ngnis? | Sedigheh Vasmaghi (Englisch) - New Thought PRESS","robots":{"index":"index","follow":"follow","max-snippet":"max-snippet:-1","max-image-preview":"max-image-preview:large","max-video-preview":"max-video-preview:-1"},"canonical":"https:\/\/nt-press.com\/produkt\/exile-or-prison-sedigheh-vasmaghi-english-2\/","og_locale":"de_DE","og_type":"article","og_title":"Exil oder Gef\u00e4ngnis? | Sedigheh Vasmaghi (Englisch) - New Thought PRESS","og_description":"Titel Exil oder Gef\u00e4ngnis? Verfasser Sedigheh Vasmaghi \u00dcbersetzer Amir Rezanejad Auflage 1. Seiten 248 Format 14,8 x 21 cm Sprache English Erscheinungsjahr 2021 ISBN 879-3-498849-14-6 Verlag New Thought PRESS kurze Zusammenfassung: Exil oder Gef\u00e4ngnis ist ein dreiteiliges Buch worin die iranische Schriftstellerin, Rechts- und Religionswissenschaftlerin, Dichterin und Aktivistin, Sedigheh Vasmaghi, sich der Wahl oder Wahllosigkeit [...]","og_url":"https:\/\/nt-press.com\/produkt\/exile-or-prison-sedigheh-vasmaghi-english-2\/","og_site_name":"New Thought PRESS","og_image":[{"width":399,"height":560,"url":"https:\/\/nt-press.com\/wp-content\/uploads\/2022\/04\/Exile_or_Prison.png","type":"image\/png"}],"twitter_card":"summary_large_image","twitter_misc":{"Gesch\u00e4tzte Lesezeit":"2\u00a0Minuten"},"schema":{"@context":"https:\/\/schema.org","@graph":[{"@type":"WebPage","@id":"https:\/\/nt-press.com\/produkt\/exile-or-prison-sedigheh-vasmaghi-english-2\/","url":"https:\/\/nt-press.com\/produkt\/exile-or-prison-sedigheh-vasmaghi-english-2\/","name":"Exil oder Gef\u00e4ngnis? | Sedigheh Vasmaghi (Englisch) - New Thought PRESS","isPartOf":{"@id":"https:\/\/nt-press.com\/#website"},"primaryImageOfPage":{"@id":"https:\/\/nt-press.com\/produkt\/exile-or-prison-sedigheh-vasmaghi-english-2\/#primaryimage"},"image":{"@id":"https:\/\/nt-press.com\/produkt\/exile-or-prison-sedigheh-vasmaghi-english-2\/#primaryimage"},"thumbnailUrl":"https:\/\/nt-press.com\/wp-content\/uploads\/2022\/04\/Exile_or_Prison.png","datePublished":"2022-05-15T14:26:50+00:00","breadcrumb":{"@id":"https:\/\/nt-press.com\/produkt\/exile-or-prison-sedigheh-vasmaghi-english-2\/#breadcrumb"},"inLanguage":"de","potentialAction":[{"@type":"ReadAction","target":["https:\/\/nt-press.com\/produkt\/exile-or-prison-sedigheh-vasmaghi-english-2\/"]}]},{"@type":"ImageObject","inLanguage":"de","@id":"https:\/\/nt-press.com\/produkt\/exile-or-prison-sedigheh-vasmaghi-english-2\/#primaryimage","url":"https:\/\/nt-press.com\/wp-content\/uploads\/2022\/04\/Exile_or_Prison.png","contentUrl":"https:\/\/nt-press.com\/wp-content\/uploads\/2022\/04\/Exile_or_Prison.png","width":399,"height":560},{"@type":"BreadcrumbList","@id":"https:\/\/nt-press.com\/produkt\/exile-or-prison-sedigheh-vasmaghi-english-2\/#breadcrumb","itemListElement":[{"@type":"ListItem","position":1,"name":"Home","item":"https:\/\/nt-press.com\/de\/"},{"@type":"ListItem","position":2,"name":"Shop","item":"https:\/\/nt-press.com\/de\/"},{"@type":"ListItem","position":3,"name":"Exil oder Gef\u00e4ngnis? | Sedigheh Vasmaghi (Englisch)"}]},{"@type":"WebSite","@id":"https:\/\/nt-press.com\/#website","url":"https:\/\/nt-press.com\/","name":"New Thought PRESS","description":"","potentialAction":[{"@type":"SearchAction","target":{"@type":"EntryPoint","urlTemplate":"https:\/\/nt-press.com\/?s={search_term_string}"},"query-input":{"@type":"PropertyValueSpecification","valueRequired":true,"valueName":"search_term_string"}}],"inLanguage":"de"}]}},"_links":{"self":[{"href":"https:\/\/nt-press.com\/de\/wp-json\/wp\/v2\/product\/1186","targetHints":{"allow":["GET"]}}],"collection":[{"href":"https:\/\/nt-press.com\/de\/wp-json\/wp\/v2\/product"}],"about":[{"href":"https:\/\/nt-press.com\/de\/wp-json\/wp\/v2\/types\/product"}],"wp:featuredmedia":[{"embeddable":true,"href":"https:\/\/nt-press.com\/de\/wp-json\/wp\/v2\/media\/1044"}],"wp:attachment":[{"href":"https:\/\/nt-press.com\/de\/wp-json\/wp\/v2\/media?parent=1186"}],"wp:term":[{"taxonomy":"product_brand","embeddable":true,"href":"https:\/\/nt-press.com\/de\/wp-json\/wp\/v2\/product_brand?post=1186"},{"taxonomy":"product_cat","embeddable":true,"href":"https:\/\/nt-press.com\/de\/wp-json\/wp\/v2\/product_cat?post=1186"},{"taxonomy":"product_tag","embeddable":true,"href":"https:\/\/nt-press.com\/de\/wp-json\/wp\/v2\/product_tag?post=1186"}],"curies":[{"name":"wp","href":"https:\/\/api.w.org\/{rel}","templated":true}]}}