{"id":1164,"date":"2021-02-19T19:19:01","date_gmt":"2022-05-14T18:25:08","guid":{"rendered":"https:\/\/www.nt-press.com\/product\/muhammad-and-his-succeeding-governors-in-external-accounts-hasan-yousefi-eshkevari\/"},"modified":"2022-05-14T18:28:13","modified_gmt":"2022-05-14T18:28:13","slug":"muhammad-hasan-yousefi-eshkevari-2","status":"publish","type":"product","link":"https:\/\/nt-press.com\/de\/produkt\/muhammad-hasan-yousefi-eshkevari-2\/","title":{"rendered":"Muhammad und seine Statthalter in den Berichten den Anderen | Hasan Yousefi Eshkevari"},"content":{"rendered":"<table>\n<tbody>\n<tr>\n<th><span style=\"color: #800000;\">Titel<\/span><\/th>\n<th>Muhammad und seine Statthalter in den Berichten den Anderen<\/th>\n<\/tr>\n<tr>\n<th><\/th>\n<th><\/th>\n<\/tr>\n<tr>\n<td><span style=\"color: #800000;\">Verfasser<\/span><\/td>\n<td>Hasan Yousefi Eshkevari<\/td>\n<\/tr>\n<tr>\n<td><span style=\"color: #800000;\">Editor<\/span><\/td>\n<td>Masoumeh Shapouri<\/td>\n<\/tr>\n<tr>\n<td><span style=\"color: #800000;\">Auflage<\/span><\/td>\n<td>1.<\/td>\n<\/tr>\n<tr>\n<td><span style=\"color: #800000;\">Seiten<\/span><\/td>\n<td>324<\/td>\n<\/tr>\n<tr>\n<td><span style=\"color: #800000;\">Format<\/span><\/td>\n<td>A5<\/td>\n<\/tr>\n<tr>\n<td><span style=\"color: #800000;\">Sprache<\/span><\/td>\n<td>Persisch (Farsi)<\/td>\n<\/tr>\n<tr>\n<td><span style=\"color: #800000;\">Erscheinungsjahr<\/span><\/td>\n<td>2021<\/td>\n<\/tr>\n<tr>\n<td><span style=\"color: #800000;\">ISBN<\/span><\/td>\n<td>978-3-948894-10-8<\/td>\n<\/tr>\n<tr>\n<td><span style=\"color: #800000;\">Verlag<\/span><\/td>\n<td>New Thought PRESS<\/td>\n<\/tr>\n<\/tbody>\n<\/table>\n<p><em><strong>kurze Zusammenfassung:<\/strong><\/em><br \/>\nObwohl in der Vergangenheit in den Forschungen westlicher Orientalisten und Islamologen die historische Person &#8220;Muhammad&#8221;s als Begr\u00fcnder einer Religion namens &#8220;Islam&#8221; angenommen wurde, sind hinsichtlich dessen seit etwa einhundertf\u00fcnfzig Jahren allm\u00e4hlich Zweifel aufgeworfen worden. Doch in den letzten \u00fcber zwei Jahrzehnten haben einige Individuen, die unter dem Titel &#8220;In\u00e2rah e.V.&#8221; haupts\u00e4chlich in Deutschland zusammenkommen und kollaborative Werke in deutscher Sprache ver\u00f6ffentlichen, diese Zweifel zur Gewissheit erkl\u00e4rt und in ihren Werken die historische Realit\u00e4t &#8220;Mohammad&#8221;s sowie die ihm zugeschriebene Religion samt ihrer Quellen wie dem &#8220;Qur\u2019an&#8221; als Offenbarungsbuch (immerhin nach muslimischer Auffassung) sowie Pers\u00f6nlichkeiten des fr\u00fchen Islam (die Gef\u00e4hrten und die sogenannten \u201erechtgeleiteten Kalifen\u201c) vollst\u00e4ndig geleugnet und abgelehnt.<br \/>\nDie Absicht dieses nicht allzu langen Schrift lautet wie folgt: Zum einen sollen Dokumente aus verschiedenen Quellen vorgelegt werden wie Inschriften, M\u00fcnzen und schriftliche Dokumente aus den ersten Jahrzehnten der Erscheinung des Islam, sowie vor allem direkte und indirekte Hinweise auf den Namen &#8220;Muhammad&#8221; oder &#8220;Muhammad, der Araber&#8221; oder den Titel &#8220;Muhammad, der Prophet&#8221;, die in nicht-islamischen Quellen vorkommen; andererseits sollen einige Werke der In\u00e2rah-Gruppe \u00fcberpr\u00fcft und ihre pseudowissenschaftlichen Behauptungen einer gleichgewichtig kritischen und wissenschaftlich fairen Analyse unterzogen werden, um die Ung\u00fcltigkeit oder mindestens Mangelhaftigkeit der meisten ihrer Behauptungen und schlie\u00dflich deren Unzul\u00e4nglichkeit f\u00fcr eine Rechtfertigung ihrer ideologischen Grundannahmen aufzuzeigen.<\/p>\n ","protected":false},"excerpt":{"rendered":"<p>Titel Muhammad und seine Statthalter in den Berichten den Anderen Verfasser Hasan Yousefi Eshkevari Editor Masoumeh Shapouri Auflage 1. Seiten 324 Format A5 Sprache Persisch (Farsi) Erscheinungsjahr 2021 ISBN 978-3-948894-10-8 Verlag New Thought PRESS kurze Zusammenfassung: Obwohl in der Vergangenheit in den Forschungen westlicher Orientalisten und Islamologen die historische Person &#8220;Muhammad&#8221;s als Begr\u00fcnder einer Religion [&#8230;]\n","protected":false},"featured_media":789,"template":"","meta":[],"product_brand":[],"product_cat":[134,138],"product_tag":[198],"class_list":{"0":"post-1164","1":"product","2":"type-product","3":"status-publish","4":"has-post-thumbnail","6":"product_cat-geschichte","7":"product_cat-religion-de","8":"product_tag-hasan-yousefi-eshkevari","9":"product_shipping_class-0-5kg-de","11":"first","12":"instock","13":"taxable","14":"shipping-taxable","15":"purchasable","16":"product-type-simple"},"yoast_head":"<!-- This site is optimized with the Yoast SEO plugin v25.2 - https:\/\/yoast.com\/wordpress\/plugins\/seo\/ -->\n<title>Muhammad und seine Statthalter in den Berichten den Anderen | Hasan Yousefi Eshkevari - New Thought PRESS<\/title>\n<meta name=\"robots\" content=\"index, follow, max-snippet:-1, max-image-preview:large, max-video-preview:-1\" \/>\n<link rel=\"canonical\" href=\"https:\/\/nt-press.com\/produkt\/muhammad-hasan-yousefi-eshkevari\/\" \/>\n<meta property=\"og:locale\" content=\"de_DE\" \/>\n<meta property=\"og:type\" content=\"article\" \/>\n<meta property=\"og:title\" content=\"Muhammad und seine Statthalter in den Berichten den Anderen | Hasan Yousefi Eshkevari - New Thought PRESS\" \/>\n<meta property=\"og:description\" content=\"Titel Muhammad und seine Statthalter in den Berichten den Anderen Verfasser Hasan Yousefi Eshkevari Editor Masoumeh Shapouri Auflage 1. Seiten 324 Format A5 Sprache Persisch (Farsi) Erscheinungsjahr 2021 ISBN 978-3-948894-10-8 Verlag New Thought PRESS kurze Zusammenfassung: Obwohl in der Vergangenheit in den Forschungen westlicher Orientalisten und Islamologen die historische Person &#8220;Muhammad&#8221;s als Begr\u00fcnder einer Religion [...]\" \/>\n<meta property=\"og:url\" content=\"https:\/\/nt-press.com\/produkt\/muhammad-hasan-yousefi-eshkevari\/\" \/>\n<meta property=\"og:site_name\" content=\"New Thought PRESS\" \/>\n<meta property=\"article:modified_time\" content=\"2022-05-14T18:28:13+00:00\" \/>\n<meta property=\"og:image\" content=\"https:\/\/nt-press.com\/wp-content\/uploads\/2021\/02\/cover-hadis.png\" \/>\n\t<meta property=\"og:image:width\" content=\"400\" \/>\n\t<meta property=\"og:image:height\" content=\"564\" \/>\n\t<meta property=\"og:image:type\" content=\"image\/png\" \/>\n<meta name=\"twitter:card\" content=\"summary_large_image\" \/>\n<meta name=\"twitter:label1\" content=\"Gesch\u00e4tzte Lesezeit\" \/>\n\t<meta name=\"twitter:data1\" content=\"1\u00a0Minute\" \/>\n<script type=\"application\/ld+json\" class=\"yoast-schema-graph\">{\"@context\":\"https:\/\/schema.org\",\"@graph\":[{\"@type\":\"WebPage\",\"@id\":\"https:\/\/nt-press.com\/produkt\/muhammad-hasan-yousefi-eshkevari\/\",\"url\":\"https:\/\/nt-press.com\/produkt\/muhammad-hasan-yousefi-eshkevari\/\",\"name\":\"Muhammad und seine Statthalter in den Berichten den Anderen | Hasan Yousefi Eshkevari - New Thought PRESS\",\"isPartOf\":{\"@id\":\"https:\/\/nt-press.com\/#website\"},\"primaryImageOfPage\":{\"@id\":\"https:\/\/nt-press.com\/produkt\/muhammad-hasan-yousefi-eshkevari\/#primaryimage\"},\"image\":{\"@id\":\"https:\/\/nt-press.com\/produkt\/muhammad-hasan-yousefi-eshkevari\/#primaryimage\"},\"thumbnailUrl\":\"https:\/\/nt-press.com\/wp-content\/uploads\/2021\/02\/cover-hadis.png\",\"datePublished\":\"2022-05-14T18:25:08+00:00\",\"dateModified\":\"2022-05-14T18:28:13+00:00\",\"breadcrumb\":{\"@id\":\"https:\/\/nt-press.com\/produkt\/muhammad-hasan-yousefi-eshkevari\/#breadcrumb\"},\"inLanguage\":\"de\",\"potentialAction\":[{\"@type\":\"ReadAction\",\"target\":[\"https:\/\/nt-press.com\/produkt\/muhammad-hasan-yousefi-eshkevari\/\"]}]},{\"@type\":\"ImageObject\",\"inLanguage\":\"de\",\"@id\":\"https:\/\/nt-press.com\/produkt\/muhammad-hasan-yousefi-eshkevari\/#primaryimage\",\"url\":\"https:\/\/nt-press.com\/wp-content\/uploads\/2021\/02\/cover-hadis.png\",\"contentUrl\":\"https:\/\/nt-press.com\/wp-content\/uploads\/2021\/02\/cover-hadis.png\",\"width\":400,\"height\":564},{\"@type\":\"BreadcrumbList\",\"@id\":\"https:\/\/nt-press.com\/produkt\/muhammad-hasan-yousefi-eshkevari\/#breadcrumb\",\"itemListElement\":[{\"@type\":\"ListItem\",\"position\":1,\"name\":\"Home\",\"item\":\"https:\/\/nt-press.com\/de\/\"},{\"@type\":\"ListItem\",\"position\":2,\"name\":\"Shop\",\"item\":\"https:\/\/nt-press.com\/de\/\"},{\"@type\":\"ListItem\",\"position\":3,\"name\":\"Muhammad und seine Statthalter in den Berichten den Anderen | Hasan Yousefi Eshkevari\"}]},{\"@type\":\"WebSite\",\"@id\":\"https:\/\/nt-press.com\/#website\",\"url\":\"https:\/\/nt-press.com\/\",\"name\":\"New Thought PRESS\",\"description\":\"\",\"potentialAction\":[{\"@type\":\"SearchAction\",\"target\":{\"@type\":\"EntryPoint\",\"urlTemplate\":\"https:\/\/nt-press.com\/?s={search_term_string}\"},\"query-input\":{\"@type\":\"PropertyValueSpecification\",\"valueRequired\":true,\"valueName\":\"search_term_string\"}}],\"inLanguage\":\"de\"}]}<\/script>\n<!-- \/ Yoast SEO plugin. -->","yoast_head_json":{"title":"Muhammad und seine Statthalter in den Berichten den Anderen | Hasan Yousefi Eshkevari - New Thought PRESS","robots":{"index":"index","follow":"follow","max-snippet":"max-snippet:-1","max-image-preview":"max-image-preview:large","max-video-preview":"max-video-preview:-1"},"canonical":"https:\/\/nt-press.com\/produkt\/muhammad-hasan-yousefi-eshkevari\/","og_locale":"de_DE","og_type":"article","og_title":"Muhammad und seine Statthalter in den Berichten den Anderen | Hasan Yousefi Eshkevari - New Thought PRESS","og_description":"Titel Muhammad und seine Statthalter in den Berichten den Anderen Verfasser Hasan Yousefi Eshkevari Editor Masoumeh Shapouri Auflage 1. Seiten 324 Format A5 Sprache Persisch (Farsi) Erscheinungsjahr 2021 ISBN 978-3-948894-10-8 Verlag New Thought PRESS kurze Zusammenfassung: Obwohl in der Vergangenheit in den Forschungen westlicher Orientalisten und Islamologen die historische Person &#8220;Muhammad&#8221;s als Begr\u00fcnder einer Religion [...]","og_url":"https:\/\/nt-press.com\/produkt\/muhammad-hasan-yousefi-eshkevari\/","og_site_name":"New Thought PRESS","article_modified_time":"2022-05-14T18:28:13+00:00","og_image":[{"width":400,"height":564,"url":"https:\/\/nt-press.com\/wp-content\/uploads\/2021\/02\/cover-hadis.png","type":"image\/png"}],"twitter_card":"summary_large_image","twitter_misc":{"Gesch\u00e4tzte Lesezeit":"1\u00a0Minute"},"schema":{"@context":"https:\/\/schema.org","@graph":[{"@type":"WebPage","@id":"https:\/\/nt-press.com\/produkt\/muhammad-hasan-yousefi-eshkevari\/","url":"https:\/\/nt-press.com\/produkt\/muhammad-hasan-yousefi-eshkevari\/","name":"Muhammad und seine Statthalter in den Berichten den Anderen | Hasan Yousefi Eshkevari - New Thought PRESS","isPartOf":{"@id":"https:\/\/nt-press.com\/#website"},"primaryImageOfPage":{"@id":"https:\/\/nt-press.com\/produkt\/muhammad-hasan-yousefi-eshkevari\/#primaryimage"},"image":{"@id":"https:\/\/nt-press.com\/produkt\/muhammad-hasan-yousefi-eshkevari\/#primaryimage"},"thumbnailUrl":"https:\/\/nt-press.com\/wp-content\/uploads\/2021\/02\/cover-hadis.png","datePublished":"2022-05-14T18:25:08+00:00","dateModified":"2022-05-14T18:28:13+00:00","breadcrumb":{"@id":"https:\/\/nt-press.com\/produkt\/muhammad-hasan-yousefi-eshkevari\/#breadcrumb"},"inLanguage":"de","potentialAction":[{"@type":"ReadAction","target":["https:\/\/nt-press.com\/produkt\/muhammad-hasan-yousefi-eshkevari\/"]}]},{"@type":"ImageObject","inLanguage":"de","@id":"https:\/\/nt-press.com\/produkt\/muhammad-hasan-yousefi-eshkevari\/#primaryimage","url":"https:\/\/nt-press.com\/wp-content\/uploads\/2021\/02\/cover-hadis.png","contentUrl":"https:\/\/nt-press.com\/wp-content\/uploads\/2021\/02\/cover-hadis.png","width":400,"height":564},{"@type":"BreadcrumbList","@id":"https:\/\/nt-press.com\/produkt\/muhammad-hasan-yousefi-eshkevari\/#breadcrumb","itemListElement":[{"@type":"ListItem","position":1,"name":"Home","item":"https:\/\/nt-press.com\/de\/"},{"@type":"ListItem","position":2,"name":"Shop","item":"https:\/\/nt-press.com\/de\/"},{"@type":"ListItem","position":3,"name":"Muhammad und seine Statthalter in den Berichten den Anderen | Hasan Yousefi Eshkevari"}]},{"@type":"WebSite","@id":"https:\/\/nt-press.com\/#website","url":"https:\/\/nt-press.com\/","name":"New Thought PRESS","description":"","potentialAction":[{"@type":"SearchAction","target":{"@type":"EntryPoint","urlTemplate":"https:\/\/nt-press.com\/?s={search_term_string}"},"query-input":{"@type":"PropertyValueSpecification","valueRequired":true,"valueName":"search_term_string"}}],"inLanguage":"de"}]}},"_links":{"self":[{"href":"https:\/\/nt-press.com\/de\/wp-json\/wp\/v2\/product\/1164","targetHints":{"allow":["GET"]}}],"collection":[{"href":"https:\/\/nt-press.com\/de\/wp-json\/wp\/v2\/product"}],"about":[{"href":"https:\/\/nt-press.com\/de\/wp-json\/wp\/v2\/types\/product"}],"wp:featuredmedia":[{"embeddable":true,"href":"https:\/\/nt-press.com\/de\/wp-json\/wp\/v2\/media\/789"}],"wp:attachment":[{"href":"https:\/\/nt-press.com\/de\/wp-json\/wp\/v2\/media?parent=1164"}],"wp:term":[{"taxonomy":"product_brand","embeddable":true,"href":"https:\/\/nt-press.com\/de\/wp-json\/wp\/v2\/product_brand?post=1164"},{"taxonomy":"product_cat","embeddable":true,"href":"https:\/\/nt-press.com\/de\/wp-json\/wp\/v2\/product_cat?post=1164"},{"taxonomy":"product_tag","embeddable":true,"href":"https:\/\/nt-press.com\/de\/wp-json\/wp\/v2\/product_tag?post=1164"}],"curies":[{"name":"wp","href":"https:\/\/api.w.org\/{rel}","templated":true}]}}