{"id":1103,"date":"2022-04-30T02:25:38","date_gmt":"2022-04-30T02:25:39","guid":{"rendered":"https:\/\/www.nt-press.com\/?post_type=product&#038;p=1103"},"modified":"2022-04-30T04:17:06","modified_gmt":"2022-04-30T04:17:06","slug":"aus-allem-wirbel-aufgestiegen-ward-kein-reiter-abgestiegen-hasan-yousefi-eshkevari-kopie","status":"publish","type":"product","link":"https:\/\/nt-press.com\/de\/produkt\/aus-allem-wirbel-aufgestiegen-ward-kein-reiter-abgestiegen-hasan-yousefi-eshkevari-kopie\/","title":{"rendered":"Aus allem Wirbel aufgestiegen ward kein Reiter abgestiegen (eBook) | Hasan Yousefi Eshkevari"},"content":{"rendered":"<table style=\"font-size: 14.4px;\">\n<tbody>\n<tr>\n<th style=\"text-align: left;\"><span style=\"color: #800000;\">Titel<\/span><\/th>\n<th style=\"text-align: left;\">Aus allem Wirbel aufgestiegen ward kein Reiter abgestiegen<\/th>\n<\/tr>\n<tr>\n<td style=\"text-align: left;\"><span style=\"color: #800000;\">Verfasser<\/span><\/td>\n<td>Hasan Yousefi Eshkevari<\/td>\n<\/tr>\n<tr>\n<td style=\"text-align: left;\"><span style=\"color: #800000;\">Auflage<\/span><\/td>\n<td>1. (eBook)<\/td>\n<\/tr>\n<tr>\n<td style=\"text-align: left;\"><span style=\"color: #800000;\">Seiten<\/span><\/td>\n<td>500<\/td>\n<\/tr>\n<tr>\n<td style=\"text-align: left;\"><span style=\"color: #800000;\">Format<\/span><\/td>\n<td>17 x 24 cm<\/td>\n<\/tr>\n<tr>\n<td style=\"text-align: left;\"><span style=\"color: #800000;\">Sprache<\/span><\/td>\n<td>Persisch (Farsi)<\/td>\n<\/tr>\n<tr>\n<td style=\"text-align: left;\"><span style=\"color: #800000;\">Erscheinungsjahr<\/span><\/td>\n<td>2020<\/td>\n<\/tr>\n<tr>\n<td style=\"text-align: left;\"><span style=\"color: #800000;\">ISBN<\/span><\/td>\n<td>978-3-948894-19-1<\/td>\n<\/tr>\n<tr>\n<td style=\"text-align: left;\"><span style=\"color: #800000;\">Verlag<\/span><\/td>\n<td>New Thought PRESS<\/td>\n<\/tr>\n<\/tbody>\n<\/table>\n<p>Zusammenfassung<\/p>\n<p>Die Memoiren von Hassan Youse\ufb01 Eshkevari (*1949), f\u00fchrt durch die Erinnerungen aus seiner fr\u00fchen Jugend im Iran bis hin zur iranischen Revolution 1979. Das Buch gliedert sich in zwei Hauptteile, \u00dcberlegungen zur Kultur und Politische Memoiren.<br \/>\nIm ersten und l\u00e4ngeren Teil des Buchs beschreibt der Autor seine Geburtsst\u00e4tte (das kleine Dorf Jowrdeh im oberen Eshkevar nahe der Stadt Roodsar in der Gilan- Provinz Irans), seine Familie, Kindheitserinnerungen vom Dorf, Schultage, das theologische Seminar Roodsars und schlie\u00dflich den Umzug nach Qom 1965. Selbiger Teil begleitet weiterhin die ersten Schritte des Autors in die Welt der B\u00fccher und Schriftwerke, Lyrik wie Fiktion, erz\u00e4hlt von seinen ersten Begegnungen mit klerikalen und s\u00e4kularen Schriftstellern und Rednern Mitte der 60er und 70er und blickt zur\u00fcck auf die eigene schriftstellerische Arbeit einschlie\u00dflich eigens publizierter Werke.<br \/>\nDer zweite Teil umfasst die Begegnungen des Autors mit den damaligen politischen Ideen sowie den Aktivisten und Revolution\u00e4ren, die f\u00fcr jene Ideen einstanden, jeder von ihnen einen st\u00e4rkeren Eindruck auf das Gedankengut des Autors hinterlassend.<br \/>\nSeine zweifache Festnahme durch den Geheimdienst des Shah-Regimes (SAVAK) mithilfe freigegebener Dokumente des SAVAK bez\u00fcglich beider Inhaftierungen vervollst\u00e4ndigen ein lebhaftes Bild seines politischen Erwachens in den Jahren vor der Revolution, welche das Ende einer 3000 Jahre alten dynastischen Herrschaft Irans zur Folge hatte.<br \/>\nEshkevaris politisches Leben, \ufb02orierend vor allem in seiner Studienzeit am kleinen, theologischen Seminar in Roodsar und sp\u00e4ter in Teheran, Gilan, und mehreren anderen Orten des Landes, erwachte schlie\u00dflich in der Zeit seiner Inhaftierung durch das bedr\u00e4ngte Shah-Regime.<br \/>\nDer zweite Teil schlie\u00dft mit dem Autorenbericht aus erster Hand dar\u00fcber wie es im letzten Jahr des Shah auf seinem Pfauenthron um den Iran geschah. Teil dieses Berichts sind die folgenreichen Berichterstattungen von Unruhen w\u00e4hrend der letzten Monate des Regimes in St\u00e4dten wie Ramsar, Roodsar, Shahsavar (sp\u00e4ter umbenannt auf Tonekabon) und Bandar-e Pahlavi (heute Bandar-e Anzali).<br \/>\nDas Buch schlie\u00dft mit einem Anhang aus Eshkevari&#8217;s pers\u00f6nlichem Tagebuch zwischen 1972-73, einer Photosammlung seines damaligen Lebens und schlussendlich einiger freigegebener SAVAK-Dokumente.<\/p>\n ","protected":false},"excerpt":{"rendered":"<p>Titel Aus allem Wirbel aufgestiegen ward kein Reiter abgestiegen Verfasser Hasan Yousefi Eshkevari Auflage 1. (eBook) Seiten 500 Format 17 x 24 cm Sprache Persisch (Farsi) Erscheinungsjahr 2020 ISBN 978-3-948894-19-1 Verlag New Thought PRESS Zusammenfassung Die Memoiren von Hassan Youse\ufb01 Eshkevari (*1949), f\u00fchrt durch die Erinnerungen aus seiner fr\u00fchen Jugend im Iran bis hin zur [&#8230;]\n","protected":false},"featured_media":1107,"template":"","meta":[],"product_brand":[],"product_cat":[170,130],"product_tag":[],"class_list":{"0":"post-1103","1":"product","2":"type-product","3":"status-publish","4":"has-post-thumbnail","6":"product_cat-ebook-2-de","7":"product_cat-biographie","9":"first","10":"instock","11":"downloadable","12":"virtual","13":"taxable","14":"purchasable","15":"product-type-simple"},"yoast_head":"<!-- This site is optimized with the Yoast SEO plugin v25.2 - https:\/\/yoast.com\/wordpress\/plugins\/seo\/ -->\n<title>Aus allem Wirbel aufgestiegen ward kein Reiter abgestiegen (eBook) | Hasan Yousefi Eshkevari - New Thought PRESS<\/title>\n<meta name=\"robots\" content=\"index, follow, max-snippet:-1, max-image-preview:large, max-video-preview:-1\" \/>\n<link rel=\"canonical\" href=\"https:\/\/nt-press.com\/produkt\/no-horseman-emerged-from-the-dust-ebook-hasan-yousefi-eshkevari\/\" \/>\n<meta property=\"og:locale\" content=\"de_DE\" \/>\n<meta property=\"og:type\" content=\"article\" \/>\n<meta property=\"og:title\" content=\"Aus allem Wirbel aufgestiegen ward kein Reiter abgestiegen (eBook) | Hasan Yousefi Eshkevari - New Thought PRESS\" \/>\n<meta property=\"og:description\" content=\"Titel Aus allem Wirbel aufgestiegen ward kein Reiter abgestiegen Verfasser Hasan Yousefi Eshkevari Auflage 1. (eBook) Seiten 500 Format 17 x 24 cm Sprache Persisch (Farsi) Erscheinungsjahr 2020 ISBN 978-3-948894-19-1 Verlag New Thought PRESS Zusammenfassung Die Memoiren von Hassan Youse\ufb01 Eshkevari (*1949), f\u00fchrt durch die Erinnerungen aus seiner fr\u00fchen Jugend im Iran bis hin zur [...]\" \/>\n<meta property=\"og:url\" content=\"https:\/\/nt-press.com\/produkt\/no-horseman-emerged-from-the-dust-ebook-hasan-yousefi-eshkevari\/\" \/>\n<meta property=\"og:site_name\" content=\"New Thought PRESS\" \/>\n<meta property=\"article:modified_time\" content=\"2022-04-30T04:17:06+00:00\" \/>\n<meta property=\"og:image\" content=\"https:\/\/nt-press.com\/wp-content\/uploads\/2022\/04\/cover-gard-ebook.png\" \/>\n\t<meta property=\"og:image:width\" content=\"396\" \/>\n\t<meta property=\"og:image:height\" content=\"560\" \/>\n\t<meta property=\"og:image:type\" content=\"image\/png\" \/>\n<meta name=\"twitter:card\" content=\"summary_large_image\" \/>\n<meta name=\"twitter:label1\" content=\"Gesch\u00e4tzte Lesezeit\" \/>\n\t<meta name=\"twitter:data1\" content=\"2\u00a0Minuten\" \/>\n<script type=\"application\/ld+json\" class=\"yoast-schema-graph\">{\"@context\":\"https:\/\/schema.org\",\"@graph\":[{\"@type\":\"WebPage\",\"@id\":\"https:\/\/nt-press.com\/produkt\/no-horseman-emerged-from-the-dust-ebook-hasan-yousefi-eshkevari\/\",\"url\":\"https:\/\/nt-press.com\/produkt\/no-horseman-emerged-from-the-dust-ebook-hasan-yousefi-eshkevari\/\",\"name\":\"Aus allem Wirbel aufgestiegen ward kein Reiter abgestiegen (eBook) | Hasan Yousefi Eshkevari - New Thought PRESS\",\"isPartOf\":{\"@id\":\"https:\/\/nt-press.com\/#website\"},\"primaryImageOfPage\":{\"@id\":\"https:\/\/nt-press.com\/produkt\/no-horseman-emerged-from-the-dust-ebook-hasan-yousefi-eshkevari\/#primaryimage\"},\"image\":{\"@id\":\"https:\/\/nt-press.com\/produkt\/no-horseman-emerged-from-the-dust-ebook-hasan-yousefi-eshkevari\/#primaryimage\"},\"thumbnailUrl\":\"https:\/\/nt-press.com\/wp-content\/uploads\/2022\/04\/cover-gard-ebook.png\",\"datePublished\":\"2022-04-30T02:25:39+00:00\",\"dateModified\":\"2022-04-30T04:17:06+00:00\",\"breadcrumb\":{\"@id\":\"https:\/\/nt-press.com\/produkt\/no-horseman-emerged-from-the-dust-ebook-hasan-yousefi-eshkevari\/#breadcrumb\"},\"inLanguage\":\"de\",\"potentialAction\":[{\"@type\":\"ReadAction\",\"target\":[\"https:\/\/nt-press.com\/produkt\/no-horseman-emerged-from-the-dust-ebook-hasan-yousefi-eshkevari\/\"]}]},{\"@type\":\"ImageObject\",\"inLanguage\":\"de\",\"@id\":\"https:\/\/nt-press.com\/produkt\/no-horseman-emerged-from-the-dust-ebook-hasan-yousefi-eshkevari\/#primaryimage\",\"url\":\"https:\/\/nt-press.com\/wp-content\/uploads\/2022\/04\/cover-gard-ebook.png\",\"contentUrl\":\"https:\/\/nt-press.com\/wp-content\/uploads\/2022\/04\/cover-gard-ebook.png\",\"width\":396,\"height\":560},{\"@type\":\"BreadcrumbList\",\"@id\":\"https:\/\/nt-press.com\/produkt\/no-horseman-emerged-from-the-dust-ebook-hasan-yousefi-eshkevari\/#breadcrumb\",\"itemListElement\":[{\"@type\":\"ListItem\",\"position\":1,\"name\":\"Home\",\"item\":\"https:\/\/nt-press.com\/de\/\"},{\"@type\":\"ListItem\",\"position\":2,\"name\":\"Shop\",\"item\":\"https:\/\/nt-press.com\/de\/\"},{\"@type\":\"ListItem\",\"position\":3,\"name\":\"Aus allem Wirbel aufgestiegen ward kein Reiter abgestiegen (eBook) | Hasan Yousefi Eshkevari\"}]},{\"@type\":\"WebSite\",\"@id\":\"https:\/\/nt-press.com\/#website\",\"url\":\"https:\/\/nt-press.com\/\",\"name\":\"New Thought PRESS\",\"description\":\"\",\"potentialAction\":[{\"@type\":\"SearchAction\",\"target\":{\"@type\":\"EntryPoint\",\"urlTemplate\":\"https:\/\/nt-press.com\/?s={search_term_string}\"},\"query-input\":{\"@type\":\"PropertyValueSpecification\",\"valueRequired\":true,\"valueName\":\"search_term_string\"}}],\"inLanguage\":\"de\"}]}<\/script>\n<!-- \/ Yoast SEO plugin. -->","yoast_head_json":{"title":"Aus allem Wirbel aufgestiegen ward kein Reiter abgestiegen (eBook) | Hasan Yousefi Eshkevari - New Thought PRESS","robots":{"index":"index","follow":"follow","max-snippet":"max-snippet:-1","max-image-preview":"max-image-preview:large","max-video-preview":"max-video-preview:-1"},"canonical":"https:\/\/nt-press.com\/produkt\/no-horseman-emerged-from-the-dust-ebook-hasan-yousefi-eshkevari\/","og_locale":"de_DE","og_type":"article","og_title":"Aus allem Wirbel aufgestiegen ward kein Reiter abgestiegen (eBook) | Hasan Yousefi Eshkevari - New Thought PRESS","og_description":"Titel Aus allem Wirbel aufgestiegen ward kein Reiter abgestiegen Verfasser Hasan Yousefi Eshkevari Auflage 1. (eBook) Seiten 500 Format 17 x 24 cm Sprache Persisch (Farsi) Erscheinungsjahr 2020 ISBN 978-3-948894-19-1 Verlag New Thought PRESS Zusammenfassung Die Memoiren von Hassan Youse\ufb01 Eshkevari (*1949), f\u00fchrt durch die Erinnerungen aus seiner fr\u00fchen Jugend im Iran bis hin zur [...]","og_url":"https:\/\/nt-press.com\/produkt\/no-horseman-emerged-from-the-dust-ebook-hasan-yousefi-eshkevari\/","og_site_name":"New Thought PRESS","article_modified_time":"2022-04-30T04:17:06+00:00","og_image":[{"width":396,"height":560,"url":"https:\/\/nt-press.com\/wp-content\/uploads\/2022\/04\/cover-gard-ebook.png","type":"image\/png"}],"twitter_card":"summary_large_image","twitter_misc":{"Gesch\u00e4tzte Lesezeit":"2\u00a0Minuten"},"schema":{"@context":"https:\/\/schema.org","@graph":[{"@type":"WebPage","@id":"https:\/\/nt-press.com\/produkt\/no-horseman-emerged-from-the-dust-ebook-hasan-yousefi-eshkevari\/","url":"https:\/\/nt-press.com\/produkt\/no-horseman-emerged-from-the-dust-ebook-hasan-yousefi-eshkevari\/","name":"Aus allem Wirbel aufgestiegen ward kein Reiter abgestiegen (eBook) | Hasan Yousefi Eshkevari - New Thought PRESS","isPartOf":{"@id":"https:\/\/nt-press.com\/#website"},"primaryImageOfPage":{"@id":"https:\/\/nt-press.com\/produkt\/no-horseman-emerged-from-the-dust-ebook-hasan-yousefi-eshkevari\/#primaryimage"},"image":{"@id":"https:\/\/nt-press.com\/produkt\/no-horseman-emerged-from-the-dust-ebook-hasan-yousefi-eshkevari\/#primaryimage"},"thumbnailUrl":"https:\/\/nt-press.com\/wp-content\/uploads\/2022\/04\/cover-gard-ebook.png","datePublished":"2022-04-30T02:25:39+00:00","dateModified":"2022-04-30T04:17:06+00:00","breadcrumb":{"@id":"https:\/\/nt-press.com\/produkt\/no-horseman-emerged-from-the-dust-ebook-hasan-yousefi-eshkevari\/#breadcrumb"},"inLanguage":"de","potentialAction":[{"@type":"ReadAction","target":["https:\/\/nt-press.com\/produkt\/no-horseman-emerged-from-the-dust-ebook-hasan-yousefi-eshkevari\/"]}]},{"@type":"ImageObject","inLanguage":"de","@id":"https:\/\/nt-press.com\/produkt\/no-horseman-emerged-from-the-dust-ebook-hasan-yousefi-eshkevari\/#primaryimage","url":"https:\/\/nt-press.com\/wp-content\/uploads\/2022\/04\/cover-gard-ebook.png","contentUrl":"https:\/\/nt-press.com\/wp-content\/uploads\/2022\/04\/cover-gard-ebook.png","width":396,"height":560},{"@type":"BreadcrumbList","@id":"https:\/\/nt-press.com\/produkt\/no-horseman-emerged-from-the-dust-ebook-hasan-yousefi-eshkevari\/#breadcrumb","itemListElement":[{"@type":"ListItem","position":1,"name":"Home","item":"https:\/\/nt-press.com\/de\/"},{"@type":"ListItem","position":2,"name":"Shop","item":"https:\/\/nt-press.com\/de\/"},{"@type":"ListItem","position":3,"name":"Aus allem Wirbel aufgestiegen ward kein Reiter abgestiegen (eBook) | Hasan Yousefi Eshkevari"}]},{"@type":"WebSite","@id":"https:\/\/nt-press.com\/#website","url":"https:\/\/nt-press.com\/","name":"New Thought PRESS","description":"","potentialAction":[{"@type":"SearchAction","target":{"@type":"EntryPoint","urlTemplate":"https:\/\/nt-press.com\/?s={search_term_string}"},"query-input":{"@type":"PropertyValueSpecification","valueRequired":true,"valueName":"search_term_string"}}],"inLanguage":"de"}]}},"_links":{"self":[{"href":"https:\/\/nt-press.com\/de\/wp-json\/wp\/v2\/product\/1103","targetHints":{"allow":["GET"]}}],"collection":[{"href":"https:\/\/nt-press.com\/de\/wp-json\/wp\/v2\/product"}],"about":[{"href":"https:\/\/nt-press.com\/de\/wp-json\/wp\/v2\/types\/product"}],"wp:featuredmedia":[{"embeddable":true,"href":"https:\/\/nt-press.com\/de\/wp-json\/wp\/v2\/media\/1107"}],"wp:attachment":[{"href":"https:\/\/nt-press.com\/de\/wp-json\/wp\/v2\/media?parent=1103"}],"wp:term":[{"taxonomy":"product_brand","embeddable":true,"href":"https:\/\/nt-press.com\/de\/wp-json\/wp\/v2\/product_brand?post=1103"},{"taxonomy":"product_cat","embeddable":true,"href":"https:\/\/nt-press.com\/de\/wp-json\/wp\/v2\/product_cat?post=1103"},{"taxonomy":"product_tag","embeddable":true,"href":"https:\/\/nt-press.com\/de\/wp-json\/wp\/v2\/product_tag?post=1103"}],"curies":[{"name":"wp","href":"https:\/\/api.w.org\/{rel}","templated":true}]}}